{"id":280,"date":"2022-09-06T09:48:18","date_gmt":"2022-09-06T06:48:18","guid":{"rendered":"https:\/\/www.prodictum.pro\/?page_id=280"},"modified":"2026-03-30T10:00:35","modified_gmt":"2026-03-30T10:00:35","slug":"maksu-ja-toimitusehdot","status":"publish","type":"page","link":"https:\/\/jalkistuotteet.com\/en\/maksu-ja-toimitusehdot\/","title":{"rendered":"Payment and delivery conditions"},"content":{"rendered":"<p>[et_pb_section fb_built=&#8221;1&#8243; _builder_version=&#8221;4.17.6&#8243; _module_preset=&#8221;default&#8221; global_colors_info=&#8221;{}&#8221;][et_pb_row _builder_version=&#8221;4.17.6&#8243; _module_preset=&#8221;default&#8221; global_colors_info=&#8221;{}&#8221;][et_pb_column type=&#8221;4_4&#8243; _builder_version=&#8221;4.17.6&#8243; _module_preset=&#8221;default&#8221; global_colors_info=&#8221;{}&#8221;][et_pb_text _builder_version=&#8221;4.27.6&#8243; _module_preset=&#8221;default&#8221; hover_enabled=&#8221;0&#8243; global_colors_info=&#8221;{}&#8221; sticky_enabled=&#8221;0&#8243;]<\/p>\n<h1 style=\"text-align: left;\">Payment and delivery conditions<\/h1>\n<p style=\"text-align: left;\">Updated 26.6.2023<br \/>The customer agrees to the terms and conditions of delivery in force for each order.<\/p>\n<p>Jalkis Oy 3289480-3 (hereinafter referred to as the online store) sells products to individuals and companies in Finland. We reserve the right to change delivery conditions and prices.<\/p>\n<p>The prices of the products include VAT.<\/p>\n<p>Contact details for the online shop<br \/>Email: info@jalkistuotteet.com<br \/>Telephone: +358 41 319 7402<br \/>Postiosoite: Kuusikankaantie 1, 77570 J\u00e4ppil\u00e4.<\/p>\n<h3>Ordering<\/h3>\n<p>De best\u00e4llda produkterna v\u00e4ljs p\u00e5 webbplatsen genom att l\u00e4gga till dem i kundvagnen. Best\u00e4llningen skickas genom att du betalar inneh\u00e5llet i din kundvagn i n\u00e4tbutikens kassafunktion.<\/p>\n<p>By placing an order, you accept these terms and conditions, the prices of the products and the delivery charges. If an email address is provided at the time of ordering, an order confirmation will be sent by email. The order confirmation will show the products ordered and the price.<\/p>\n<h3>Payment<\/h3>\n<p>The e-commerce payment provider is Visma Pay (Visma Payments Oy, business ID 2486559-4), which is registered in the register of payment institutions maintained by the Financial Supervisory Authority.<\/p>\n<p>Payment is made via the Visma Pay online service and the statement and invoice will show Visma Pay or Visma Payments Oy as the beneficiary of the payment. Visma Pay forwards payments to the online merchant.<\/p>\n<p>Payment is secure as all transaction information is transmitted over an encrypted connection so that no third party can see the transaction details.<\/p>\n<p>A transaction is created between an e-commerce customer and an online shop. The online shop is responsible for all obligations related to the transaction.<\/p>\n<p>Read more about Visma Pay: <a href=\"https:\/\/www.visma.fi\/vismapay\/\">https:\/\/www.visma.fi\/vismapay\/ <\/a><\/p>\n<h3>Payment methods<\/h3>\n<p>Through Visma Pay, you can pay with your online banking ID, wallet, payment cards (credit\/debit), invoice or instalment.<\/p>\n<p>The following payment methods are available: Osuuspankki, Nordea, Danske Bank, Oma S\u00e4\u00e4st\u00f6pankki, S\u00e4\u00e4st\u00f6pankki, Aktia, Local cooperative banks, S-Pankki, Handelsbanken, \u00c5landsbanken, MobilePay, Masterpass, Pivo, Visa, Visa Debit, Visa Electron, MasterCard and Debit MasterCard cards, as well as Flexo, Alisa Invoice and Alisa Business Invoice.<\/p>\n<p>MobilePay: you can pay with your MobilePay wallet if you have enabled online payments in the app settings. Payments made with a MobilePay wallet will be charged to the payment card linked to the wallet. If the debit from the payment card fails, it is not possible to pay with a MobilePay wallet in the online shop.<\/p>\n<p>Pivo: Terms of use are available on the Pivo website: <a href=\"https:\/\/pivo.fi\/kayttoehdot\/pivon-kayttoehdot\/\">https:\/\/pivo.fi\/kayttoehdot\/pivon-kayttoehdot\/ <\/a><\/p>\n<p>Flexible bill and instalment is a domestic service that lets you make your purchases quickly and securely. The flexibility is intended for individuals who have managed their finances properly. Flexibility gives you 30 days interest-free and free of charge. Once you receive the invoice, you can decide whether to pay it in full or in instalments. With instalments, you can pay for your purchases in up to 36 instalments, starting from \u20ac9.90\/month. The cost of the Flexibility instalment plan is 3.90 EUR\/month and the interest rate is 19.90%. You can use Jousto to pay for purchases between \u20ac30 and \u20ac3000. The lender is Aurajoki Nordic Oy.<\/p>\n<p>Read more about Flexibility at <a href=\"http:\/\/www.jousto.com.\">www.jousto.com. <\/a><\/p>\n<p>OP Invoice - A flexible way to pay for online purchases. For customers of all banks. With OP Invoice you can make purchases up to EUR\u20605,000 and pay them off interest-free within 45 days. If you wish, you can split the invoice into several instalments. Your purchases are displayed in one place, so you can easily keep track of how your money is spent. With a credit limit, you can keep your consumption within the limits you want. You will receive your invoices conveniently by email. On our online service, you can see information about your OP Invoice usage and the amount of purchases you have made. You can use OP Invoice if you are over 20 years of age and able to pay, and you have the domain names of a Finnish bank.<\/p>\n<p>For more information on the OP Invoice, please visit: <a href=\"https:\/\/www.op.fi\/henkiloasiakkaat\/paivittaiset\/maksaminen\/op-lasku\">https:\/\/www.op.fi\/henkiloasiakkaat\/paivittaiset\/maksaminen\/op-lasku <\/a><\/p>\n<p>Alisa Invoice is a flexible and secure payment method. The payment method is suitable for all consumers over the age of 20 for all types of purchases. If you wish, you can split the bill into smaller parts and pay back in up to 60 instalments.<\/p>\n<p>Lis\u00e4tietoja Alisa Laskuun liittyen l\u00f6yd\u00e4t osoitteesta: <a href=\"https:\/\/www.alisapankki.fi\/%20Alisa\" target=\"_blank\" rel=\"noopener\">https:\/\/www.alisapankki.fi\/ Alisa<\/a><\/p>\n<p>A business invoice is a flexible and secure payment method for businesses. The payment method is suitable for all Finnish companies, regardless of their legal form. The buyer's right to purchase is fully digitally verified and the purchase transaction takes just a few minutes. The company can choose the appropriate payment period from three options: 14 days, 30 days or 60 days.<\/p>\n<p>For more information on the Alisa Business Invoice, please visit: <a href=\"https:\/\/www.alisapankki.fi\/\">https:\/\/www.alisapankki.fi\/ <\/a><\/p>\n<p>Visma Pay contact details<br \/>Visma Payments Oy (business ID 2486559-4)<br \/>Email: <a href=\"mailto:helpdesk@vismapay.com\">helpdesk@vismapay.com <\/a><br \/>Phone: 09 315 42 037 (weekdays 9-16)<br \/>Postal address: Brahenkatu 4, 53100 Lappeenranta<\/p>\n<pre><\/pre>\n<h3 style=\"text-align: left;\">Order confirmation<\/h3>\n<p style=\"text-align: left;\">Orders will be confirmed by email, indicating<br \/>\u2022 order number<br \/>\u2022 products ordered<br \/>\u2022 order total<br \/>\u2022 delivery costs<br \/>To receive an order confirmation, you must provide an email address when placing your order.<br \/>With each order, you agree to be bound by the terms and conditions of delivery in force.<\/p>\n<h3 style=\"text-align: left;\">Delivery time<\/h3>\n<p style=\"text-align: left;\">L\u00e4het\u00e4mme varastossa olevat tuotteet postitse mahdollisimman pian. K\u00e4sittelyaikamme varastotavaroille on normaalisti 1\u20133 arkip\u00e4iv\u00e4\u00e4 tilauksen vastaanottamisesta.<br \/>Delivery to retailers normally takes 3-7 working days, during the high season delivery time may be extended by a few days.<br \/>We will always inform you about exceptional delivery times on the front page of the online shop.<br \/>If any of the items in your order are out of stock, we will contact you.<\/p>\n<h3 style=\"text-align: left;\">Delivery costs and delivery method<\/h3>\n<p style=\"text-align: left;\">Delivery costs include postage and packaging costs to Finland and are automatically added to the total amount of the order.<\/p>\n<p>The parcel will be collected from the post office or post office parcel machine of your choice. Orders can usually be picked up within 1-2 working days after 16:00.<\/p>\n<p>Delivery charges for retailers are automatically calculated according to the products ordered.<\/p>\n<p>Postal address: the arrival notification is sent by SMS and usually also to the email address indicated in the dispatch. In addition to the date of arrival, the item will be kept at the post office for 7 days.<\/p>\n<p>Parcel machine: the arrival notification and the parcel machine code will be sent by SMS. The parcel will be kept in the machine for 7 days after its arrival.<\/p>\n<h3 style=\"text-align: left;\">Right to return the product<\/h3>\n<p style=\"text-align: left;\">The customer has a 14-day right of exchange and return under the Finnish Consumer Protection Act. Returns are free of charge in Finland. For international orders, we charge a delivery fee for returns.<br \/>The right of return applies only to unused and saleable products in their original packaging.<br \/>If you wish to return a product, please always contact us first either by emailinfo@jalkistuotteet.com or by phone +358 41 319 7402<br \/>Once the products to be returned have been accepted, the purchase amount will be refunded to your account, usually via the payment method provider used.<\/p>\n<h3 style=\"text-align: left;\">Problems with transport and defective products<\/h3>\n<p style=\"text-align: left;\">If a product is lost in transit, damaged or the wrong product has been delivered to you, please report the fault immediately to info@jalkistuotteet.com or +358 41 319 7402<br \/>Notification of incorrect delivery or defective products must be made within 7 days of receipt of the product.<\/p>\n<h3 style=\"text-align: left;\">Correction of a product defect<\/h3>\n<p style=\"text-align: left;\">If the delivered product is damaged, please contact us so that we can replace the damaged product.<br \/>Products and product prices<br \/>Tuotteiden hinnat on esitetty tuote-esittelyjen yhteydess\u00e4. Verkkokaupassa n\u00e4kyv\u00e4 hinta on voimassa oleva hinta. Tuotteiden hintaan sis\u00e4ltyy 25,5 % arvonlis\u00e4veroa. Selke\u00e4sti havaittavan hintavirheen osalta pid\u00e4t\u00e4mme oikeuden peri\u00e4 tuotteen oikea hinta.<\/p>\n<h3 style=\"text-align: left;\">Uncollected parcel<\/h3>\n<p style=\"text-align: left;\">Failure to pick up your order is not a refund. The customer is responsible for the delivery and return costs in both directions for uncollected packages. In addition to the delivery costs, the customer will be charged \u20ac15 for the return of the parcel. We will credit any leftover products to the customer's account.<\/p>\n<h3 style=\"text-align: left;\">Consumer rights<\/h3>\n<p style=\"text-align: left;\">For more information on consumer rights in online shopping, visit the website of the Consumer Agency.<br \/>If a dispute over a commercial contract cannot be resolved by negotiation between the parties, the consumer can refer the matter to the Consumer Disputes Board (www.kuluttajariita.fi).<br \/>Before taking the matter to the Consumer Disputes Board, the consumer should contact the Consumer Advisory Service of the Local Register Offices (www.kuluttajaneuvonta.fi).<\/p>\n<p>[\/et_pb_text][\/et_pb_column][\/et_pb_row][\/et_pb_section]<\/p>","protected":false},"excerpt":{"rendered":"<p>Maksu- ja toimitusehdot P\u00e4ivitetty 26.6.2023Asiakas sitoutuu jokaisen tilauksen yhteydess\u00e4 voimassa oleviin toimitusehtoihin. Jalkis Oy 3289480-3 (j\u00e4ljemp\u00e4n\u00e4 verkkokauppa) myy tuotteita yksityishenkil\u00f6ille ja yrityksille Suomeen. Pid\u00e4t\u00e4mme oikeuden toimitusehtojen ja hintojen muutoksiin. Tuotteiden hinnat sis\u00e4lt\u00e4v\u00e4t arvonlis\u00e4veron. Verkkokaupan yhteystiedotS\u00e4hk\u00f6posti: info@jalkistuotteet.comPuhelin: +358 41 319 7402Postiosoite: Kuusikankaantie 1, 77570 J\u00e4ppil\u00e4. Tilaaminen Tilattavat tuotteet valitaan verkkosivuilla lis\u00e4\u00e4m\u00e4ll\u00e4 ne ostoskoriin. Tilaus l\u00e4hetet\u00e4\u00e4n maksamalla [&hellip;]<\/p>","protected":false},"author":1,"featured_media":0,"parent":0,"menu_order":0,"comment_status":"closed","ping_status":"closed","template":"","meta":{"_acf_changed":false,"_et_pb_use_builder":"on","_et_pb_old_content":"","_et_gb_content_width":"","footnotes":""},"class_list":["post-280","page","type-page","status-publish","hentry"],"acf":[],"yoast_head":"<!-- This site is optimized with the Yoast SEO plugin v27.4 - https:\/\/yoast.com\/product\/yoast-seo-wordpress\/ -->\n<title>Maksu- ja toimitusehdot &#8212; Jalkis verkkokauppa<\/title>\n<meta name=\"robots\" content=\"index, follow, max-snippet:-1, max-image-preview:large, max-video-preview:-1\" \/>\n<link rel=\"canonical\" href=\"https:\/\/jalkistuotteet.com\/en\/maksu-ja-toimitusehdot\/\" \/>\n<meta property=\"og:locale\" content=\"en_GB\" \/>\n<meta property=\"og:type\" content=\"article\" \/>\n<meta property=\"og:title\" content=\"Maksu- ja toimitusehdot &#8212; Jalkis verkkokauppa\" \/>\n<meta property=\"og:description\" content=\"Maksu- ja toimitusehdot P\u00e4ivitetty 26.6.2023Asiakas sitoutuu jokaisen tilauksen yhteydess\u00e4 voimassa oleviin toimitusehtoihin. Jalkis Oy 3289480-3 (j\u00e4ljemp\u00e4n\u00e4 verkkokauppa) myy tuotteita yksityishenkil\u00f6ille ja yrityksille Suomeen. Pid\u00e4t\u00e4mme oikeuden toimitusehtojen ja hintojen muutoksiin. Tuotteiden hinnat sis\u00e4lt\u00e4v\u00e4t arvonlis\u00e4veron. Verkkokaupan yhteystiedotS\u00e4hk\u00f6posti: info@jalkistuotteet.comPuhelin: +358 41 319 7402Postiosoite: Kuusikankaantie 1, 77570 J\u00e4ppil\u00e4. Tilaaminen Tilattavat tuotteet valitaan verkkosivuilla lis\u00e4\u00e4m\u00e4ll\u00e4 ne ostoskoriin. Tilaus l\u00e4hetet\u00e4\u00e4n maksamalla [&hellip;]\" \/>\n<meta property=\"og:url\" content=\"https:\/\/jalkistuotteet.com\/en\/maksu-ja-toimitusehdot\/\" \/>\n<meta property=\"og:site_name\" content=\"Jalkis verkkokauppa\" \/>\n<meta property=\"article:publisher\" content=\"https:\/\/www.facebook.com\/jalkistuotteet\" \/>\n<meta property=\"article:modified_time\" content=\"2026-03-30T10:00:35+00:00\" \/>\n<meta property=\"og:image\" content=\"https:\/\/jalkistuotteet.com\/wp-content\/uploads\/2023\/06\/jalkis-webshop-front-2.jpg\" \/>\n\t<meta property=\"og:image:width\" content=\"1920\" \/>\n\t<meta property=\"og:image:height\" content=\"1280\" \/>\n\t<meta property=\"og:image:type\" content=\"image\/jpeg\" \/>\n<meta name=\"twitter:card\" content=\"summary_large_image\" \/>\n<meta name=\"twitter:label1\" content=\"Estimated reading time\" \/>\n\t<meta name=\"twitter:data1\" content=\"6 minutes\" \/>\n<script type=\"application\/ld+json\" class=\"yoast-schema-graph\">{\"@context\":\"https:\\\/\\\/schema.org\",\"@graph\":[{\"@type\":\"WebPage\",\"@id\":\"https:\\\/\\\/jalkistuotteet.com\\\/maksu-ja-toimitusehdot\\\/\",\"url\":\"https:\\\/\\\/jalkistuotteet.com\\\/maksu-ja-toimitusehdot\\\/\",\"name\":\"Maksu- ja toimitusehdot &#8212; Jalkis verkkokauppa\",\"isPartOf\":{\"@id\":\"https:\\\/\\\/jalkistuotteet.com\\\/#website\"},\"datePublished\":\"2022-09-06T06:48:18+00:00\",\"dateModified\":\"2026-03-30T10:00:35+00:00\",\"breadcrumb\":{\"@id\":\"https:\\\/\\\/jalkistuotteet.com\\\/maksu-ja-toimitusehdot\\\/#breadcrumb\"},\"inLanguage\":\"en-GB\",\"potentialAction\":[{\"@type\":\"ReadAction\",\"target\":[\"https:\\\/\\\/jalkistuotteet.com\\\/maksu-ja-toimitusehdot\\\/\"]}]},{\"@type\":\"BreadcrumbList\",\"@id\":\"https:\\\/\\\/jalkistuotteet.com\\\/maksu-ja-toimitusehdot\\\/#breadcrumb\",\"itemListElement\":[{\"@type\":\"ListItem\",\"position\":1,\"name\":\"Etusivu\",\"item\":\"https:\\\/\\\/jalkistuotteet.com\\\/\"},{\"@type\":\"ListItem\",\"position\":2,\"name\":\"Maksu- ja toimitusehdot\"}]},{\"@type\":\"WebSite\",\"@id\":\"https:\\\/\\\/jalkistuotteet.com\\\/#website\",\"url\":\"https:\\\/\\\/jalkistuotteet.com\\\/\",\"name\":\"Jalkis verkkokauppa\",\"description\":\"\",\"publisher\":{\"@id\":\"https:\\\/\\\/jalkistuotteet.com\\\/#organization\"},\"potentialAction\":[{\"@type\":\"SearchAction\",\"target\":{\"@type\":\"EntryPoint\",\"urlTemplate\":\"https:\\\/\\\/jalkistuotteet.com\\\/?s={search_term_string}\"},\"query-input\":{\"@type\":\"PropertyValueSpecification\",\"valueRequired\":true,\"valueName\":\"search_term_string\"}}],\"inLanguage\":\"en-GB\"},{\"@type\":\"Organization\",\"@id\":\"https:\\\/\\\/jalkistuotteet.com\\\/#organization\",\"name\":\"Jalkis Oy\",\"url\":\"https:\\\/\\\/jalkistuotteet.com\\\/\",\"logo\":{\"@type\":\"ImageObject\",\"inLanguage\":\"en-GB\",\"@id\":\"https:\\\/\\\/jalkistuotteet.com\\\/#\\\/schema\\\/logo\\\/image\\\/\",\"url\":\"https:\\\/\\\/jalkistuotteet.com\\\/wp-content\\\/uploads\\\/2023\\\/09\\\/jalkis-tunnuskuvake.png\",\"contentUrl\":\"https:\\\/\\\/jalkistuotteet.com\\\/wp-content\\\/uploads\\\/2023\\\/09\\\/jalkis-tunnuskuvake.png\",\"width\":512,\"height\":512,\"caption\":\"Jalkis Oy\"},\"image\":{\"@id\":\"https:\\\/\\\/jalkistuotteet.com\\\/#\\\/schema\\\/logo\\\/image\\\/\"},\"sameAs\":[\"https:\\\/\\\/www.facebook.com\\\/jalkistuotteet\"]}]}<\/script>\n<!-- \/ Yoast SEO plugin. -->","yoast_head_json":{"title":"Maksu- ja toimitusehdot &#8212; Jalkis verkkokauppa","robots":{"index":"index","follow":"follow","max-snippet":"max-snippet:-1","max-image-preview":"max-image-preview:large","max-video-preview":"max-video-preview:-1"},"canonical":"https:\/\/jalkistuotteet.com\/en\/maksu-ja-toimitusehdot\/","og_locale":"en_GB","og_type":"article","og_title":"Maksu- ja toimitusehdot &#8212; Jalkis verkkokauppa","og_description":"Maksu- ja toimitusehdot P\u00e4ivitetty 26.6.2023Asiakas sitoutuu jokaisen tilauksen yhteydess\u00e4 voimassa oleviin toimitusehtoihin. Jalkis Oy 3289480-3 (j\u00e4ljemp\u00e4n\u00e4 verkkokauppa) myy tuotteita yksityishenkil\u00f6ille ja yrityksille Suomeen. Pid\u00e4t\u00e4mme oikeuden toimitusehtojen ja hintojen muutoksiin. Tuotteiden hinnat sis\u00e4lt\u00e4v\u00e4t arvonlis\u00e4veron. Verkkokaupan yhteystiedotS\u00e4hk\u00f6posti: info@jalkistuotteet.comPuhelin: +358 41 319 7402Postiosoite: Kuusikankaantie 1, 77570 J\u00e4ppil\u00e4. Tilaaminen Tilattavat tuotteet valitaan verkkosivuilla lis\u00e4\u00e4m\u00e4ll\u00e4 ne ostoskoriin. Tilaus l\u00e4hetet\u00e4\u00e4n maksamalla [&hellip;]","og_url":"https:\/\/jalkistuotteet.com\/en\/maksu-ja-toimitusehdot\/","og_site_name":"Jalkis verkkokauppa","article_publisher":"https:\/\/www.facebook.com\/jalkistuotteet","article_modified_time":"2026-03-30T10:00:35+00:00","og_image":[{"width":1920,"height":1280,"url":"https:\/\/jalkistuotteet.com\/wp-content\/uploads\/2023\/06\/jalkis-webshop-front-2.jpg","type":"image\/jpeg"}],"twitter_card":"summary_large_image","twitter_misc":{"Estimated reading time":"6 minutes"},"schema":{"@context":"https:\/\/schema.org","@graph":[{"@type":"WebPage","@id":"https:\/\/jalkistuotteet.com\/maksu-ja-toimitusehdot\/","url":"https:\/\/jalkistuotteet.com\/maksu-ja-toimitusehdot\/","name":"Maksu- ja toimitusehdot &#8212; Jalkis verkkokauppa","isPartOf":{"@id":"https:\/\/jalkistuotteet.com\/#website"},"datePublished":"2022-09-06T06:48:18+00:00","dateModified":"2026-03-30T10:00:35+00:00","breadcrumb":{"@id":"https:\/\/jalkistuotteet.com\/maksu-ja-toimitusehdot\/#breadcrumb"},"inLanguage":"en-GB","potentialAction":[{"@type":"ReadAction","target":["https:\/\/jalkistuotteet.com\/maksu-ja-toimitusehdot\/"]}]},{"@type":"BreadcrumbList","@id":"https:\/\/jalkistuotteet.com\/maksu-ja-toimitusehdot\/#breadcrumb","itemListElement":[{"@type":"ListItem","position":1,"name":"Etusivu","item":"https:\/\/jalkistuotteet.com\/"},{"@type":"ListItem","position":2,"name":"Maksu- ja toimitusehdot"}]},{"@type":"WebSite","@id":"https:\/\/jalkistuotteet.com\/#website","url":"https:\/\/jalkistuotteet.com\/","name":"Jalkis verkkokauppa","description":"","publisher":{"@id":"https:\/\/jalkistuotteet.com\/#organization"},"potentialAction":[{"@type":"SearchAction","target":{"@type":"EntryPoint","urlTemplate":"https:\/\/jalkistuotteet.com\/?s={search_term_string}"},"query-input":{"@type":"PropertyValueSpecification","valueRequired":true,"valueName":"search_term_string"}}],"inLanguage":"en-GB"},{"@type":"Organization","@id":"https:\/\/jalkistuotteet.com\/#organization","name":"Jalkis Oy","url":"https:\/\/jalkistuotteet.com\/","logo":{"@type":"ImageObject","inLanguage":"en-GB","@id":"https:\/\/jalkistuotteet.com\/#\/schema\/logo\/image\/","url":"https:\/\/jalkistuotteet.com\/wp-content\/uploads\/2023\/09\/jalkis-tunnuskuvake.png","contentUrl":"https:\/\/jalkistuotteet.com\/wp-content\/uploads\/2023\/09\/jalkis-tunnuskuvake.png","width":512,"height":512,"caption":"Jalkis Oy"},"image":{"@id":"https:\/\/jalkistuotteet.com\/#\/schema\/logo\/image\/"},"sameAs":["https:\/\/www.facebook.com\/jalkistuotteet"]}]}},"_links":{"self":[{"href":"https:\/\/jalkistuotteet.com\/en\/wp-json\/wp\/v2\/pages\/280","targetHints":{"allow":["GET"]}}],"collection":[{"href":"https:\/\/jalkistuotteet.com\/en\/wp-json\/wp\/v2\/pages"}],"about":[{"href":"https:\/\/jalkistuotteet.com\/en\/wp-json\/wp\/v2\/types\/page"}],"author":[{"embeddable":true,"href":"https:\/\/jalkistuotteet.com\/en\/wp-json\/wp\/v2\/users\/1"}],"replies":[{"embeddable":true,"href":"https:\/\/jalkistuotteet.com\/en\/wp-json\/wp\/v2\/comments?post=280"}],"version-history":[{"count":4,"href":"https:\/\/jalkistuotteet.com\/en\/wp-json\/wp\/v2\/pages\/280\/revisions"}],"predecessor-version":[{"id":1857,"href":"https:\/\/jalkistuotteet.com\/en\/wp-json\/wp\/v2\/pages\/280\/revisions\/1857"}],"wp:attachment":[{"href":"https:\/\/jalkistuotteet.com\/en\/wp-json\/wp\/v2\/media?parent=280"}],"curies":[{"name":"wp","href":"https:\/\/api.w.org\/{rel}","templated":true}]}}