{"id":285,"date":"2022-09-06T10:10:51","date_gmt":"2022-09-06T07:10:51","guid":{"rendered":"https:\/\/www.prodictum.pro\/?page_id=285"},"modified":"2026-03-30T10:02:53","modified_gmt":"2026-03-30T10:02:53","slug":"rekisteriseloste-ja-tietosuoja","status":"publish","type":"page","link":"https:\/\/jalkistuotteet.com\/en\/rekisteriseloste-ja-tietosuoja\/","title":{"rendered":"Registration and data protection statement"},"content":{"rendered":"<p>[et_pb_section fb_built=&#8221;1&#8243; _builder_version=&#8221;4.17.6&#8243; _module_preset=&#8221;default&#8221; global_colors_info=&#8221;{}&#8221;][et_pb_row _builder_version=&#8221;4.17.6&#8243; _module_preset=&#8221;default&#8221; global_colors_info=&#8221;{}&#8221;][et_pb_column type=&#8221;4_4&#8243; _builder_version=&#8221;4.17.6&#8243; _module_preset=&#8221;default&#8221; global_colors_info=&#8221;{}&#8221;][et_pb_text _builder_version=&#8221;4.27.6&#8243; _module_preset=&#8221;default&#8221; hover_enabled=&#8221;0&#8243; global_colors_info=&#8221;{}&#8221; sticky_enabled=&#8221;0&#8243;]<\/p>\n<h1>Registration and data protection statement<\/h1>\n<p>The Data Protection Regulation requires the controller to provide clear information to data subjects. This leaflet fulfils an information obligation.<\/p>\n<h3>Data controller:<\/h3>\n<p>Jalkis Oy<br \/>Kuusikankaantie 1, 77570 J\u00e4ppil\u00e4.\u00a0<br \/>business ID 3289480-3<br \/>Telephone: +358 41 319 7402<br \/>Email: <a href=\"mailto:info@jalkistuotteet.com\">info@jalkistuotteet.com<\/a><\/p>\n<h3>Contact person for matters concerning the register:<\/h3>\n<p>Heidi Hirvonen<br \/>Kuusikankaantie 1, 77570 J\u00e4ppil\u00e4<br \/>Telephone: +358 41 319 7402<br \/>Email: <a href=\"mailto:info@jalkistuotteet.com\">info@jalkistuotteet.com<\/a><\/p>\n<h3>Name of the register:<\/h3>\n<p>Jalkis Oy e-commerce customer register.<br \/>Purpose of the processing of personal data:<br \/>Personal data is processed to maintain and manage customer relationships with our e-commerce customers, such as contacting them as required by the customer relationship and for direct marketing. You have the right to object to the use of your personal data for direct marketing. The customer register may be used for marketing purposes, but not for electronic marketing without the permission of the recipient.<\/p>\n<h3>Data content of the register:<\/h3>\n<p>The following information is stored in the register: the customer's first and last name, customer number, address information, telephone number, email, web address, language, information on marketing authorisations and prohibitions, and information on customer purchases, deliveries and discounts.<\/p>\n<h3>Regular sources of information:<\/h3>\n<p>From the customer himself\/herself for orders placed in the online store, through return and other forms, by telephone, email or similar means.<\/p>\n<h3>Regular disclosures of data:<\/h3>\n<p>The data is used only for the management of customer relations and is not regularly disclosed to any third party. However, data may be disclosed in connection with activities related to the technical management of the online shop (e.g. management of the server or the e-commerce platform), for the delivery of orders, for the collection of outstanding invoices, and to the authorities if they so require and if permitted by law.<br \/>Transfer of data outside the EU or the European Economic Area<br \/>The data will not be transferred outside the EU or the European Economic Area.<\/p>\n<h3>Data storage and destruction<\/h3>\n<p>The information in the customer register is kept for the duration of the customer relationship. However, order, invoice and payment data are kept in the same way as other accounting records. Data that has become redundant is securely destroyed.<\/p>\n<h3>Principles for the protection of the register<\/h3>\n<p>The customer register is treated confidentially. The register is adequately protected from external firewalls and other technical protection measures. The register is kept only in electronic form and any occasional paper copies are immediately and properly destroyed.<br \/>The register is used only by persons whose functions include its use and who are bound by confidentiality. Each user of the register has a personal username and password.<\/p>\n<h3>Right of access<\/h3>\n<p>Under the Personal Data Act, everyone has the right to check what information about them has been stored in a personal register. A request for an inspection must be sent in a document signed by hand or certified in an equivalent manner, or presented in person at our office. Requests should be sent to the contact person mentioned above, who will also respond to any requests for further information.<br \/>Regular data disclosures<br \/>Personal data may also be transferred to other service providers in order to implement the system. We have ensured that all our service providers comply with data protection legislation.<\/p>\n<h3>Duration of processing<\/h3>\n<p>As a general rule, personal data will be processed for as long as the customer relationship lasts.<br \/>The data subject may unsubscribe from our marketing list via the link in each marketing email we send.<\/p>\n<h3>Processors of personal data<\/h3>\n<p>The controller and its employees process personal data. We may also outsource part of the processing of personal data to a third party, in which case we will ensure through contractual arrangements that the personal data is processed in accordance with applicable data protection legislation and otherwise appropriately. Currently, the external data processors are the accounting office.<\/p>\n<h3>Updating data<\/h3>\n<p>The customer can update their name and address information in their e-commerce profile. In addition, the customer may contact our contact person mentioned above to update their information.<br \/>Other rights related to the processing of personal data<br \/>You have the right to object to the processing of your data for marketing purposes. A request for restriction of data processing should be made by e-mail to the contact person of the register.<\/p>\n<h3>Automated decision making and profiling<\/h3>\n<p>This website uses cookies. Cookies do not harm the user's computer or files. You agree to the use of cookies by clicking on the button on our site that asks for your consent. Most browser software allows you to disable cookies. Please note that cookies may be necessary for the proper functioning of some services.<\/p>\n<p>[\/et_pb_text][\/et_pb_column][\/et_pb_row][\/et_pb_section]<\/p>","protected":false},"excerpt":{"rendered":"<p>Rekisteriseloste ja tietosuoja Rekisterinpit\u00e4j\u00e4ll\u00e4 on tietosuoja-asetuksen mukaan velvollisuus informoida selke\u00e4ll\u00e4 tavalla rekister\u00f6ityj\u00e4. T\u00e4m\u00e4 seloste t\u00e4ytt\u00e4\u00e4 informointivelvoitteen. Rekisterinpit\u00e4j\u00e4: Jalkis OyKuusikankaantie 1, 77570 J\u00e4ppil\u00e4.\u00a0Y-tunnus 3289480-3Puhelin: +358 41 319 7402S\u00e4hk\u00f6posti: info@jalkistuotteet.com Yhteyshenkil\u00f6 rekisteri\u00e4 koskevissa asioissa: Heidi HirvonenKuusikankaantie 1, 77570 J\u00e4ppil\u00e4Puhelin: +358 41 319 7402S\u00e4hk\u00f6posti: info@jalkistuotteet.com Rekisterin nimi: Jalkis Oy verkkokaupan asiakasrekisteri.Henkil\u00f6tietojen k\u00e4sittelyn tarkoitus:Henkil\u00f6tietoja k\u00e4sitell\u00e4\u00e4n verkkokaupan asiakkaidemme asiakassuhteiden yll\u00e4pit\u00e4miseen [&hellip;]<\/p>","protected":false},"author":1,"featured_media":0,"parent":0,"menu_order":0,"comment_status":"closed","ping_status":"closed","template":"","meta":{"_acf_changed":false,"_et_pb_use_builder":"on","_et_pb_old_content":"","_et_gb_content_width":"","footnotes":""},"class_list":["post-285","page","type-page","status-publish","hentry"],"acf":[],"yoast_head":"<!-- This site is optimized with the Yoast SEO plugin v27.4 - https:\/\/yoast.com\/product\/yoast-seo-wordpress\/ -->\n<title>Rekisteriseloste ja tietosuoja &#8212; Jalkis verkkokauppa<\/title>\n<meta name=\"robots\" content=\"index, follow, max-snippet:-1, max-image-preview:large, max-video-preview:-1\" \/>\n<link rel=\"canonical\" href=\"https:\/\/jalkistuotteet.com\/en\/rekisteriseloste-ja-tietosuoja\/\" \/>\n<meta property=\"og:locale\" content=\"en_GB\" \/>\n<meta property=\"og:type\" content=\"article\" \/>\n<meta property=\"og:title\" content=\"Rekisteriseloste ja tietosuoja &#8212; Jalkis verkkokauppa\" \/>\n<meta property=\"og:description\" content=\"Rekisteriseloste ja tietosuoja Rekisterinpit\u00e4j\u00e4ll\u00e4 on tietosuoja-asetuksen mukaan velvollisuus informoida selke\u00e4ll\u00e4 tavalla rekister\u00f6ityj\u00e4. T\u00e4m\u00e4 seloste t\u00e4ytt\u00e4\u00e4 informointivelvoitteen. Rekisterinpit\u00e4j\u00e4: Jalkis OyKuusikankaantie 1, 77570 J\u00e4ppil\u00e4.\u00a0Y-tunnus 3289480-3Puhelin: +358 41 319 7402S\u00e4hk\u00f6posti: info@jalkistuotteet.com Yhteyshenkil\u00f6 rekisteri\u00e4 koskevissa asioissa: Heidi HirvonenKuusikankaantie 1, 77570 J\u00e4ppil\u00e4Puhelin: +358 41 319 7402S\u00e4hk\u00f6posti: info@jalkistuotteet.com Rekisterin nimi: Jalkis Oy verkkokaupan asiakasrekisteri.Henkil\u00f6tietojen k\u00e4sittelyn tarkoitus:Henkil\u00f6tietoja k\u00e4sitell\u00e4\u00e4n verkkokaupan asiakkaidemme asiakassuhteiden yll\u00e4pit\u00e4miseen [&hellip;]\" \/>\n<meta property=\"og:url\" content=\"https:\/\/jalkistuotteet.com\/en\/rekisteriseloste-ja-tietosuoja\/\" \/>\n<meta property=\"og:site_name\" content=\"Jalkis verkkokauppa\" \/>\n<meta property=\"article:publisher\" content=\"https:\/\/www.facebook.com\/jalkistuotteet\" \/>\n<meta property=\"article:modified_time\" content=\"2026-03-30T10:02:53+00:00\" \/>\n<meta property=\"og:image\" content=\"https:\/\/jalkistuotteet.com\/wp-content\/uploads\/2023\/06\/jalkis-webshop-front-2.jpg\" \/>\n\t<meta property=\"og:image:width\" content=\"1920\" \/>\n\t<meta property=\"og:image:height\" content=\"1280\" \/>\n\t<meta property=\"og:image:type\" content=\"image\/jpeg\" \/>\n<meta name=\"twitter:card\" content=\"summary_large_image\" \/>\n<meta name=\"twitter:label1\" content=\"Estimated reading time\" \/>\n\t<meta name=\"twitter:data1\" content=\"3 minutes\" \/>\n<script type=\"application\/ld+json\" class=\"yoast-schema-graph\">{\"@context\":\"https:\\\/\\\/schema.org\",\"@graph\":[{\"@type\":\"WebPage\",\"@id\":\"https:\\\/\\\/jalkistuotteet.com\\\/rekisteriseloste-ja-tietosuoja\\\/\",\"url\":\"https:\\\/\\\/jalkistuotteet.com\\\/rekisteriseloste-ja-tietosuoja\\\/\",\"name\":\"Rekisteriseloste ja tietosuoja &#8212; Jalkis verkkokauppa\",\"isPartOf\":{\"@id\":\"https:\\\/\\\/jalkistuotteet.com\\\/#website\"},\"datePublished\":\"2022-09-06T07:10:51+00:00\",\"dateModified\":\"2026-03-30T10:02:53+00:00\",\"breadcrumb\":{\"@id\":\"https:\\\/\\\/jalkistuotteet.com\\\/rekisteriseloste-ja-tietosuoja\\\/#breadcrumb\"},\"inLanguage\":\"en-GB\",\"potentialAction\":[{\"@type\":\"ReadAction\",\"target\":[\"https:\\\/\\\/jalkistuotteet.com\\\/rekisteriseloste-ja-tietosuoja\\\/\"]}]},{\"@type\":\"BreadcrumbList\",\"@id\":\"https:\\\/\\\/jalkistuotteet.com\\\/rekisteriseloste-ja-tietosuoja\\\/#breadcrumb\",\"itemListElement\":[{\"@type\":\"ListItem\",\"position\":1,\"name\":\"Etusivu\",\"item\":\"https:\\\/\\\/jalkistuotteet.com\\\/\"},{\"@type\":\"ListItem\",\"position\":2,\"name\":\"Rekisteriseloste ja tietosuoja\"}]},{\"@type\":\"WebSite\",\"@id\":\"https:\\\/\\\/jalkistuotteet.com\\\/#website\",\"url\":\"https:\\\/\\\/jalkistuotteet.com\\\/\",\"name\":\"Jalkis verkkokauppa\",\"description\":\"\",\"publisher\":{\"@id\":\"https:\\\/\\\/jalkistuotteet.com\\\/#organization\"},\"potentialAction\":[{\"@type\":\"SearchAction\",\"target\":{\"@type\":\"EntryPoint\",\"urlTemplate\":\"https:\\\/\\\/jalkistuotteet.com\\\/?s={search_term_string}\"},\"query-input\":{\"@type\":\"PropertyValueSpecification\",\"valueRequired\":true,\"valueName\":\"search_term_string\"}}],\"inLanguage\":\"en-GB\"},{\"@type\":\"Organization\",\"@id\":\"https:\\\/\\\/jalkistuotteet.com\\\/#organization\",\"name\":\"Jalkis Oy\",\"url\":\"https:\\\/\\\/jalkistuotteet.com\\\/\",\"logo\":{\"@type\":\"ImageObject\",\"inLanguage\":\"en-GB\",\"@id\":\"https:\\\/\\\/jalkistuotteet.com\\\/#\\\/schema\\\/logo\\\/image\\\/\",\"url\":\"https:\\\/\\\/jalkistuotteet.com\\\/wp-content\\\/uploads\\\/2023\\\/09\\\/jalkis-tunnuskuvake.png\",\"contentUrl\":\"https:\\\/\\\/jalkistuotteet.com\\\/wp-content\\\/uploads\\\/2023\\\/09\\\/jalkis-tunnuskuvake.png\",\"width\":512,\"height\":512,\"caption\":\"Jalkis Oy\"},\"image\":{\"@id\":\"https:\\\/\\\/jalkistuotteet.com\\\/#\\\/schema\\\/logo\\\/image\\\/\"},\"sameAs\":[\"https:\\\/\\\/www.facebook.com\\\/jalkistuotteet\"]}]}<\/script>\n<!-- \/ Yoast SEO plugin. -->","yoast_head_json":{"title":"Rekisteriseloste ja tietosuoja &#8212; Jalkis verkkokauppa","robots":{"index":"index","follow":"follow","max-snippet":"max-snippet:-1","max-image-preview":"max-image-preview:large","max-video-preview":"max-video-preview:-1"},"canonical":"https:\/\/jalkistuotteet.com\/en\/rekisteriseloste-ja-tietosuoja\/","og_locale":"en_GB","og_type":"article","og_title":"Rekisteriseloste ja tietosuoja &#8212; Jalkis verkkokauppa","og_description":"Rekisteriseloste ja tietosuoja Rekisterinpit\u00e4j\u00e4ll\u00e4 on tietosuoja-asetuksen mukaan velvollisuus informoida selke\u00e4ll\u00e4 tavalla rekister\u00f6ityj\u00e4. T\u00e4m\u00e4 seloste t\u00e4ytt\u00e4\u00e4 informointivelvoitteen. Rekisterinpit\u00e4j\u00e4: Jalkis OyKuusikankaantie 1, 77570 J\u00e4ppil\u00e4.\u00a0Y-tunnus 3289480-3Puhelin: +358 41 319 7402S\u00e4hk\u00f6posti: info@jalkistuotteet.com Yhteyshenkil\u00f6 rekisteri\u00e4 koskevissa asioissa: Heidi HirvonenKuusikankaantie 1, 77570 J\u00e4ppil\u00e4Puhelin: +358 41 319 7402S\u00e4hk\u00f6posti: info@jalkistuotteet.com Rekisterin nimi: Jalkis Oy verkkokaupan asiakasrekisteri.Henkil\u00f6tietojen k\u00e4sittelyn tarkoitus:Henkil\u00f6tietoja k\u00e4sitell\u00e4\u00e4n verkkokaupan asiakkaidemme asiakassuhteiden yll\u00e4pit\u00e4miseen [&hellip;]","og_url":"https:\/\/jalkistuotteet.com\/en\/rekisteriseloste-ja-tietosuoja\/","og_site_name":"Jalkis verkkokauppa","article_publisher":"https:\/\/www.facebook.com\/jalkistuotteet","article_modified_time":"2026-03-30T10:02:53+00:00","og_image":[{"width":1920,"height":1280,"url":"https:\/\/jalkistuotteet.com\/wp-content\/uploads\/2023\/06\/jalkis-webshop-front-2.jpg","type":"image\/jpeg"}],"twitter_card":"summary_large_image","twitter_misc":{"Estimated reading time":"3 minutes"},"schema":{"@context":"https:\/\/schema.org","@graph":[{"@type":"WebPage","@id":"https:\/\/jalkistuotteet.com\/rekisteriseloste-ja-tietosuoja\/","url":"https:\/\/jalkistuotteet.com\/rekisteriseloste-ja-tietosuoja\/","name":"Rekisteriseloste ja tietosuoja &#8212; Jalkis verkkokauppa","isPartOf":{"@id":"https:\/\/jalkistuotteet.com\/#website"},"datePublished":"2022-09-06T07:10:51+00:00","dateModified":"2026-03-30T10:02:53+00:00","breadcrumb":{"@id":"https:\/\/jalkistuotteet.com\/rekisteriseloste-ja-tietosuoja\/#breadcrumb"},"inLanguage":"en-GB","potentialAction":[{"@type":"ReadAction","target":["https:\/\/jalkistuotteet.com\/rekisteriseloste-ja-tietosuoja\/"]}]},{"@type":"BreadcrumbList","@id":"https:\/\/jalkistuotteet.com\/rekisteriseloste-ja-tietosuoja\/#breadcrumb","itemListElement":[{"@type":"ListItem","position":1,"name":"Etusivu","item":"https:\/\/jalkistuotteet.com\/"},{"@type":"ListItem","position":2,"name":"Rekisteriseloste ja tietosuoja"}]},{"@type":"WebSite","@id":"https:\/\/jalkistuotteet.com\/#website","url":"https:\/\/jalkistuotteet.com\/","name":"Jalkis verkkokauppa","description":"","publisher":{"@id":"https:\/\/jalkistuotteet.com\/#organization"},"potentialAction":[{"@type":"SearchAction","target":{"@type":"EntryPoint","urlTemplate":"https:\/\/jalkistuotteet.com\/?s={search_term_string}"},"query-input":{"@type":"PropertyValueSpecification","valueRequired":true,"valueName":"search_term_string"}}],"inLanguage":"en-GB"},{"@type":"Organization","@id":"https:\/\/jalkistuotteet.com\/#organization","name":"Jalkis Oy","url":"https:\/\/jalkistuotteet.com\/","logo":{"@type":"ImageObject","inLanguage":"en-GB","@id":"https:\/\/jalkistuotteet.com\/#\/schema\/logo\/image\/","url":"https:\/\/jalkistuotteet.com\/wp-content\/uploads\/2023\/09\/jalkis-tunnuskuvake.png","contentUrl":"https:\/\/jalkistuotteet.com\/wp-content\/uploads\/2023\/09\/jalkis-tunnuskuvake.png","width":512,"height":512,"caption":"Jalkis Oy"},"image":{"@id":"https:\/\/jalkistuotteet.com\/#\/schema\/logo\/image\/"},"sameAs":["https:\/\/www.facebook.com\/jalkistuotteet"]}]}},"_links":{"self":[{"href":"https:\/\/jalkistuotteet.com\/en\/wp-json\/wp\/v2\/pages\/285","targetHints":{"allow":["GET"]}}],"collection":[{"href":"https:\/\/jalkistuotteet.com\/en\/wp-json\/wp\/v2\/pages"}],"about":[{"href":"https:\/\/jalkistuotteet.com\/en\/wp-json\/wp\/v2\/types\/page"}],"author":[{"embeddable":true,"href":"https:\/\/jalkistuotteet.com\/en\/wp-json\/wp\/v2\/users\/1"}],"replies":[{"embeddable":true,"href":"https:\/\/jalkistuotteet.com\/en\/wp-json\/wp\/v2\/comments?post=285"}],"version-history":[{"count":2,"href":"https:\/\/jalkistuotteet.com\/en\/wp-json\/wp\/v2\/pages\/285\/revisions"}],"predecessor-version":[{"id":1859,"href":"https:\/\/jalkistuotteet.com\/en\/wp-json\/wp\/v2\/pages\/285\/revisions\/1859"}],"wp:attachment":[{"href":"https:\/\/jalkistuotteet.com\/en\/wp-json\/wp\/v2\/media?parent=285"}],"curies":[{"name":"wp","href":"https:\/\/api.w.org\/{rel}","templated":true}]}}