{"id":113,"date":"2022-07-28T14:02:05","date_gmt":"2022-07-28T11:02:05","guid":{"rendered":"https:\/\/www.prodictum.pro\/?post_type=product&#038;p=113"},"modified":"2026-03-30T09:58:22","modified_gmt":"2026-03-30T09:58:22","slug":"s-s-voide","status":"publish","type":"product","link":"https:\/\/jalkistuotteet.com\/en\/product\/s-s-voide\/","title":{"rendered":"S.S. cream"},"content":{"rendered":"","protected":false},"excerpt":{"rendered":"<p>An effective antiseptic and anti-inflammatory treatment cream for the whole family. The active ingredients help against nail fungus, fungal skin infections, warts and cavity warts. Regular use effectively softens the scalp. You can use the cream on cracked nails and cuticles. Nails become stronger and smoother after just a few uses.<\/p>\n<p>The product does not contain artificial flavours, colours or preservatives.<\/p>\n<p><strong>Package size: 50 and 140 ml<\/strong><\/p>","protected":false},"featured_media":771,"template":"","meta":{"_acf_changed":false,"_et_pb_use_builder":"off","_et_pb_old_content":"","_et_gb_content_width":""},"product_brand":[],"product_cat":[22],"product_tag":[],"class_list":{"0":"post-113","1":"product","2":"type-product","3":"status-publish","4":"has-post-thumbnail","6":"product_cat-voiteet","8":"first","9":"instock","10":"featured","11":"taxable","12":"shipping-taxable","13":"purchasable","14":"product-type-variable","15":"has-default-attributes"},"acf":[],"yoast_head":"<!-- This site is optimized with the Yoast SEO plugin v27.4 - https:\/\/yoast.com\/product\/yoast-seo-wordpress\/ -->\n<title>S.S. voide &#8212; Jalkis verkkokauppa<\/title>\n<meta name=\"robots\" content=\"index, follow, max-snippet:-1, max-image-preview:large, max-video-preview:-1\" \/>\n<link rel=\"canonical\" href=\"https:\/\/jalkistuotteet.com\/en\/product\/s-s-voide\/\" \/>\n<meta property=\"og:locale\" content=\"en_GB\" \/>\n<meta property=\"og:type\" content=\"article\" \/>\n<meta property=\"og:title\" content=\"S.S. voide &#8212; Jalkis verkkokauppa\" \/>\n<meta property=\"og:description\" content=\"Tehokas antseptinen ja tulehduksia hillitsev\u00e4 hoitovoide koko perheelle. Aktiiviset aineisosat auttavat kynsisieneen, ihon sieni-infektioihin, syyliin sek\u00e4 ontelosyyliin. S\u00e4\u00e4nn\u00f6llinen k\u00e4ytt\u00f6 pehment\u00e4\u00e4 tehokkaasti k\u00e4ns\u00e4t. Voidetta voit k\u00e4ytt\u00e4\u00e4 halkeileville kynsille ja kynsinauhoille. Kynnet vahvistuvat ja silottuvat jo muutaman k\u00e4ytt\u00f6kerran j\u00e4lkeen.  Tuote ei sis\u00e4ll\u00e4 keinotekoisia haju-, v\u00e4ri- tai s\u00e4il\u00f6nt\u00e4aineita.  Pakkauskoko: 50 ja 140 ml\" \/>\n<meta property=\"og:url\" content=\"https:\/\/jalkistuotteet.com\/en\/product\/s-s-voide\/\" \/>\n<meta property=\"og:site_name\" content=\"Jalkis verkkokauppa\" \/>\n<meta property=\"article:publisher\" content=\"https:\/\/www.facebook.com\/jalkistuotteet\" \/>\n<meta property=\"article:modified_time\" content=\"2026-03-30T09:58:22+00:00\" \/>\n<meta property=\"og:image\" content=\"https:\/\/jalkistuotteet.com\/wp-content\/uploads\/2023\/08\/S.S._voide_purkit_webshop-new-2.jpg\" \/>\n\t<meta property=\"og:image:width\" content=\"900\" \/>\n\t<meta property=\"og:image:height\" content=\"900\" \/>\n\t<meta property=\"og:image:type\" content=\"image\/jpeg\" \/>\n<meta name=\"twitter:card\" content=\"summary_large_image\" \/>\n<meta name=\"twitter:label1\" content=\"Estimated reading time\" \/>\n\t<meta name=\"twitter:data1\" content=\"1 minute\" \/>\n<script type=\"application\/ld+json\" class=\"yoast-schema-graph\">{\"@context\":\"https:\\\/\\\/schema.org\",\"@graph\":[{\"@type\":\"WebPage\",\"@id\":\"https:\\\/\\\/jalkistuotteet.com\\\/tuote\\\/s-s-voide\\\/\",\"url\":\"https:\\\/\\\/jalkistuotteet.com\\\/tuote\\\/s-s-voide\\\/\",\"name\":\"S.S. voide &#8212; Jalkis verkkokauppa\",\"isPartOf\":{\"@id\":\"https:\\\/\\\/jalkistuotteet.com\\\/#website\"},\"primaryImageOfPage\":{\"@id\":\"https:\\\/\\\/jalkistuotteet.com\\\/tuote\\\/s-s-voide\\\/#primaryimage\"},\"image\":{\"@id\":\"https:\\\/\\\/jalkistuotteet.com\\\/tuote\\\/s-s-voide\\\/#primaryimage\"},\"thumbnailUrl\":\"https:\\\/\\\/jalkistuotteet.com\\\/wp-content\\\/uploads\\\/2023\\\/08\\\/S.S._voide_purkit_webshop-new-2.jpg\",\"datePublished\":\"2022-07-28T11:02:05+00:00\",\"dateModified\":\"2026-03-30T09:58:22+00:00\",\"breadcrumb\":{\"@id\":\"https:\\\/\\\/jalkistuotteet.com\\\/tuote\\\/s-s-voide\\\/#breadcrumb\"},\"inLanguage\":\"en-GB\",\"potentialAction\":[{\"@type\":\"ReadAction\",\"target\":[\"https:\\\/\\\/jalkistuotteet.com\\\/tuote\\\/s-s-voide\\\/\"]}]},{\"@type\":\"ImageObject\",\"inLanguage\":\"en-GB\",\"@id\":\"https:\\\/\\\/jalkistuotteet.com\\\/tuote\\\/s-s-voide\\\/#primaryimage\",\"url\":\"https:\\\/\\\/jalkistuotteet.com\\\/wp-content\\\/uploads\\\/2023\\\/08\\\/S.S._voide_purkit_webshop-new-2.jpg\",\"contentUrl\":\"https:\\\/\\\/jalkistuotteet.com\\\/wp-content\\\/uploads\\\/2023\\\/08\\\/S.S._voide_purkit_webshop-new-2.jpg\",\"width\":900,\"height\":900},{\"@type\":\"BreadcrumbList\",\"@id\":\"https:\\\/\\\/jalkistuotteet.com\\\/tuote\\\/s-s-voide\\\/#breadcrumb\",\"itemListElement\":[{\"@type\":\"ListItem\",\"position\":1,\"name\":\"Etusivu\",\"item\":\"https:\\\/\\\/jalkistuotteet.com\\\/\"},{\"@type\":\"ListItem\",\"position\":2,\"name\":\"Verkkokauppa\",\"item\":\"https:\\\/\\\/jalkistuotteet.com\\\/kauppa-2\\\/\"},{\"@type\":\"ListItem\",\"position\":3,\"name\":\"S.S. voide\"}]},{\"@type\":\"WebSite\",\"@id\":\"https:\\\/\\\/jalkistuotteet.com\\\/#website\",\"url\":\"https:\\\/\\\/jalkistuotteet.com\\\/\",\"name\":\"Jalkis verkkokauppa\",\"description\":\"\",\"publisher\":{\"@id\":\"https:\\\/\\\/jalkistuotteet.com\\\/#organization\"},\"potentialAction\":[{\"@type\":\"SearchAction\",\"target\":{\"@type\":\"EntryPoint\",\"urlTemplate\":\"https:\\\/\\\/jalkistuotteet.com\\\/?s={search_term_string}\"},\"query-input\":{\"@type\":\"PropertyValueSpecification\",\"valueRequired\":true,\"valueName\":\"search_term_string\"}}],\"inLanguage\":\"en-GB\"},{\"@type\":\"Organization\",\"@id\":\"https:\\\/\\\/jalkistuotteet.com\\\/#organization\",\"name\":\"Jalkis Oy\",\"url\":\"https:\\\/\\\/jalkistuotteet.com\\\/\",\"logo\":{\"@type\":\"ImageObject\",\"inLanguage\":\"en-GB\",\"@id\":\"https:\\\/\\\/jalkistuotteet.com\\\/#\\\/schema\\\/logo\\\/image\\\/\",\"url\":\"https:\\\/\\\/jalkistuotteet.com\\\/wp-content\\\/uploads\\\/2023\\\/09\\\/jalkis-tunnuskuvake.png\",\"contentUrl\":\"https:\\\/\\\/jalkistuotteet.com\\\/wp-content\\\/uploads\\\/2023\\\/09\\\/jalkis-tunnuskuvake.png\",\"width\":512,\"height\":512,\"caption\":\"Jalkis Oy\"},\"image\":{\"@id\":\"https:\\\/\\\/jalkistuotteet.com\\\/#\\\/schema\\\/logo\\\/image\\\/\"},\"sameAs\":[\"https:\\\/\\\/www.facebook.com\\\/jalkistuotteet\"]}]}<\/script>\n<!-- \/ Yoast SEO plugin. -->","yoast_head_json":{"title":"S.S. voide &#8212; Jalkis verkkokauppa","robots":{"index":"index","follow":"follow","max-snippet":"max-snippet:-1","max-image-preview":"max-image-preview:large","max-video-preview":"max-video-preview:-1"},"canonical":"https:\/\/jalkistuotteet.com\/en\/product\/s-s-voide\/","og_locale":"en_GB","og_type":"article","og_title":"S.S. voide &#8212; Jalkis verkkokauppa","og_description":"Tehokas antseptinen ja tulehduksia hillitsev\u00e4 hoitovoide koko perheelle. Aktiiviset aineisosat auttavat kynsisieneen, ihon sieni-infektioihin, syyliin sek\u00e4 ontelosyyliin. S\u00e4\u00e4nn\u00f6llinen k\u00e4ytt\u00f6 pehment\u00e4\u00e4 tehokkaasti k\u00e4ns\u00e4t. Voidetta voit k\u00e4ytt\u00e4\u00e4 halkeileville kynsille ja kynsinauhoille. Kynnet vahvistuvat ja silottuvat jo muutaman k\u00e4ytt\u00f6kerran j\u00e4lkeen.  Tuote ei sis\u00e4ll\u00e4 keinotekoisia haju-, v\u00e4ri- tai s\u00e4il\u00f6nt\u00e4aineita.  Pakkauskoko: 50 ja 140 ml","og_url":"https:\/\/jalkistuotteet.com\/en\/product\/s-s-voide\/","og_site_name":"Jalkis verkkokauppa","article_publisher":"https:\/\/www.facebook.com\/jalkistuotteet","article_modified_time":"2026-03-30T09:58:22+00:00","og_image":[{"width":900,"height":900,"url":"https:\/\/jalkistuotteet.com\/wp-content\/uploads\/2023\/08\/S.S._voide_purkit_webshop-new-2.jpg","type":"image\/jpeg"}],"twitter_card":"summary_large_image","twitter_misc":{"Estimated reading time":"1 minute"},"schema":{"@context":"https:\/\/schema.org","@graph":[{"@type":"WebPage","@id":"https:\/\/jalkistuotteet.com\/tuote\/s-s-voide\/","url":"https:\/\/jalkistuotteet.com\/tuote\/s-s-voide\/","name":"S.S. voide &#8212; Jalkis verkkokauppa","isPartOf":{"@id":"https:\/\/jalkistuotteet.com\/#website"},"primaryImageOfPage":{"@id":"https:\/\/jalkistuotteet.com\/tuote\/s-s-voide\/#primaryimage"},"image":{"@id":"https:\/\/jalkistuotteet.com\/tuote\/s-s-voide\/#primaryimage"},"thumbnailUrl":"https:\/\/jalkistuotteet.com\/wp-content\/uploads\/2023\/08\/S.S._voide_purkit_webshop-new-2.jpg","datePublished":"2022-07-28T11:02:05+00:00","dateModified":"2026-03-30T09:58:22+00:00","breadcrumb":{"@id":"https:\/\/jalkistuotteet.com\/tuote\/s-s-voide\/#breadcrumb"},"inLanguage":"en-GB","potentialAction":[{"@type":"ReadAction","target":["https:\/\/jalkistuotteet.com\/tuote\/s-s-voide\/"]}]},{"@type":"ImageObject","inLanguage":"en-GB","@id":"https:\/\/jalkistuotteet.com\/tuote\/s-s-voide\/#primaryimage","url":"https:\/\/jalkistuotteet.com\/wp-content\/uploads\/2023\/08\/S.S._voide_purkit_webshop-new-2.jpg","contentUrl":"https:\/\/jalkistuotteet.com\/wp-content\/uploads\/2023\/08\/S.S._voide_purkit_webshop-new-2.jpg","width":900,"height":900},{"@type":"BreadcrumbList","@id":"https:\/\/jalkistuotteet.com\/tuote\/s-s-voide\/#breadcrumb","itemListElement":[{"@type":"ListItem","position":1,"name":"Etusivu","item":"https:\/\/jalkistuotteet.com\/"},{"@type":"ListItem","position":2,"name":"Verkkokauppa","item":"https:\/\/jalkistuotteet.com\/kauppa-2\/"},{"@type":"ListItem","position":3,"name":"S.S. voide"}]},{"@type":"WebSite","@id":"https:\/\/jalkistuotteet.com\/#website","url":"https:\/\/jalkistuotteet.com\/","name":"Jalkis verkkokauppa","description":"","publisher":{"@id":"https:\/\/jalkistuotteet.com\/#organization"},"potentialAction":[{"@type":"SearchAction","target":{"@type":"EntryPoint","urlTemplate":"https:\/\/jalkistuotteet.com\/?s={search_term_string}"},"query-input":{"@type":"PropertyValueSpecification","valueRequired":true,"valueName":"search_term_string"}}],"inLanguage":"en-GB"},{"@type":"Organization","@id":"https:\/\/jalkistuotteet.com\/#organization","name":"Jalkis Oy","url":"https:\/\/jalkistuotteet.com\/","logo":{"@type":"ImageObject","inLanguage":"en-GB","@id":"https:\/\/jalkistuotteet.com\/#\/schema\/logo\/image\/","url":"https:\/\/jalkistuotteet.com\/wp-content\/uploads\/2023\/09\/jalkis-tunnuskuvake.png","contentUrl":"https:\/\/jalkistuotteet.com\/wp-content\/uploads\/2023\/09\/jalkis-tunnuskuvake.png","width":512,"height":512,"caption":"Jalkis Oy"},"image":{"@id":"https:\/\/jalkistuotteet.com\/#\/schema\/logo\/image\/"},"sameAs":["https:\/\/www.facebook.com\/jalkistuotteet"]}]}},"_links":{"self":[{"href":"https:\/\/jalkistuotteet.com\/en\/wp-json\/wp\/v2\/product\/113","targetHints":{"allow":["GET"]}}],"collection":[{"href":"https:\/\/jalkistuotteet.com\/en\/wp-json\/wp\/v2\/product"}],"about":[{"href":"https:\/\/jalkistuotteet.com\/en\/wp-json\/wp\/v2\/types\/product"}],"wp:featuredmedia":[{"embeddable":true,"href":"https:\/\/jalkistuotteet.com\/en\/wp-json\/wp\/v2\/media\/771"}],"wp:attachment":[{"href":"https:\/\/jalkistuotteet.com\/en\/wp-json\/wp\/v2\/media?parent=113"}],"wp:term":[{"taxonomy":"product_brand","embeddable":true,"href":"https:\/\/jalkistuotteet.com\/en\/wp-json\/wp\/v2\/product_brand?post=113"},{"taxonomy":"product_cat","embeddable":true,"href":"https:\/\/jalkistuotteet.com\/en\/wp-json\/wp\/v2\/product_cat?post=113"},{"taxonomy":"product_tag","embeddable":true,"href":"https:\/\/jalkistuotteet.com\/en\/wp-json\/wp\/v2\/product_tag?post=113"}],"curies":[{"name":"wp","href":"https:\/\/api.w.org\/{rel}","templated":true}]}}