{"id":125,"date":"2022-07-28T14:20:50","date_gmt":"2022-07-28T11:20:50","guid":{"rendered":"https:\/\/www.prodictum.pro\/?post_type=product&#038;p=125"},"modified":"2024-11-06T11:33:26","modified_gmt":"2024-11-06T11:33:26","slug":"jalkis-lammittava-hoitovoide","status":"publish","type":"product","link":"https:\/\/jalkistuotteet.com\/en\/product\/jalkis-lammittava-hoitovoide\/","title":{"rendered":"Jalkis treatment cream"},"content":{"rendered":"","protected":false},"excerpt":{"rendered":"<p>The revitalising effect of the cream on the surface blood circulation refreshes tired feet. Thanks to its active ingredients, the cream has a preventive effect against muscle cramps and swelling. The cream effectively softens calluses and prevents their formation. The active ingredients relax sore muscles, which is why the cream is also suitable for use in children with growing pains. Recommended for use by people with diabetes.<\/p>\n<p>The product does not contain artificial flavours, colours or preservatives.<\/p>\n<p><strong>Package size: 140 ml<\/strong><\/p>","protected":false},"featured_media":443,"template":"","meta":{"_acf_changed":false,"_et_pb_use_builder":"","_et_pb_old_content":"","_et_gb_content_width":""},"product_brand":[],"product_cat":[22],"product_tag":[],"class_list":{"0":"post-125","1":"product","2":"type-product","3":"status-publish","4":"has-post-thumbnail","6":"product_cat-voiteet","8":"first","9":"instock","10":"featured","11":"taxable","12":"shipping-taxable","13":"purchasable","14":"product-type-simple"},"acf":[],"yoast_head":"<!-- This site is optimized with the Yoast SEO plugin v27.4 - https:\/\/yoast.com\/product\/yoast-seo-wordpress\/ -->\n<title>Jalkis l\u00e4mmitt\u00e4v\u00e4 hoitovoide &#8212; Jalkis verkkokauppa<\/title>\n<meta name=\"robots\" content=\"index, follow, max-snippet:-1, max-image-preview:large, max-video-preview:-1\" \/>\n<link rel=\"canonical\" href=\"https:\/\/jalkistuotteet.com\/en\/product\/jalkis-lammittava-hoitovoide\/\" \/>\n<meta property=\"og:locale\" content=\"en_GB\" \/>\n<meta property=\"og:type\" content=\"article\" \/>\n<meta property=\"og:title\" content=\"Jalkis l\u00e4mmitt\u00e4v\u00e4 hoitovoide &#8212; Jalkis verkkokauppa\" \/>\n<meta property=\"og:description\" content=\"Voiteen pintaverenkiertoa elvytt\u00e4v\u00e4 vaikutus virkist\u00e4\u00e4 v\u00e4syneet jalat. Aktiivisten aineisosien ansiosta voiteella on lihaskramppeja ja turvotusta ennaltaehk\u00e4isev\u00e4 vaikutus. Voide pehmitt\u00e4\u00e4 kovettumat tehokkaasti ja ennaltaehk\u00e4isee niiden muodostumista. Aktiivisten aineisosien vaikutuksesta voide rentouttaa kipeytyneit\u00e4 lihaksia, ja siksi voide soveltuukin k\u00e4ytett\u00e4v\u00e4ksi my\u00f6s lasten kasvukipuihin. Suositellaan k\u00e4ytett\u00e4v\u00e4ksi diabeetikoille.  Tuote ei sis\u00e4ll\u00e4 keinotekoisia haju-, v\u00e4ri- tai s\u00e4il\u00f6nt\u00e4aineita.  Pakkauskoko 140 ml\" \/>\n<meta property=\"og:url\" content=\"https:\/\/jalkistuotteet.com\/en\/product\/jalkis-lammittava-hoitovoide\/\" \/>\n<meta property=\"og:site_name\" content=\"Jalkis verkkokauppa\" \/>\n<meta property=\"article:publisher\" content=\"https:\/\/www.facebook.com\/jalkistuotteet\" \/>\n<meta property=\"article:modified_time\" content=\"2024-11-06T11:33:26+00:00\" \/>\n<meta property=\"og:image\" content=\"https:\/\/jalkistuotteet.com\/wp-content\/uploads\/2022\/07\/Jalkis-lammittava-webshop-1-new.jpg\" \/>\n\t<meta property=\"og:image:width\" content=\"900\" \/>\n\t<meta property=\"og:image:height\" content=\"900\" \/>\n\t<meta property=\"og:image:type\" content=\"image\/jpeg\" \/>\n<meta name=\"twitter:card\" content=\"summary_large_image\" \/>\n<meta name=\"twitter:label1\" content=\"Estimated reading time\" \/>\n\t<meta name=\"twitter:data1\" content=\"1 minute\" \/>\n<script type=\"application\/ld+json\" class=\"yoast-schema-graph\">{\"@context\":\"https:\\\/\\\/schema.org\",\"@graph\":[{\"@type\":\"WebPage\",\"@id\":\"https:\\\/\\\/jalkistuotteet.com\\\/tuote\\\/jalkis-lammittava-hoitovoide\\\/\",\"url\":\"https:\\\/\\\/jalkistuotteet.com\\\/tuote\\\/jalkis-lammittava-hoitovoide\\\/\",\"name\":\"Jalkis l\u00e4mmitt\u00e4v\u00e4 hoitovoide &#8212; Jalkis verkkokauppa\",\"isPartOf\":{\"@id\":\"https:\\\/\\\/jalkistuotteet.com\\\/#website\"},\"primaryImageOfPage\":{\"@id\":\"https:\\\/\\\/jalkistuotteet.com\\\/tuote\\\/jalkis-lammittava-hoitovoide\\\/#primaryimage\"},\"image\":{\"@id\":\"https:\\\/\\\/jalkistuotteet.com\\\/tuote\\\/jalkis-lammittava-hoitovoide\\\/#primaryimage\"},\"thumbnailUrl\":\"https:\\\/\\\/jalkistuotteet.com\\\/wp-content\\\/uploads\\\/2022\\\/07\\\/Jalkis-lammittava-webshop-1-new.jpg\",\"datePublished\":\"2022-07-28T11:20:50+00:00\",\"dateModified\":\"2024-11-06T11:33:26+00:00\",\"breadcrumb\":{\"@id\":\"https:\\\/\\\/jalkistuotteet.com\\\/tuote\\\/jalkis-lammittava-hoitovoide\\\/#breadcrumb\"},\"inLanguage\":\"en-GB\",\"potentialAction\":[{\"@type\":\"ReadAction\",\"target\":[\"https:\\\/\\\/jalkistuotteet.com\\\/tuote\\\/jalkis-lammittava-hoitovoide\\\/\"]}]},{\"@type\":\"ImageObject\",\"inLanguage\":\"en-GB\",\"@id\":\"https:\\\/\\\/jalkistuotteet.com\\\/tuote\\\/jalkis-lammittava-hoitovoide\\\/#primaryimage\",\"url\":\"https:\\\/\\\/jalkistuotteet.com\\\/wp-content\\\/uploads\\\/2022\\\/07\\\/Jalkis-lammittava-webshop-1-new.jpg\",\"contentUrl\":\"https:\\\/\\\/jalkistuotteet.com\\\/wp-content\\\/uploads\\\/2022\\\/07\\\/Jalkis-lammittava-webshop-1-new.jpg\",\"width\":900,\"height\":900},{\"@type\":\"BreadcrumbList\",\"@id\":\"https:\\\/\\\/jalkistuotteet.com\\\/tuote\\\/jalkis-lammittava-hoitovoide\\\/#breadcrumb\",\"itemListElement\":[{\"@type\":\"ListItem\",\"position\":1,\"name\":\"Etusivu\",\"item\":\"https:\\\/\\\/jalkistuotteet.com\\\/\"},{\"@type\":\"ListItem\",\"position\":2,\"name\":\"Verkkokauppa\",\"item\":\"https:\\\/\\\/jalkistuotteet.com\\\/kauppa-2\\\/\"},{\"@type\":\"ListItem\",\"position\":3,\"name\":\"Jalkis l\u00e4mmitt\u00e4v\u00e4 hoitovoide\"}]},{\"@type\":\"WebSite\",\"@id\":\"https:\\\/\\\/jalkistuotteet.com\\\/#website\",\"url\":\"https:\\\/\\\/jalkistuotteet.com\\\/\",\"name\":\"Jalkis verkkokauppa\",\"description\":\"\",\"publisher\":{\"@id\":\"https:\\\/\\\/jalkistuotteet.com\\\/#organization\"},\"potentialAction\":[{\"@type\":\"SearchAction\",\"target\":{\"@type\":\"EntryPoint\",\"urlTemplate\":\"https:\\\/\\\/jalkistuotteet.com\\\/?s={search_term_string}\"},\"query-input\":{\"@type\":\"PropertyValueSpecification\",\"valueRequired\":true,\"valueName\":\"search_term_string\"}}],\"inLanguage\":\"en-GB\"},{\"@type\":\"Organization\",\"@id\":\"https:\\\/\\\/jalkistuotteet.com\\\/#organization\",\"name\":\"Jalkis Oy\",\"url\":\"https:\\\/\\\/jalkistuotteet.com\\\/\",\"logo\":{\"@type\":\"ImageObject\",\"inLanguage\":\"en-GB\",\"@id\":\"https:\\\/\\\/jalkistuotteet.com\\\/#\\\/schema\\\/logo\\\/image\\\/\",\"url\":\"https:\\\/\\\/jalkistuotteet.com\\\/wp-content\\\/uploads\\\/2023\\\/09\\\/jalkis-tunnuskuvake.png\",\"contentUrl\":\"https:\\\/\\\/jalkistuotteet.com\\\/wp-content\\\/uploads\\\/2023\\\/09\\\/jalkis-tunnuskuvake.png\",\"width\":512,\"height\":512,\"caption\":\"Jalkis Oy\"},\"image\":{\"@id\":\"https:\\\/\\\/jalkistuotteet.com\\\/#\\\/schema\\\/logo\\\/image\\\/\"},\"sameAs\":[\"https:\\\/\\\/www.facebook.com\\\/jalkistuotteet\"]}]}<\/script>\n<!-- \/ Yoast SEO plugin. -->","yoast_head_json":{"title":"Jalkis l\u00e4mmitt\u00e4v\u00e4 hoitovoide &#8212; Jalkis verkkokauppa","robots":{"index":"index","follow":"follow","max-snippet":"max-snippet:-1","max-image-preview":"max-image-preview:large","max-video-preview":"max-video-preview:-1"},"canonical":"https:\/\/jalkistuotteet.com\/en\/product\/jalkis-lammittava-hoitovoide\/","og_locale":"en_GB","og_type":"article","og_title":"Jalkis l\u00e4mmitt\u00e4v\u00e4 hoitovoide &#8212; Jalkis verkkokauppa","og_description":"Voiteen pintaverenkiertoa elvytt\u00e4v\u00e4 vaikutus virkist\u00e4\u00e4 v\u00e4syneet jalat. Aktiivisten aineisosien ansiosta voiteella on lihaskramppeja ja turvotusta ennaltaehk\u00e4isev\u00e4 vaikutus. Voide pehmitt\u00e4\u00e4 kovettumat tehokkaasti ja ennaltaehk\u00e4isee niiden muodostumista. Aktiivisten aineisosien vaikutuksesta voide rentouttaa kipeytyneit\u00e4 lihaksia, ja siksi voide soveltuukin k\u00e4ytett\u00e4v\u00e4ksi my\u00f6s lasten kasvukipuihin. Suositellaan k\u00e4ytett\u00e4v\u00e4ksi diabeetikoille.  Tuote ei sis\u00e4ll\u00e4 keinotekoisia haju-, v\u00e4ri- tai s\u00e4il\u00f6nt\u00e4aineita.  Pakkauskoko 140 ml","og_url":"https:\/\/jalkistuotteet.com\/en\/product\/jalkis-lammittava-hoitovoide\/","og_site_name":"Jalkis verkkokauppa","article_publisher":"https:\/\/www.facebook.com\/jalkistuotteet","article_modified_time":"2024-11-06T11:33:26+00:00","og_image":[{"width":900,"height":900,"url":"https:\/\/jalkistuotteet.com\/wp-content\/uploads\/2022\/07\/Jalkis-lammittava-webshop-1-new.jpg","type":"image\/jpeg"}],"twitter_card":"summary_large_image","twitter_misc":{"Estimated reading time":"1 minute"},"schema":{"@context":"https:\/\/schema.org","@graph":[{"@type":"WebPage","@id":"https:\/\/jalkistuotteet.com\/tuote\/jalkis-lammittava-hoitovoide\/","url":"https:\/\/jalkistuotteet.com\/tuote\/jalkis-lammittava-hoitovoide\/","name":"Jalkis l\u00e4mmitt\u00e4v\u00e4 hoitovoide &#8212; Jalkis verkkokauppa","isPartOf":{"@id":"https:\/\/jalkistuotteet.com\/#website"},"primaryImageOfPage":{"@id":"https:\/\/jalkistuotteet.com\/tuote\/jalkis-lammittava-hoitovoide\/#primaryimage"},"image":{"@id":"https:\/\/jalkistuotteet.com\/tuote\/jalkis-lammittava-hoitovoide\/#primaryimage"},"thumbnailUrl":"https:\/\/jalkistuotteet.com\/wp-content\/uploads\/2022\/07\/Jalkis-lammittava-webshop-1-new.jpg","datePublished":"2022-07-28T11:20:50+00:00","dateModified":"2024-11-06T11:33:26+00:00","breadcrumb":{"@id":"https:\/\/jalkistuotteet.com\/tuote\/jalkis-lammittava-hoitovoide\/#breadcrumb"},"inLanguage":"en-GB","potentialAction":[{"@type":"ReadAction","target":["https:\/\/jalkistuotteet.com\/tuote\/jalkis-lammittava-hoitovoide\/"]}]},{"@type":"ImageObject","inLanguage":"en-GB","@id":"https:\/\/jalkistuotteet.com\/tuote\/jalkis-lammittava-hoitovoide\/#primaryimage","url":"https:\/\/jalkistuotteet.com\/wp-content\/uploads\/2022\/07\/Jalkis-lammittava-webshop-1-new.jpg","contentUrl":"https:\/\/jalkistuotteet.com\/wp-content\/uploads\/2022\/07\/Jalkis-lammittava-webshop-1-new.jpg","width":900,"height":900},{"@type":"BreadcrumbList","@id":"https:\/\/jalkistuotteet.com\/tuote\/jalkis-lammittava-hoitovoide\/#breadcrumb","itemListElement":[{"@type":"ListItem","position":1,"name":"Etusivu","item":"https:\/\/jalkistuotteet.com\/"},{"@type":"ListItem","position":2,"name":"Verkkokauppa","item":"https:\/\/jalkistuotteet.com\/kauppa-2\/"},{"@type":"ListItem","position":3,"name":"Jalkis l\u00e4mmitt\u00e4v\u00e4 hoitovoide"}]},{"@type":"WebSite","@id":"https:\/\/jalkistuotteet.com\/#website","url":"https:\/\/jalkistuotteet.com\/","name":"Jalkis verkkokauppa","description":"","publisher":{"@id":"https:\/\/jalkistuotteet.com\/#organization"},"potentialAction":[{"@type":"SearchAction","target":{"@type":"EntryPoint","urlTemplate":"https:\/\/jalkistuotteet.com\/?s={search_term_string}"},"query-input":{"@type":"PropertyValueSpecification","valueRequired":true,"valueName":"search_term_string"}}],"inLanguage":"en-GB"},{"@type":"Organization","@id":"https:\/\/jalkistuotteet.com\/#organization","name":"Jalkis Oy","url":"https:\/\/jalkistuotteet.com\/","logo":{"@type":"ImageObject","inLanguage":"en-GB","@id":"https:\/\/jalkistuotteet.com\/#\/schema\/logo\/image\/","url":"https:\/\/jalkistuotteet.com\/wp-content\/uploads\/2023\/09\/jalkis-tunnuskuvake.png","contentUrl":"https:\/\/jalkistuotteet.com\/wp-content\/uploads\/2023\/09\/jalkis-tunnuskuvake.png","width":512,"height":512,"caption":"Jalkis Oy"},"image":{"@id":"https:\/\/jalkistuotteet.com\/#\/schema\/logo\/image\/"},"sameAs":["https:\/\/www.facebook.com\/jalkistuotteet"]}]}},"_links":{"self":[{"href":"https:\/\/jalkistuotteet.com\/en\/wp-json\/wp\/v2\/product\/125","targetHints":{"allow":["GET"]}}],"collection":[{"href":"https:\/\/jalkistuotteet.com\/en\/wp-json\/wp\/v2\/product"}],"about":[{"href":"https:\/\/jalkistuotteet.com\/en\/wp-json\/wp\/v2\/types\/product"}],"wp:featuredmedia":[{"embeddable":true,"href":"https:\/\/jalkistuotteet.com\/en\/wp-json\/wp\/v2\/media\/443"}],"wp:attachment":[{"href":"https:\/\/jalkistuotteet.com\/en\/wp-json\/wp\/v2\/media?parent=125"}],"wp:term":[{"taxonomy":"product_brand","embeddable":true,"href":"https:\/\/jalkistuotteet.com\/en\/wp-json\/wp\/v2\/product_brand?post=125"},{"taxonomy":"product_cat","embeddable":true,"href":"https:\/\/jalkistuotteet.com\/en\/wp-json\/wp\/v2\/product_cat?post=125"},{"taxonomy":"product_tag","embeddable":true,"href":"https:\/\/jalkistuotteet.com\/en\/wp-json\/wp\/v2\/product_tag?post=125"}],"curies":[{"name":"wp","href":"https:\/\/api.w.org\/{rel}","templated":true}]}}