{"id":353,"date":"2022-09-14T16:51:39","date_gmt":"2022-09-14T13:51:39","guid":{"rendered":"http:\/\/www.prodictum.pro\/?post_type=product&#038;p=353"},"modified":"2024-11-06T11:36:25","modified_gmt":"2024-11-06T11:36:25","slug":"nixi-inkivaarihoitovoide","status":"publish","type":"product","link":"https:\/\/jalkistuotteet.com\/en\/product\/nixi-inkivaarihoitovoide\/","title":{"rendered":"Nixi ginger treatment cream"},"content":{"rendered":"","protected":false},"excerpt":{"rendered":"<p>The active ingredients make the cream effective for aching muscles, joints and rheumatic pain. Used topically, ginger provides benefits without irritating the stomach. The cream is suitable for use all over the body from shoulders to toes. Ginger cream supports and enhances surface circulation, which relaxes the body. Recommended for athletes and for massage.<\/p>\n<p>The product does not contain artificial flavours, colours or preservatives.<\/p>\n<p><strong>Package size: 140 ml<\/strong><\/p>","protected":false},"featured_media":446,"template":"","meta":{"_acf_changed":false,"_et_pb_use_builder":"off","_et_pb_old_content":"<h2>Kuvaus:<\/h2>\r\nMielt\u00e4 ja kehoa rentouttava kylpysuola koostuu karkeasta merisuolasta, joka sis\u00e4lt\u00e4\u00e4 ihmisen terveydelle hy\u00f6dyllisi\u00e4 mineraaleja. Merisuolan k\u00e4yt\u00f6ll\u00e4 voidaan rentouttaa lihaksia, lievent\u00e4\u00e4 s\u00e4rkyj\u00e4 ja kosteuttaa ihoa. Kylpysuolalla on ihoa desinfioiva vaikutus, ja sen sis\u00e4lt\u00e4m\u00e4ll\u00e4 teatree-\u00f6ljyll\u00e4 on parantava vaikutus ihotulehduksiin, sek\u00e4 jalka- ja kynsisieniin. Lis\u00e4ksi teatree-\u00f6ljyll\u00e4 on immuunipuolustusta kohottavia, sek\u00e4 antiseptisi\u00e4 ja antibakteerisia ominaisuuksia.\r\n\r\n\u00a0\r\n<h2>Ihotyyppi:<\/h2>\r\nhikoilevat jalat, jalkasilsat- ja sienet, kuiva iho, halkeilevat kantap\u00e4\u00e4t, levottomat jalat.\r\n\r\n\u00a0\r\n<h2>Ominaisuudet:<\/h2>\r\ndesinfioiva, tulehduksia hoitava, kosteuttava, rauhoittava, hikoilua ennaltaehk\u00e4isev\u00e4.\r\n\r\n\u00a0\r\n<h2>K\u00e4ytt\u00f6ohje:<\/h2>\r\nK\u00e4yt\u00e4 v\u00e4hint\u00e4\u00e4n kerran viikossa. Annostele yksi ruokalusikallinen Jalkis \u2013kylpysuolaa nelj\u00e4\u00e4 vesilitraa kohti. Kylvet\u00e4 jalkoja 5-10 minuuttia l\u00e4mpim\u00e4ss\u00e4 vedess\u00e4. Kuivaa jalat ja varpaiden v\u00e4lit huolellisesti jalkakylvyn r\u00e5j\u00e4lkeen. Viimeistele jalkahoito Jalkis \u2013tuoteperheen hoitotuotteilla. Parhaan tuloksen saavuttamiseksi k\u00e4yt\u00e4 alussa useammin ja jatka sitten s\u00e4\u00e4nn\u00f6llisesti k\u00e4ytt\u00f6\u00e4. T\u00e4ll\u00f6in ehk\u00e4iset sieni-infektioiden levi\u00e4mist\u00e4 ja uusiutumista.\r\n\r\n\u00a0\r\n<h2>Inci:<\/h2>\r\nkarkea merisuola, eucalyptus citriodora oil, teepuu\u00f6ljy","_et_gb_content_width":""},"product_brand":[],"product_cat":[22],"product_tag":[],"class_list":{"0":"post-353","1":"product","2":"type-product","3":"status-publish","4":"has-post-thumbnail","6":"product_cat-voiteet","8":"first","9":"instock","10":"featured","11":"taxable","12":"shipping-taxable","13":"purchasable","14":"product-type-simple"},"acf":[],"yoast_head":"<!-- This site is optimized with the Yoast SEO plugin v27.4 - https:\/\/yoast.com\/product\/yoast-seo-wordpress\/ -->\n<title>Nixi inkiv\u00e4\u00e4rihoitovoide &#8212; Jalkis verkkokauppa<\/title>\n<meta name=\"robots\" content=\"index, follow, max-snippet:-1, max-image-preview:large, max-video-preview:-1\" \/>\n<link rel=\"canonical\" href=\"https:\/\/jalkistuotteet.com\/en\/product\/nixi-inkivaarihoitovoide\/\" \/>\n<meta property=\"og:locale\" content=\"en_GB\" \/>\n<meta property=\"og:type\" content=\"article\" \/>\n<meta property=\"og:title\" content=\"Nixi inkiv\u00e4\u00e4rihoitovoide &#8212; Jalkis verkkokauppa\" \/>\n<meta property=\"og:description\" content=\"Aktiivisten aineisosien vaikutuksesta voide tehoaa s\u00e4rkeville lihaksille, nivelille ja reumakipuihin. Paikallisesti k\u00e4ytettyn\u00e4 inkiv\u00e4\u00e4rist\u00e4 saadaan hy\u00f6ty ilman vatsan \u00e4rsytyst\u00e4. Voide soveltuu k\u00e4ytett\u00e4v\u00e4ksi koko keholle hartioista varpaisiin asti. Inkiv\u00e4\u00e4rivoide tukee ja tehostaa pintaverenkiertoa, joka rentouttaa kehoa. Suositellaan urheilijoille sek\u00e4 hierontaan.  Tuote ei sis\u00e4ll\u00e4 keinotekoisia haju-, v\u00e4ri- tai s\u00e4il\u00f6nt\u00e4aineita.  Pakkauskoko: 140 ml\" \/>\n<meta property=\"og:url\" content=\"https:\/\/jalkistuotteet.com\/en\/product\/nixi-inkivaarihoitovoide\/\" \/>\n<meta property=\"og:site_name\" content=\"Jalkis verkkokauppa\" \/>\n<meta property=\"article:publisher\" content=\"https:\/\/www.facebook.com\/jalkistuotteet\" \/>\n<meta property=\"article:modified_time\" content=\"2024-11-06T11:36:25+00:00\" \/>\n<meta property=\"og:image\" content=\"https:\/\/jalkistuotteet.com\/wp-content\/uploads\/2022\/09\/Nixi-inkivaari-webshop-new.jpg\" \/>\n\t<meta property=\"og:image:width\" content=\"900\" \/>\n\t<meta property=\"og:image:height\" content=\"900\" \/>\n\t<meta property=\"og:image:type\" content=\"image\/jpeg\" \/>\n<meta name=\"twitter:card\" content=\"summary_large_image\" \/>\n<meta name=\"twitter:label1\" content=\"Estimated reading time\" \/>\n\t<meta name=\"twitter:data1\" content=\"1 minute\" \/>\n<script type=\"application\/ld+json\" class=\"yoast-schema-graph\">{\"@context\":\"https:\\\/\\\/schema.org\",\"@graph\":[{\"@type\":\"WebPage\",\"@id\":\"https:\\\/\\\/jalkistuotteet.com\\\/tuote\\\/nixi-inkivaarihoitovoide\\\/\",\"url\":\"https:\\\/\\\/jalkistuotteet.com\\\/tuote\\\/nixi-inkivaarihoitovoide\\\/\",\"name\":\"Nixi inkiv\u00e4\u00e4rihoitovoide &#8212; Jalkis verkkokauppa\",\"isPartOf\":{\"@id\":\"https:\\\/\\\/jalkistuotteet.com\\\/#website\"},\"primaryImageOfPage\":{\"@id\":\"https:\\\/\\\/jalkistuotteet.com\\\/tuote\\\/nixi-inkivaarihoitovoide\\\/#primaryimage\"},\"image\":{\"@id\":\"https:\\\/\\\/jalkistuotteet.com\\\/tuote\\\/nixi-inkivaarihoitovoide\\\/#primaryimage\"},\"thumbnailUrl\":\"https:\\\/\\\/jalkistuotteet.com\\\/wp-content\\\/uploads\\\/2022\\\/09\\\/Nixi-inkivaari-webshop-new.jpg\",\"datePublished\":\"2022-09-14T13:51:39+00:00\",\"dateModified\":\"2024-11-06T11:36:25+00:00\",\"breadcrumb\":{\"@id\":\"https:\\\/\\\/jalkistuotteet.com\\\/tuote\\\/nixi-inkivaarihoitovoide\\\/#breadcrumb\"},\"inLanguage\":\"en-GB\",\"potentialAction\":[{\"@type\":\"ReadAction\",\"target\":[\"https:\\\/\\\/jalkistuotteet.com\\\/tuote\\\/nixi-inkivaarihoitovoide\\\/\"]}]},{\"@type\":\"ImageObject\",\"inLanguage\":\"en-GB\",\"@id\":\"https:\\\/\\\/jalkistuotteet.com\\\/tuote\\\/nixi-inkivaarihoitovoide\\\/#primaryimage\",\"url\":\"https:\\\/\\\/jalkistuotteet.com\\\/wp-content\\\/uploads\\\/2022\\\/09\\\/Nixi-inkivaari-webshop-new.jpg\",\"contentUrl\":\"https:\\\/\\\/jalkistuotteet.com\\\/wp-content\\\/uploads\\\/2022\\\/09\\\/Nixi-inkivaari-webshop-new.jpg\",\"width\":900,\"height\":900},{\"@type\":\"BreadcrumbList\",\"@id\":\"https:\\\/\\\/jalkistuotteet.com\\\/tuote\\\/nixi-inkivaarihoitovoide\\\/#breadcrumb\",\"itemListElement\":[{\"@type\":\"ListItem\",\"position\":1,\"name\":\"Etusivu\",\"item\":\"https:\\\/\\\/jalkistuotteet.com\\\/\"},{\"@type\":\"ListItem\",\"position\":2,\"name\":\"Verkkokauppa\",\"item\":\"https:\\\/\\\/jalkistuotteet.com\\\/kauppa-2\\\/\"},{\"@type\":\"ListItem\",\"position\":3,\"name\":\"Nixi inkiv\u00e4\u00e4rihoitovoide\"}]},{\"@type\":\"WebSite\",\"@id\":\"https:\\\/\\\/jalkistuotteet.com\\\/#website\",\"url\":\"https:\\\/\\\/jalkistuotteet.com\\\/\",\"name\":\"Jalkis verkkokauppa\",\"description\":\"\",\"publisher\":{\"@id\":\"https:\\\/\\\/jalkistuotteet.com\\\/#organization\"},\"potentialAction\":[{\"@type\":\"SearchAction\",\"target\":{\"@type\":\"EntryPoint\",\"urlTemplate\":\"https:\\\/\\\/jalkistuotteet.com\\\/?s={search_term_string}\"},\"query-input\":{\"@type\":\"PropertyValueSpecification\",\"valueRequired\":true,\"valueName\":\"search_term_string\"}}],\"inLanguage\":\"en-GB\"},{\"@type\":\"Organization\",\"@id\":\"https:\\\/\\\/jalkistuotteet.com\\\/#organization\",\"name\":\"Jalkis Oy\",\"url\":\"https:\\\/\\\/jalkistuotteet.com\\\/\",\"logo\":{\"@type\":\"ImageObject\",\"inLanguage\":\"en-GB\",\"@id\":\"https:\\\/\\\/jalkistuotteet.com\\\/#\\\/schema\\\/logo\\\/image\\\/\",\"url\":\"https:\\\/\\\/jalkistuotteet.com\\\/wp-content\\\/uploads\\\/2023\\\/09\\\/jalkis-tunnuskuvake.png\",\"contentUrl\":\"https:\\\/\\\/jalkistuotteet.com\\\/wp-content\\\/uploads\\\/2023\\\/09\\\/jalkis-tunnuskuvake.png\",\"width\":512,\"height\":512,\"caption\":\"Jalkis Oy\"},\"image\":{\"@id\":\"https:\\\/\\\/jalkistuotteet.com\\\/#\\\/schema\\\/logo\\\/image\\\/\"},\"sameAs\":[\"https:\\\/\\\/www.facebook.com\\\/jalkistuotteet\"]}]}<\/script>\n<!-- \/ Yoast SEO plugin. -->","yoast_head_json":{"title":"Nixi inkiv\u00e4\u00e4rihoitovoide &#8212; Jalkis verkkokauppa","robots":{"index":"index","follow":"follow","max-snippet":"max-snippet:-1","max-image-preview":"max-image-preview:large","max-video-preview":"max-video-preview:-1"},"canonical":"https:\/\/jalkistuotteet.com\/en\/product\/nixi-inkivaarihoitovoide\/","og_locale":"en_GB","og_type":"article","og_title":"Nixi inkiv\u00e4\u00e4rihoitovoide &#8212; Jalkis verkkokauppa","og_description":"Aktiivisten aineisosien vaikutuksesta voide tehoaa s\u00e4rkeville lihaksille, nivelille ja reumakipuihin. Paikallisesti k\u00e4ytettyn\u00e4 inkiv\u00e4\u00e4rist\u00e4 saadaan hy\u00f6ty ilman vatsan \u00e4rsytyst\u00e4. Voide soveltuu k\u00e4ytett\u00e4v\u00e4ksi koko keholle hartioista varpaisiin asti. Inkiv\u00e4\u00e4rivoide tukee ja tehostaa pintaverenkiertoa, joka rentouttaa kehoa. Suositellaan urheilijoille sek\u00e4 hierontaan.  Tuote ei sis\u00e4ll\u00e4 keinotekoisia haju-, v\u00e4ri- tai s\u00e4il\u00f6nt\u00e4aineita.  Pakkauskoko: 140 ml","og_url":"https:\/\/jalkistuotteet.com\/en\/product\/nixi-inkivaarihoitovoide\/","og_site_name":"Jalkis verkkokauppa","article_publisher":"https:\/\/www.facebook.com\/jalkistuotteet","article_modified_time":"2024-11-06T11:36:25+00:00","og_image":[{"width":900,"height":900,"url":"https:\/\/jalkistuotteet.com\/wp-content\/uploads\/2022\/09\/Nixi-inkivaari-webshop-new.jpg","type":"image\/jpeg"}],"twitter_card":"summary_large_image","twitter_misc":{"Estimated reading time":"1 minute"},"schema":{"@context":"https:\/\/schema.org","@graph":[{"@type":"WebPage","@id":"https:\/\/jalkistuotteet.com\/tuote\/nixi-inkivaarihoitovoide\/","url":"https:\/\/jalkistuotteet.com\/tuote\/nixi-inkivaarihoitovoide\/","name":"Nixi inkiv\u00e4\u00e4rihoitovoide &#8212; Jalkis verkkokauppa","isPartOf":{"@id":"https:\/\/jalkistuotteet.com\/#website"},"primaryImageOfPage":{"@id":"https:\/\/jalkistuotteet.com\/tuote\/nixi-inkivaarihoitovoide\/#primaryimage"},"image":{"@id":"https:\/\/jalkistuotteet.com\/tuote\/nixi-inkivaarihoitovoide\/#primaryimage"},"thumbnailUrl":"https:\/\/jalkistuotteet.com\/wp-content\/uploads\/2022\/09\/Nixi-inkivaari-webshop-new.jpg","datePublished":"2022-09-14T13:51:39+00:00","dateModified":"2024-11-06T11:36:25+00:00","breadcrumb":{"@id":"https:\/\/jalkistuotteet.com\/tuote\/nixi-inkivaarihoitovoide\/#breadcrumb"},"inLanguage":"en-GB","potentialAction":[{"@type":"ReadAction","target":["https:\/\/jalkistuotteet.com\/tuote\/nixi-inkivaarihoitovoide\/"]}]},{"@type":"ImageObject","inLanguage":"en-GB","@id":"https:\/\/jalkistuotteet.com\/tuote\/nixi-inkivaarihoitovoide\/#primaryimage","url":"https:\/\/jalkistuotteet.com\/wp-content\/uploads\/2022\/09\/Nixi-inkivaari-webshop-new.jpg","contentUrl":"https:\/\/jalkistuotteet.com\/wp-content\/uploads\/2022\/09\/Nixi-inkivaari-webshop-new.jpg","width":900,"height":900},{"@type":"BreadcrumbList","@id":"https:\/\/jalkistuotteet.com\/tuote\/nixi-inkivaarihoitovoide\/#breadcrumb","itemListElement":[{"@type":"ListItem","position":1,"name":"Etusivu","item":"https:\/\/jalkistuotteet.com\/"},{"@type":"ListItem","position":2,"name":"Verkkokauppa","item":"https:\/\/jalkistuotteet.com\/kauppa-2\/"},{"@type":"ListItem","position":3,"name":"Nixi inkiv\u00e4\u00e4rihoitovoide"}]},{"@type":"WebSite","@id":"https:\/\/jalkistuotteet.com\/#website","url":"https:\/\/jalkistuotteet.com\/","name":"Jalkis verkkokauppa","description":"","publisher":{"@id":"https:\/\/jalkistuotteet.com\/#organization"},"potentialAction":[{"@type":"SearchAction","target":{"@type":"EntryPoint","urlTemplate":"https:\/\/jalkistuotteet.com\/?s={search_term_string}"},"query-input":{"@type":"PropertyValueSpecification","valueRequired":true,"valueName":"search_term_string"}}],"inLanguage":"en-GB"},{"@type":"Organization","@id":"https:\/\/jalkistuotteet.com\/#organization","name":"Jalkis Oy","url":"https:\/\/jalkistuotteet.com\/","logo":{"@type":"ImageObject","inLanguage":"en-GB","@id":"https:\/\/jalkistuotteet.com\/#\/schema\/logo\/image\/","url":"https:\/\/jalkistuotteet.com\/wp-content\/uploads\/2023\/09\/jalkis-tunnuskuvake.png","contentUrl":"https:\/\/jalkistuotteet.com\/wp-content\/uploads\/2023\/09\/jalkis-tunnuskuvake.png","width":512,"height":512,"caption":"Jalkis Oy"},"image":{"@id":"https:\/\/jalkistuotteet.com\/#\/schema\/logo\/image\/"},"sameAs":["https:\/\/www.facebook.com\/jalkistuotteet"]}]}},"_links":{"self":[{"href":"https:\/\/jalkistuotteet.com\/en\/wp-json\/wp\/v2\/product\/353","targetHints":{"allow":["GET"]}}],"collection":[{"href":"https:\/\/jalkistuotteet.com\/en\/wp-json\/wp\/v2\/product"}],"about":[{"href":"https:\/\/jalkistuotteet.com\/en\/wp-json\/wp\/v2\/types\/product"}],"wp:featuredmedia":[{"embeddable":true,"href":"https:\/\/jalkistuotteet.com\/en\/wp-json\/wp\/v2\/media\/446"}],"wp:attachment":[{"href":"https:\/\/jalkistuotteet.com\/en\/wp-json\/wp\/v2\/media?parent=353"}],"wp:term":[{"taxonomy":"product_brand","embeddable":true,"href":"https:\/\/jalkistuotteet.com\/en\/wp-json\/wp\/v2\/product_brand?post=353"},{"taxonomy":"product_cat","embeddable":true,"href":"https:\/\/jalkistuotteet.com\/en\/wp-json\/wp\/v2\/product_cat?post=353"},{"taxonomy":"product_tag","embeddable":true,"href":"https:\/\/jalkistuotteet.com\/en\/wp-json\/wp\/v2\/product_tag?post=353"}],"curies":[{"name":"wp","href":"https:\/\/api.w.org\/{rel}","templated":true}]}}