{"id":359,"date":"2022-09-14T17:32:54","date_gmt":"2022-09-14T14:32:54","guid":{"rendered":"http:\/\/www.prodictum.pro\/?post_type=product&#038;p=359"},"modified":"2024-11-06T11:43:11","modified_gmt":"2024-11-06T11:43:11","slug":"kenkis-nahanhoitoaine","status":"publish","type":"product","link":"https:\/\/jalkistuotteet.com\/en\/product\/kenkis-nahanhoitoaine\/","title":{"rendered":"Kenkis leather conditioner"},"content":{"rendered":"","protected":false},"excerpt":{"rendered":"<p>Kenkis is a non-staining skin care and protection product. The shoe is ideal for all leather products such as sofas, bags, gloves and leather garments.<\/p>\n<p><strong>Package size: 140 ml<\/strong><\/p>","protected":false},"featured_media":430,"template":"","meta":{"_acf_changed":false,"_et_pb_use_builder":"off","_et_pb_old_content":"<h2>Kuvaus:<\/h2>\r\nMielt\u00e4 ja kehoa rentouttava kylpysuola koostuu karkeasta merisuolasta, joka sis\u00e4lt\u00e4\u00e4 ihmisen terveydelle hy\u00f6dyllisi\u00e4 mineraaleja. Merisuolan k\u00e4yt\u00f6ll\u00e4 voidaan rentouttaa lihaksia, lievent\u00e4\u00e4 s\u00e4rkyj\u00e4 ja kosteuttaa ihoa. Kylpysuolalla on ihoa desinfioiva vaikutus, ja sen sis\u00e4lt\u00e4m\u00e4ll\u00e4 teatree-\u00f6ljyll\u00e4 on parantava vaikutus ihotulehduksiin, sek\u00e4 jalka- ja kynsisieniin. Lis\u00e4ksi teatree-\u00f6ljyll\u00e4 on immuunipuolustusta kohottavia, sek\u00e4 antiseptisi\u00e4 ja antibakteerisia ominaisuuksia.\r\n\r\n\u00a0\r\n<h2>Ihotyyppi:<\/h2>\r\nhikoilevat jalat, jalkasilsat- ja sienet, kuiva iho, halkeilevat kantap\u00e4\u00e4t, levottomat jalat.\r\n\r\n\u00a0\r\n<h2>Ominaisuudet:<\/h2>\r\ndesinfioiva, tulehduksia hoitava, kosteuttava, rauhoittava, hikoilua ennaltaehk\u00e4isev\u00e4.\r\n\r\n\u00a0\r\n<h2>K\u00e4ytt\u00f6ohje:<\/h2>\r\nK\u00e4yt\u00e4 v\u00e4hint\u00e4\u00e4n kerran viikossa. Annostele yksi ruokalusikallinen Jalkis \u2013kylpysuolaa nelj\u00e4\u00e4 vesilitraa kohti. Kylvet\u00e4 jalkoja 5-10 minuuttia l\u00e4mpim\u00e4ss\u00e4 vedess\u00e4. Kuivaa jalat ja varpaiden v\u00e4lit huolellisesti jalkakylvyn r\u00e5j\u00e4lkeen. Viimeistele jalkahoito Jalkis \u2013tuoteperheen hoitotuotteilla. Parhaan tuloksen saavuttamiseksi k\u00e4yt\u00e4 alussa useammin ja jatka sitten s\u00e4\u00e4nn\u00f6llisesti k\u00e4ytt\u00f6\u00e4. T\u00e4ll\u00f6in ehk\u00e4iset sieni-infektioiden levi\u00e4mist\u00e4 ja uusiutumista.\r\n\r\n\u00a0\r\n<h2>Inci:<\/h2>\r\nkarkea merisuola, eucalyptus citriodora oil, teepuu\u00f6ljy","_et_gb_content_width":""},"product_brand":[],"product_cat":[19],"product_tag":[],"class_list":{"0":"post-359","1":"product","2":"type-product","3":"status-publish","4":"has-post-thumbnail","6":"product_cat-muut","8":"first","9":"instock","10":"taxable","11":"shipping-taxable","12":"purchasable","13":"product-type-simple"},"acf":[],"yoast_head":"<!-- This site is optimized with the Yoast SEO plugin v27.4 - https:\/\/yoast.com\/product\/yoast-seo-wordpress\/ -->\n<title>Kenkis-nahanhoitoaine &#8212; Jalkis verkkokauppa<\/title>\n<meta name=\"robots\" content=\"index, follow, max-snippet:-1, max-image-preview:large, max-video-preview:-1\" \/>\n<link rel=\"canonical\" href=\"https:\/\/jalkistuotteet.com\/en\/product\/kenkis-nahanhoitoaine\/\" \/>\n<meta property=\"og:locale\" content=\"en_GB\" \/>\n<meta property=\"og:type\" content=\"article\" \/>\n<meta property=\"og:title\" content=\"Kenkis-nahanhoitoaine &#8212; Jalkis verkkokauppa\" \/>\n<meta property=\"og:description\" content=\"Kenkis on v\u00e4rj\u00e4\u00e4m\u00e4t\u00f6n nahanhoito- ja suoja-aine. Kenkis soveltuu erinomaisesti kaikille nahkatuotteille, kuten sohville, laukuille, k\u00e4sineille ja nahkavaatteille.  Pakkauskoko: 140 ml\" \/>\n<meta property=\"og:url\" content=\"https:\/\/jalkistuotteet.com\/en\/product\/kenkis-nahanhoitoaine\/\" \/>\n<meta property=\"og:site_name\" content=\"Jalkis verkkokauppa\" \/>\n<meta property=\"article:publisher\" content=\"https:\/\/www.facebook.com\/jalkistuotteet\" \/>\n<meta property=\"article:modified_time\" content=\"2024-11-06T11:43:11+00:00\" \/>\n<meta property=\"og:image\" content=\"https:\/\/jalkistuotteet.com\/wp-content\/uploads\/2022\/09\/Kenkis-webshop-1.jpg\" \/>\n\t<meta property=\"og:image:width\" content=\"900\" \/>\n\t<meta property=\"og:image:height\" content=\"900\" \/>\n\t<meta property=\"og:image:type\" content=\"image\/jpeg\" \/>\n<meta name=\"twitter:card\" content=\"summary_large_image\" \/>\n<meta name=\"twitter:label1\" content=\"Estimated reading time\" \/>\n\t<meta name=\"twitter:data1\" content=\"1 minute\" \/>\n<script type=\"application\/ld+json\" class=\"yoast-schema-graph\">{\"@context\":\"https:\\\/\\\/schema.org\",\"@graph\":[{\"@type\":\"WebPage\",\"@id\":\"https:\\\/\\\/jalkistuotteet.com\\\/tuote\\\/kenkis-nahanhoitoaine\\\/\",\"url\":\"https:\\\/\\\/jalkistuotteet.com\\\/tuote\\\/kenkis-nahanhoitoaine\\\/\",\"name\":\"Kenkis-nahanhoitoaine &#8212; Jalkis verkkokauppa\",\"isPartOf\":{\"@id\":\"https:\\\/\\\/jalkistuotteet.com\\\/#website\"},\"primaryImageOfPage\":{\"@id\":\"https:\\\/\\\/jalkistuotteet.com\\\/tuote\\\/kenkis-nahanhoitoaine\\\/#primaryimage\"},\"image\":{\"@id\":\"https:\\\/\\\/jalkistuotteet.com\\\/tuote\\\/kenkis-nahanhoitoaine\\\/#primaryimage\"},\"thumbnailUrl\":\"https:\\\/\\\/jalkistuotteet.com\\\/wp-content\\\/uploads\\\/2022\\\/09\\\/Kenkis-webshop-1.jpg\",\"datePublished\":\"2022-09-14T14:32:54+00:00\",\"dateModified\":\"2024-11-06T11:43:11+00:00\",\"breadcrumb\":{\"@id\":\"https:\\\/\\\/jalkistuotteet.com\\\/tuote\\\/kenkis-nahanhoitoaine\\\/#breadcrumb\"},\"inLanguage\":\"en-GB\",\"potentialAction\":[{\"@type\":\"ReadAction\",\"target\":[\"https:\\\/\\\/jalkistuotteet.com\\\/tuote\\\/kenkis-nahanhoitoaine\\\/\"]}]},{\"@type\":\"ImageObject\",\"inLanguage\":\"en-GB\",\"@id\":\"https:\\\/\\\/jalkistuotteet.com\\\/tuote\\\/kenkis-nahanhoitoaine\\\/#primaryimage\",\"url\":\"https:\\\/\\\/jalkistuotteet.com\\\/wp-content\\\/uploads\\\/2022\\\/09\\\/Kenkis-webshop-1.jpg\",\"contentUrl\":\"https:\\\/\\\/jalkistuotteet.com\\\/wp-content\\\/uploads\\\/2022\\\/09\\\/Kenkis-webshop-1.jpg\",\"width\":900,\"height\":900},{\"@type\":\"BreadcrumbList\",\"@id\":\"https:\\\/\\\/jalkistuotteet.com\\\/tuote\\\/kenkis-nahanhoitoaine\\\/#breadcrumb\",\"itemListElement\":[{\"@type\":\"ListItem\",\"position\":1,\"name\":\"Etusivu\",\"item\":\"https:\\\/\\\/jalkistuotteet.com\\\/\"},{\"@type\":\"ListItem\",\"position\":2,\"name\":\"Verkkokauppa\",\"item\":\"https:\\\/\\\/jalkistuotteet.com\\\/kauppa-2\\\/\"},{\"@type\":\"ListItem\",\"position\":3,\"name\":\"Kenkis-nahanhoitoaine\"}]},{\"@type\":\"WebSite\",\"@id\":\"https:\\\/\\\/jalkistuotteet.com\\\/#website\",\"url\":\"https:\\\/\\\/jalkistuotteet.com\\\/\",\"name\":\"Jalkis verkkokauppa\",\"description\":\"\",\"publisher\":{\"@id\":\"https:\\\/\\\/jalkistuotteet.com\\\/#organization\"},\"potentialAction\":[{\"@type\":\"SearchAction\",\"target\":{\"@type\":\"EntryPoint\",\"urlTemplate\":\"https:\\\/\\\/jalkistuotteet.com\\\/?s={search_term_string}\"},\"query-input\":{\"@type\":\"PropertyValueSpecification\",\"valueRequired\":true,\"valueName\":\"search_term_string\"}}],\"inLanguage\":\"en-GB\"},{\"@type\":\"Organization\",\"@id\":\"https:\\\/\\\/jalkistuotteet.com\\\/#organization\",\"name\":\"Jalkis Oy\",\"url\":\"https:\\\/\\\/jalkistuotteet.com\\\/\",\"logo\":{\"@type\":\"ImageObject\",\"inLanguage\":\"en-GB\",\"@id\":\"https:\\\/\\\/jalkistuotteet.com\\\/#\\\/schema\\\/logo\\\/image\\\/\",\"url\":\"https:\\\/\\\/jalkistuotteet.com\\\/wp-content\\\/uploads\\\/2023\\\/09\\\/jalkis-tunnuskuvake.png\",\"contentUrl\":\"https:\\\/\\\/jalkistuotteet.com\\\/wp-content\\\/uploads\\\/2023\\\/09\\\/jalkis-tunnuskuvake.png\",\"width\":512,\"height\":512,\"caption\":\"Jalkis Oy\"},\"image\":{\"@id\":\"https:\\\/\\\/jalkistuotteet.com\\\/#\\\/schema\\\/logo\\\/image\\\/\"},\"sameAs\":[\"https:\\\/\\\/www.facebook.com\\\/jalkistuotteet\"]}]}<\/script>\n<!-- \/ Yoast SEO plugin. -->","yoast_head_json":{"title":"Kenkis-nahanhoitoaine &#8212; Jalkis verkkokauppa","robots":{"index":"index","follow":"follow","max-snippet":"max-snippet:-1","max-image-preview":"max-image-preview:large","max-video-preview":"max-video-preview:-1"},"canonical":"https:\/\/jalkistuotteet.com\/en\/product\/kenkis-nahanhoitoaine\/","og_locale":"en_GB","og_type":"article","og_title":"Kenkis-nahanhoitoaine &#8212; Jalkis verkkokauppa","og_description":"Kenkis on v\u00e4rj\u00e4\u00e4m\u00e4t\u00f6n nahanhoito- ja suoja-aine. Kenkis soveltuu erinomaisesti kaikille nahkatuotteille, kuten sohville, laukuille, k\u00e4sineille ja nahkavaatteille.  Pakkauskoko: 140 ml","og_url":"https:\/\/jalkistuotteet.com\/en\/product\/kenkis-nahanhoitoaine\/","og_site_name":"Jalkis verkkokauppa","article_publisher":"https:\/\/www.facebook.com\/jalkistuotteet","article_modified_time":"2024-11-06T11:43:11+00:00","og_image":[{"width":900,"height":900,"url":"https:\/\/jalkistuotteet.com\/wp-content\/uploads\/2022\/09\/Kenkis-webshop-1.jpg","type":"image\/jpeg"}],"twitter_card":"summary_large_image","twitter_misc":{"Estimated reading time":"1 minute"},"schema":{"@context":"https:\/\/schema.org","@graph":[{"@type":"WebPage","@id":"https:\/\/jalkistuotteet.com\/tuote\/kenkis-nahanhoitoaine\/","url":"https:\/\/jalkistuotteet.com\/tuote\/kenkis-nahanhoitoaine\/","name":"Kenkis-nahanhoitoaine &#8212; Jalkis verkkokauppa","isPartOf":{"@id":"https:\/\/jalkistuotteet.com\/#website"},"primaryImageOfPage":{"@id":"https:\/\/jalkistuotteet.com\/tuote\/kenkis-nahanhoitoaine\/#primaryimage"},"image":{"@id":"https:\/\/jalkistuotteet.com\/tuote\/kenkis-nahanhoitoaine\/#primaryimage"},"thumbnailUrl":"https:\/\/jalkistuotteet.com\/wp-content\/uploads\/2022\/09\/Kenkis-webshop-1.jpg","datePublished":"2022-09-14T14:32:54+00:00","dateModified":"2024-11-06T11:43:11+00:00","breadcrumb":{"@id":"https:\/\/jalkistuotteet.com\/tuote\/kenkis-nahanhoitoaine\/#breadcrumb"},"inLanguage":"en-GB","potentialAction":[{"@type":"ReadAction","target":["https:\/\/jalkistuotteet.com\/tuote\/kenkis-nahanhoitoaine\/"]}]},{"@type":"ImageObject","inLanguage":"en-GB","@id":"https:\/\/jalkistuotteet.com\/tuote\/kenkis-nahanhoitoaine\/#primaryimage","url":"https:\/\/jalkistuotteet.com\/wp-content\/uploads\/2022\/09\/Kenkis-webshop-1.jpg","contentUrl":"https:\/\/jalkistuotteet.com\/wp-content\/uploads\/2022\/09\/Kenkis-webshop-1.jpg","width":900,"height":900},{"@type":"BreadcrumbList","@id":"https:\/\/jalkistuotteet.com\/tuote\/kenkis-nahanhoitoaine\/#breadcrumb","itemListElement":[{"@type":"ListItem","position":1,"name":"Etusivu","item":"https:\/\/jalkistuotteet.com\/"},{"@type":"ListItem","position":2,"name":"Verkkokauppa","item":"https:\/\/jalkistuotteet.com\/kauppa-2\/"},{"@type":"ListItem","position":3,"name":"Kenkis-nahanhoitoaine"}]},{"@type":"WebSite","@id":"https:\/\/jalkistuotteet.com\/#website","url":"https:\/\/jalkistuotteet.com\/","name":"Jalkis verkkokauppa","description":"","publisher":{"@id":"https:\/\/jalkistuotteet.com\/#organization"},"potentialAction":[{"@type":"SearchAction","target":{"@type":"EntryPoint","urlTemplate":"https:\/\/jalkistuotteet.com\/?s={search_term_string}"},"query-input":{"@type":"PropertyValueSpecification","valueRequired":true,"valueName":"search_term_string"}}],"inLanguage":"en-GB"},{"@type":"Organization","@id":"https:\/\/jalkistuotteet.com\/#organization","name":"Jalkis Oy","url":"https:\/\/jalkistuotteet.com\/","logo":{"@type":"ImageObject","inLanguage":"en-GB","@id":"https:\/\/jalkistuotteet.com\/#\/schema\/logo\/image\/","url":"https:\/\/jalkistuotteet.com\/wp-content\/uploads\/2023\/09\/jalkis-tunnuskuvake.png","contentUrl":"https:\/\/jalkistuotteet.com\/wp-content\/uploads\/2023\/09\/jalkis-tunnuskuvake.png","width":512,"height":512,"caption":"Jalkis Oy"},"image":{"@id":"https:\/\/jalkistuotteet.com\/#\/schema\/logo\/image\/"},"sameAs":["https:\/\/www.facebook.com\/jalkistuotteet"]}]}},"_links":{"self":[{"href":"https:\/\/jalkistuotteet.com\/en\/wp-json\/wp\/v2\/product\/359","targetHints":{"allow":["GET"]}}],"collection":[{"href":"https:\/\/jalkistuotteet.com\/en\/wp-json\/wp\/v2\/product"}],"about":[{"href":"https:\/\/jalkistuotteet.com\/en\/wp-json\/wp\/v2\/types\/product"}],"wp:featuredmedia":[{"embeddable":true,"href":"https:\/\/jalkistuotteet.com\/en\/wp-json\/wp\/v2\/media\/430"}],"wp:attachment":[{"href":"https:\/\/jalkistuotteet.com\/en\/wp-json\/wp\/v2\/media?parent=359"}],"wp:term":[{"taxonomy":"product_brand","embeddable":true,"href":"https:\/\/jalkistuotteet.com\/en\/wp-json\/wp\/v2\/product_brand?post=359"},{"taxonomy":"product_cat","embeddable":true,"href":"https:\/\/jalkistuotteet.com\/en\/wp-json\/wp\/v2\/product_cat?post=359"},{"taxonomy":"product_tag","embeddable":true,"href":"https:\/\/jalkistuotteet.com\/en\/wp-json\/wp\/v2\/product_tag?post=359"}],"curies":[{"name":"wp","href":"https:\/\/api.w.org\/{rel}","templated":true}]}}