{"id":360,"date":"2022-09-14T17:56:36","date_gmt":"2022-09-14T14:56:36","guid":{"rendered":"http:\/\/www.prodictum.pro\/?post_type=product&#038;p=360"},"modified":"2024-11-06T11:41:42","modified_gmt":"2024-11-06T11:41:42","slug":"pihkis-hunaja-pihkavoide","status":"publish","type":"product","link":"https:\/\/jalkistuotteet.com\/en\/product\/pihkis-hunaja-pihkavoide\/","title":{"rendered":"Pihkis honey-pitch cream"},"content":{"rendered":"","protected":false},"excerpt":{"rendered":"<p>An all-purpose cream for the whole family, which can help with many ailments. Thanks to its active ingredients, honey-pitch cream accelerates wound healing and reduces inflammation. Honey, as a natural antibiotic, acts as an antibacterial agent in the cream and is therefore ideal for wounds, burns and skin problems. The cream helps with cracked skin and calluses on the heels and toes. The ointment can also be used on animals.<\/p>\n<p>The product does not contain artificial flavours, colours or preservatives.<\/p>\n<p>The cream is not suitable for people who are sensitive to resin.<\/p>\n<p><strong>Package size: 50 and 140 ml<\/strong><\/p>","protected":false},"featured_media":602,"template":"","meta":{"_acf_changed":false,"_et_pb_use_builder":"off","_et_pb_old_content":"","_et_gb_content_width":""},"product_brand":[],"product_cat":[22],"product_tag":[],"class_list":{"0":"post-360","1":"product","2":"type-product","3":"status-publish","4":"has-post-thumbnail","6":"product_cat-voiteet","8":"first","9":"instock","10":"taxable","11":"shipping-taxable","12":"purchasable","13":"product-type-variable","14":"has-default-attributes"},"acf":[],"yoast_head":"<!-- This site is optimized with the Yoast SEO plugin v27.4 - https:\/\/yoast.com\/product\/yoast-seo-wordpress\/ -->\n<title>Pihkis hunaja-pihkavoide &#8212; Jalkis verkkokauppa<\/title>\n<meta name=\"robots\" content=\"index, follow, max-snippet:-1, max-image-preview:large, max-video-preview:-1\" \/>\n<link rel=\"canonical\" href=\"https:\/\/jalkistuotteet.com\/en\/product\/pihkis-hunaja-pihkavoide\/\" \/>\n<meta property=\"og:locale\" content=\"en_GB\" \/>\n<meta property=\"og:type\" content=\"article\" \/>\n<meta property=\"og:title\" content=\"Pihkis hunaja-pihkavoide &#8212; Jalkis verkkokauppa\" \/>\n<meta property=\"og:description\" content=\"Koko perheen yleisvoide, josta on avuksi moneen vaivaan. Aktiivisten aineisosien ansiosta hunaja-pihkavoide nopeuttaa haavojen parantumista ja lievitt\u00e4\u00e4 tulehdusta. Hunaja luonnon antibioottina toimii voiteessa antibakteerisena ja siksi voide soveltuukin erinomaisesti haavoihin, palovammoihin ja iho-ongelmiin. Voiteella saat avun halkeilevalle iholle ja kovettumiin kantap\u00e4iss\u00e4 ja varpaansyrjiss\u00e4. Voidetta voi k\u00e4ytt\u00e4\u00e4 my\u00f6s el\u00e4imille.  Tuote ei sis\u00e4ll\u00e4 keinotekoisia haju-. v\u00e4ri- tai s\u00e4il\u00f6nt\u00e4aineita.  Voide ei sovellu hartsiyliherkille.  Pakkauskoko: 50 ja 140 ml\" \/>\n<meta property=\"og:url\" content=\"https:\/\/jalkistuotteet.com\/en\/product\/pihkis-hunaja-pihkavoide\/\" \/>\n<meta property=\"og:site_name\" content=\"Jalkis verkkokauppa\" \/>\n<meta property=\"article:publisher\" content=\"https:\/\/www.facebook.com\/jalkistuotteet\" \/>\n<meta property=\"article:modified_time\" content=\"2024-11-06T11:41:42+00:00\" \/>\n<meta property=\"og:image\" content=\"https:\/\/jalkistuotteet.com\/wp-content\/uploads\/2022\/09\/Jalkis-hunajapihka_webshop_new-2.jpg\" \/>\n\t<meta property=\"og:image:width\" content=\"900\" \/>\n\t<meta property=\"og:image:height\" content=\"900\" \/>\n\t<meta property=\"og:image:type\" content=\"image\/jpeg\" \/>\n<meta name=\"twitter:card\" content=\"summary_large_image\" \/>\n<meta name=\"twitter:label1\" content=\"Estimated reading time\" \/>\n\t<meta name=\"twitter:data1\" content=\"1 minute\" \/>\n<script type=\"application\/ld+json\" class=\"yoast-schema-graph\">{\"@context\":\"https:\\\/\\\/schema.org\",\"@graph\":[{\"@type\":\"WebPage\",\"@id\":\"https:\\\/\\\/jalkistuotteet.com\\\/tuote\\\/pihkis-hunaja-pihkavoide\\\/\",\"url\":\"https:\\\/\\\/jalkistuotteet.com\\\/tuote\\\/pihkis-hunaja-pihkavoide\\\/\",\"name\":\"Pihkis hunaja-pihkavoide &#8212; Jalkis verkkokauppa\",\"isPartOf\":{\"@id\":\"https:\\\/\\\/jalkistuotteet.com\\\/#website\"},\"primaryImageOfPage\":{\"@id\":\"https:\\\/\\\/jalkistuotteet.com\\\/tuote\\\/pihkis-hunaja-pihkavoide\\\/#primaryimage\"},\"image\":{\"@id\":\"https:\\\/\\\/jalkistuotteet.com\\\/tuote\\\/pihkis-hunaja-pihkavoide\\\/#primaryimage\"},\"thumbnailUrl\":\"https:\\\/\\\/jalkistuotteet.com\\\/wp-content\\\/uploads\\\/2022\\\/09\\\/Jalkis-hunajapihka_webshop_new-2.jpg\",\"datePublished\":\"2022-09-14T14:56:36+00:00\",\"dateModified\":\"2024-11-06T11:41:42+00:00\",\"breadcrumb\":{\"@id\":\"https:\\\/\\\/jalkistuotteet.com\\\/tuote\\\/pihkis-hunaja-pihkavoide\\\/#breadcrumb\"},\"inLanguage\":\"en-GB\",\"potentialAction\":[{\"@type\":\"ReadAction\",\"target\":[\"https:\\\/\\\/jalkistuotteet.com\\\/tuote\\\/pihkis-hunaja-pihkavoide\\\/\"]}]},{\"@type\":\"ImageObject\",\"inLanguage\":\"en-GB\",\"@id\":\"https:\\\/\\\/jalkistuotteet.com\\\/tuote\\\/pihkis-hunaja-pihkavoide\\\/#primaryimage\",\"url\":\"https:\\\/\\\/jalkistuotteet.com\\\/wp-content\\\/uploads\\\/2022\\\/09\\\/Jalkis-hunajapihka_webshop_new-2.jpg\",\"contentUrl\":\"https:\\\/\\\/jalkistuotteet.com\\\/wp-content\\\/uploads\\\/2022\\\/09\\\/Jalkis-hunajapihka_webshop_new-2.jpg\",\"width\":900,\"height\":900},{\"@type\":\"BreadcrumbList\",\"@id\":\"https:\\\/\\\/jalkistuotteet.com\\\/tuote\\\/pihkis-hunaja-pihkavoide\\\/#breadcrumb\",\"itemListElement\":[{\"@type\":\"ListItem\",\"position\":1,\"name\":\"Etusivu\",\"item\":\"https:\\\/\\\/jalkistuotteet.com\\\/\"},{\"@type\":\"ListItem\",\"position\":2,\"name\":\"Verkkokauppa\",\"item\":\"https:\\\/\\\/jalkistuotteet.com\\\/kauppa-2\\\/\"},{\"@type\":\"ListItem\",\"position\":3,\"name\":\"Pihkis hunaja-pihkavoide\"}]},{\"@type\":\"WebSite\",\"@id\":\"https:\\\/\\\/jalkistuotteet.com\\\/#website\",\"url\":\"https:\\\/\\\/jalkistuotteet.com\\\/\",\"name\":\"Jalkis verkkokauppa\",\"description\":\"\",\"publisher\":{\"@id\":\"https:\\\/\\\/jalkistuotteet.com\\\/#organization\"},\"potentialAction\":[{\"@type\":\"SearchAction\",\"target\":{\"@type\":\"EntryPoint\",\"urlTemplate\":\"https:\\\/\\\/jalkistuotteet.com\\\/?s={search_term_string}\"},\"query-input\":{\"@type\":\"PropertyValueSpecification\",\"valueRequired\":true,\"valueName\":\"search_term_string\"}}],\"inLanguage\":\"en-GB\"},{\"@type\":\"Organization\",\"@id\":\"https:\\\/\\\/jalkistuotteet.com\\\/#organization\",\"name\":\"Jalkis Oy\",\"url\":\"https:\\\/\\\/jalkistuotteet.com\\\/\",\"logo\":{\"@type\":\"ImageObject\",\"inLanguage\":\"en-GB\",\"@id\":\"https:\\\/\\\/jalkistuotteet.com\\\/#\\\/schema\\\/logo\\\/image\\\/\",\"url\":\"https:\\\/\\\/jalkistuotteet.com\\\/wp-content\\\/uploads\\\/2023\\\/09\\\/jalkis-tunnuskuvake.png\",\"contentUrl\":\"https:\\\/\\\/jalkistuotteet.com\\\/wp-content\\\/uploads\\\/2023\\\/09\\\/jalkis-tunnuskuvake.png\",\"width\":512,\"height\":512,\"caption\":\"Jalkis Oy\"},\"image\":{\"@id\":\"https:\\\/\\\/jalkistuotteet.com\\\/#\\\/schema\\\/logo\\\/image\\\/\"},\"sameAs\":[\"https:\\\/\\\/www.facebook.com\\\/jalkistuotteet\"]}]}<\/script>\n<!-- \/ Yoast SEO plugin. -->","yoast_head_json":{"title":"Pihkis hunaja-pihkavoide &#8212; Jalkis verkkokauppa","robots":{"index":"index","follow":"follow","max-snippet":"max-snippet:-1","max-image-preview":"max-image-preview:large","max-video-preview":"max-video-preview:-1"},"canonical":"https:\/\/jalkistuotteet.com\/en\/product\/pihkis-hunaja-pihkavoide\/","og_locale":"en_GB","og_type":"article","og_title":"Pihkis hunaja-pihkavoide &#8212; Jalkis verkkokauppa","og_description":"Koko perheen yleisvoide, josta on avuksi moneen vaivaan. Aktiivisten aineisosien ansiosta hunaja-pihkavoide nopeuttaa haavojen parantumista ja lievitt\u00e4\u00e4 tulehdusta. Hunaja luonnon antibioottina toimii voiteessa antibakteerisena ja siksi voide soveltuukin erinomaisesti haavoihin, palovammoihin ja iho-ongelmiin. Voiteella saat avun halkeilevalle iholle ja kovettumiin kantap\u00e4iss\u00e4 ja varpaansyrjiss\u00e4. Voidetta voi k\u00e4ytt\u00e4\u00e4 my\u00f6s el\u00e4imille.  Tuote ei sis\u00e4ll\u00e4 keinotekoisia haju-. v\u00e4ri- tai s\u00e4il\u00f6nt\u00e4aineita.  Voide ei sovellu hartsiyliherkille.  Pakkauskoko: 50 ja 140 ml","og_url":"https:\/\/jalkistuotteet.com\/en\/product\/pihkis-hunaja-pihkavoide\/","og_site_name":"Jalkis verkkokauppa","article_publisher":"https:\/\/www.facebook.com\/jalkistuotteet","article_modified_time":"2024-11-06T11:41:42+00:00","og_image":[{"width":900,"height":900,"url":"https:\/\/jalkistuotteet.com\/wp-content\/uploads\/2022\/09\/Jalkis-hunajapihka_webshop_new-2.jpg","type":"image\/jpeg"}],"twitter_card":"summary_large_image","twitter_misc":{"Estimated reading time":"1 minute"},"schema":{"@context":"https:\/\/schema.org","@graph":[{"@type":"WebPage","@id":"https:\/\/jalkistuotteet.com\/tuote\/pihkis-hunaja-pihkavoide\/","url":"https:\/\/jalkistuotteet.com\/tuote\/pihkis-hunaja-pihkavoide\/","name":"Pihkis hunaja-pihkavoide &#8212; Jalkis verkkokauppa","isPartOf":{"@id":"https:\/\/jalkistuotteet.com\/#website"},"primaryImageOfPage":{"@id":"https:\/\/jalkistuotteet.com\/tuote\/pihkis-hunaja-pihkavoide\/#primaryimage"},"image":{"@id":"https:\/\/jalkistuotteet.com\/tuote\/pihkis-hunaja-pihkavoide\/#primaryimage"},"thumbnailUrl":"https:\/\/jalkistuotteet.com\/wp-content\/uploads\/2022\/09\/Jalkis-hunajapihka_webshop_new-2.jpg","datePublished":"2022-09-14T14:56:36+00:00","dateModified":"2024-11-06T11:41:42+00:00","breadcrumb":{"@id":"https:\/\/jalkistuotteet.com\/tuote\/pihkis-hunaja-pihkavoide\/#breadcrumb"},"inLanguage":"en-GB","potentialAction":[{"@type":"ReadAction","target":["https:\/\/jalkistuotteet.com\/tuote\/pihkis-hunaja-pihkavoide\/"]}]},{"@type":"ImageObject","inLanguage":"en-GB","@id":"https:\/\/jalkistuotteet.com\/tuote\/pihkis-hunaja-pihkavoide\/#primaryimage","url":"https:\/\/jalkistuotteet.com\/wp-content\/uploads\/2022\/09\/Jalkis-hunajapihka_webshop_new-2.jpg","contentUrl":"https:\/\/jalkistuotteet.com\/wp-content\/uploads\/2022\/09\/Jalkis-hunajapihka_webshop_new-2.jpg","width":900,"height":900},{"@type":"BreadcrumbList","@id":"https:\/\/jalkistuotteet.com\/tuote\/pihkis-hunaja-pihkavoide\/#breadcrumb","itemListElement":[{"@type":"ListItem","position":1,"name":"Etusivu","item":"https:\/\/jalkistuotteet.com\/"},{"@type":"ListItem","position":2,"name":"Verkkokauppa","item":"https:\/\/jalkistuotteet.com\/kauppa-2\/"},{"@type":"ListItem","position":3,"name":"Pihkis hunaja-pihkavoide"}]},{"@type":"WebSite","@id":"https:\/\/jalkistuotteet.com\/#website","url":"https:\/\/jalkistuotteet.com\/","name":"Jalkis verkkokauppa","description":"","publisher":{"@id":"https:\/\/jalkistuotteet.com\/#organization"},"potentialAction":[{"@type":"SearchAction","target":{"@type":"EntryPoint","urlTemplate":"https:\/\/jalkistuotteet.com\/?s={search_term_string}"},"query-input":{"@type":"PropertyValueSpecification","valueRequired":true,"valueName":"search_term_string"}}],"inLanguage":"en-GB"},{"@type":"Organization","@id":"https:\/\/jalkistuotteet.com\/#organization","name":"Jalkis Oy","url":"https:\/\/jalkistuotteet.com\/","logo":{"@type":"ImageObject","inLanguage":"en-GB","@id":"https:\/\/jalkistuotteet.com\/#\/schema\/logo\/image\/","url":"https:\/\/jalkistuotteet.com\/wp-content\/uploads\/2023\/09\/jalkis-tunnuskuvake.png","contentUrl":"https:\/\/jalkistuotteet.com\/wp-content\/uploads\/2023\/09\/jalkis-tunnuskuvake.png","width":512,"height":512,"caption":"Jalkis Oy"},"image":{"@id":"https:\/\/jalkistuotteet.com\/#\/schema\/logo\/image\/"},"sameAs":["https:\/\/www.facebook.com\/jalkistuotteet"]}]}},"_links":{"self":[{"href":"https:\/\/jalkistuotteet.com\/en\/wp-json\/wp\/v2\/product\/360","targetHints":{"allow":["GET"]}}],"collection":[{"href":"https:\/\/jalkistuotteet.com\/en\/wp-json\/wp\/v2\/product"}],"about":[{"href":"https:\/\/jalkistuotteet.com\/en\/wp-json\/wp\/v2\/types\/product"}],"wp:featuredmedia":[{"embeddable":true,"href":"https:\/\/jalkistuotteet.com\/en\/wp-json\/wp\/v2\/media\/602"}],"wp:attachment":[{"href":"https:\/\/jalkistuotteet.com\/en\/wp-json\/wp\/v2\/media?parent=360"}],"wp:term":[{"taxonomy":"product_brand","embeddable":true,"href":"https:\/\/jalkistuotteet.com\/en\/wp-json\/wp\/v2\/product_brand?post=360"},{"taxonomy":"product_cat","embeddable":true,"href":"https:\/\/jalkistuotteet.com\/en\/wp-json\/wp\/v2\/product_cat?post=360"},{"taxonomy":"product_tag","embeddable":true,"href":"https:\/\/jalkistuotteet.com\/en\/wp-json\/wp\/v2\/product_tag?post=360"}],"curies":[{"name":"wp","href":"https:\/\/api.w.org\/{rel}","templated":true}]}}