{"id":280,"date":"2022-09-06T09:48:18","date_gmt":"2022-09-06T06:48:18","guid":{"rendered":"https:\/\/www.prodictum.pro\/?page_id=280"},"modified":"2026-03-30T10:00:35","modified_gmt":"2026-03-30T10:00:35","slug":"maksu-ja-toimitusehdot","status":"publish","type":"page","link":"https:\/\/jalkistuotteet.com\/sv\/maksu-ja-toimitusehdot\/","title":{"rendered":"Betalnings- och leveransvillkor"},"content":{"rendered":"<p>[et_pb_section fb_built=&#8221;1&#8243; _builder_version=&#8221;4.17.6&#8243; _module_preset=&#8221;default&#8221; global_colors_info=&#8221;{}&#8221;][et_pb_row _builder_version=&#8221;4.17.6&#8243; _module_preset=&#8221;default&#8221; global_colors_info=&#8221;{}&#8221;][et_pb_column type=&#8221;4_4&#8243; _builder_version=&#8221;4.17.6&#8243; _module_preset=&#8221;default&#8221; global_colors_info=&#8221;{}&#8221;][et_pb_text _builder_version=&#8221;4.27.6&#8243; _module_preset=&#8221;default&#8221; hover_enabled=&#8221;0&#8243; global_colors_info=&#8221;{}&#8221; sticky_enabled=&#8221;0&#8243;]<\/p>\n<h1 style=\"text-align: left;\">Betalnings- och leveransvillkor<\/h1>\n<p style=\"text-align: left;\">Uppdaterad 26.6.2023<br \/>Kunden f\u00f6rbinder sig till de leveransvillkor som g\u00e4ller i samband med varje best\u00e4llning.<\/p>\n<p>Jalkis Oy 3289480-3 (h\u00e4danefter kallad n\u00e4tbutiken) s\u00e4ljer produkter till privatpersoner och f\u00f6retag i Finland. Vi f\u00f6rbeh\u00e5ller oss r\u00e4tten att \u00e4ndra leveransvillkor och priser.<\/p>\n<p>Produkternas priser inneh\u00e5ller moms.<\/p>\n<p>Kontaktuppgifter till n\u00e4tbutiken<br \/>E-post: info@jalkistuotteet.com<br \/>Telefon: +358 41 319 7402<br \/>Postiosoite: Kuusikankaantie 1, 77570 J\u00e4ppil\u00e4.<\/p>\n<h3>Best\u00e4llning<\/h3>\n<p>De best\u00e4llda produkterna v\u00e4ljs p\u00e5 webbplatsen genom att l\u00e4gga till dem i kundvagnen. Best\u00e4llningen skickas genom att du betalar inneh\u00e5llet i din kundvagn i n\u00e4tbutikens kassafunktion.<\/p>\n<p>N\u00e4r du best\u00e4ller godk\u00e4nner du leveransvillkoren, produkternas pris samt leveranskostnaderna. Om du vid best\u00e4llningstidpunkten anger din e-postadress, skickas en orderbekr\u00e4ftelse till din e-postadress. I orderbekr\u00e4ftelsen ser du de best\u00e4llda produkterna samt priset.<\/p>\n<h3>Betalning<\/h3>\n<p>N\u00e4tbutikens betalningsombud \u00e4r Visma Pay (Visma Payments Oy, FO-nummer 2486559-4), som \u00e4r registrerat i Finansinspektionens register \u00f6ver betalningsinstitut.<\/p>\n<p>Betalning sker via Visma Pays onlinetj\u00e4nst, och p\u00e5 kontoutdraget och fakturan \u00e4r mottagaren av betalningen Visma Pay eller Visma Payments Oy. Visma Pay vidarebefordrar betalningarna till e-handlaren.<\/p>\n<p>Betalningen \u00e4r s\u00e4ker, eftersom all information om betalningstransaktionen \u00f6verf\u00f6rs med hj\u00e4lp av en krypterad anslutning s\u00e5 att ingen utomst\u00e5ende part kan se detaljerna i betalningstransaktionen.<\/p>\n<p>Transaktionen skapas mellan e-handelskunden och e-handeln. Onlinebutiken ansvarar f\u00f6r alla skyldigheter relaterade till transaktionen.<\/p>\n<p>L\u00e4s mer om Visma Pay: <a href=\"https:\/\/www.visma.fi\/vismapay\/\">https:\/\/www.visma.fi\/vismapay\/ <\/a><\/p>\n<h3>Betalningss\u00e4tt<\/h3>\n<p>Genom Visma Pay-tj\u00e4nsten kan du betala med n\u00e4tbankskoder, pl\u00e5nbok, betalkort (credit\/debit), faktura eller som delbetalning.<\/p>\n<p>F\u00f6ljande betalningss\u00e4tt \u00e4r tillg\u00e4ngliga: Osuuspankki, Nordea, Danske Bank, Oma S\u00e4\u00e4st\u00f6pankki, S\u00e4\u00e4st\u00f6pankki, Aktia, Paikallisosuuspankit, S-Pankki, Handelsbanken, \u00c5landsbanken, MobilePay, Masterpass, Pivo, Visa-, Visa Debit-, Visa Electron-, MasterCard- och Debit MasterCard-kort, samt Jousto, Alisa Lasku och Alisa Yrityslasku.<\/p>\n<p>MobilePay: Du kan betala med din MobilePay-pl\u00e5nbok om du har till\u00e5tit betalning i n\u00e4tbutiker i appens inst\u00e4llningar. Betalningar som g\u00f6rs med en MobilePay-pl\u00e5nboken debiteras fr\u00e5n det betalkort som \u00e4r kopplat till pl\u00e5nboken. Om debiteringen av betalningen fr\u00e5n betalkortet misslyckas, s\u00e5 \u00e4r det inte m\u00f6jligt i n\u00e4tbutiken att betala med MobilePay-pl\u00e5nboken.<\/p>\n<p>Pivo: Allm\u00e4nna anv\u00e4ndarvillkor finns p\u00e5 Pivos webbplats: <a href=\"https:\/\/pivo.fi\/kayttoehdot\/pivon-kayttoehdot\/\">https:\/\/pivo.fi\/kayttoehdot\/pivon-kayttoehdot\/ <\/a><\/p>\n<p>Jousto: Jousto faktura och delbetalning \u00e4r en inhemsk tj\u00e4nst som l\u00e5ter dig g\u00f6ra dina k\u00f6p snabbt och s\u00e4kert. Jousto avsett \u00e4r f\u00f6r privatpersoner som har sk\u00f6tt sin ekonomi klanderfritt. Med Jousto f\u00e5r du 30 dagars r\u00e4ntefri och kostnadsfri betalningstid. Efter att ha mottagit fakturan kan du best\u00e4mma om du vill betala den i sin helhet eller i delar. Med delbetalning kan du betala dina k\u00f6p i upp till 36 rater, fr\u00e5n 9,90 \u20ac\/m\u00e5nad. Kostnaden f\u00f6r Jousto delbetalning \u00e4r 3,90 \u20ac\/m\u00e5nad och kreditr\u00e4ntan \u00e4r 19,90 %. Med Jousto kan du betala k\u00f6p f\u00f6r 30\u20133 000 euro. L\u00e5ngivaren \u00e4r Aurajoki Nordic Oy.<\/p>\n<p>L\u00e4s mer om Jousto p\u00e5 <a href=\"http:\/\/www.jousto.com.\">www.jousto.com. <\/a><\/p>\n<p>OP Lasku \u2013 Ett flexibelt s\u00e4tt att betala f\u00f6r onlinek\u00f6p. F\u00f6r kunder hos alla banker. Med OP Lasku kan du g\u00f6ra ink\u00f6p p\u00e5 upp till 5 000 euro och betala av dem r\u00e4ntefritt inom 45 dagar. Om du vill kan du dela upp fakturan i flera delbetalningar. Dina ink\u00f6p visas p\u00e5 ett st\u00e4lle, s\u00e5 att du enkelt kan h\u00e5lla reda p\u00e5 hur dina pengar anv\u00e4nds. Med en kreditgr\u00e4ns kan du h\u00e5lla dina utgifter inom de gr\u00e4nser du vill. Du f\u00e5r fakturorna bekv\u00e4mt till din e-post. I v\u00e5r onlinetj\u00e4nst kan du se information om din anv\u00e4ndning av OP Lasku och beloppet av dina ink\u00f6p. Du kan anv\u00e4nda OP Lasku om du \u00e4r \u00f6ver 20 \u00e5r och har en finsk banks n\u00e4tkoder.<\/p>\n<p>Mer information om OP Lasku finns p\u00e5 adressen: <a href=\"https:\/\/www.op.fi\/henkiloasiakkaat\/paivittaiset\/maksaminen\/op-lasku\">https:\/\/www.op.fi\/henkiloasiakkaat\/paivittaiset\/maksaminen\/op-lasku <\/a><\/p>\n<p>Alisa Lasku \u00e4r en flexibel och s\u00e4ker betalningsmetod. Betalningsmetoden \u00e4r l\u00e4mplig f\u00f6r alla konsumenter \u00f6ver 20 \u00e5r f\u00f6r alla typer av k\u00f6p. Om du vill kan du dela upp fakturan i mindre delar och betala den i upp till 60 delar.<\/p>\n<p>Lis\u00e4tietoja Alisa Laskuun liittyen l\u00f6yd\u00e4t osoitteesta: <a href=\"https:\/\/www.alisapankki.fi\/%20Alisa\" target=\"_blank\" rel=\"noopener\">https:\/\/www.alisapankki.fi\/ Alisa<\/a><\/p>\n<p>Yrityslasku \u00e4r en flexibel och s\u00e4ker betalningsmetod f\u00f6r f\u00f6retag. Betalningsmetoden \u00e4r l\u00e4mplig f\u00f6r alla finska f\u00f6retag, oavsett f\u00f6retagsform. K\u00f6parens k\u00f6pr\u00e4tt \u00e4r helt digitalt verifierad och k\u00f6pet tar bara n\u00e5gra minuter. F\u00f6retaget kan sj\u00e4lv v\u00e4lja en l\u00e4mplig betalningsperiod fr\u00e5n tre alternativ: 14 dagar, 30 dagar eller 60 dagar.<\/p>\n<p>Mer information om Alisa Yrityslasku finns p\u00e5 <a href=\"https:\/\/www.alisapankki.fi\/\">https:\/\/www.alisapankki.fi\/ <\/a><\/p>\n<p>Kontaktuppgifter till betalningstj\u00e4nsten Visma Pay<br \/>Visma Payments Oy (FO-nummer 2486559-4)<br \/>E-post: <a href=\"mailto:helpdesk@vismapay.com\">helpdesk@vismapay.com <\/a><br \/>Telefon: +358 9 315 42 037 (vardagar kl. 9\u201316)<br \/>Postadress: Brahenkatu 4, 53100 Villmanstrand<\/p>\n<pre><\/pre>\n<h3 style=\"text-align: left;\">Orderbekr\u00e4ftelse<\/h3>\n<p style=\"text-align: left;\">Best\u00e4llningarna bekr\u00e4ftas via e-post med angivande av<br \/>\u2022 best\u00e4llningsnummer<br \/>\u2022 best\u00e4llda produkter<br \/>\u2022 best\u00e4llningens totalbelopp<br \/>\u2022 leveranskostnader<br \/>F\u00f6r att f\u00e5 orderbekr\u00e4ftelsen m\u00e5ste e-postadressen anges i samband med best\u00e4llningen.<br \/>Med varje best\u00e4llning godk\u00e4nner du de aktuella leveransvillkoren.<\/p>\n<h3 style=\"text-align: left;\">Leveranstid<\/h3>\n<p style=\"text-align: left;\">L\u00e4het\u00e4mme varastossa olevat tuotteet postitse mahdollisimman pian. K\u00e4sittelyaikamme varastotavaroille on normaalisti 1\u20133 arkip\u00e4iv\u00e4\u00e4 tilauksen vastaanottamisesta.<br \/>\u00c5terf\u00f6rs\u00e4ljarnas leveranser tar normalt 3\u20137 arbetsdagar, under h\u00f6gs\u00e4song kan leveranstiden f\u00f6rl\u00e4ngas med n\u00e5gra dagar.<br \/>Exceptionella leveranstider meddelas alltid p\u00e5 n\u00e4tbutikens framsida.<br \/>Om n\u00e5gon av artiklarna i din best\u00e4llning \u00e4r slut i lager kommer vi att kontakta dig.<\/p>\n<h3 style=\"text-align: left;\">Leveranskostnader och leveranss\u00e4tt<\/h3>\n<p style=\"text-align: left;\">Leveranskostnaderna inkluderar porto- och f\u00f6rpackningskostnader till Finland och de l\u00e4ggs automatiskt till det totala beloppet f\u00f6r best\u00e4llningen.<\/p>\n<p>F\u00f6rs\u00e4ndelsen h\u00e4mtas fr\u00e5n vald postanstalt eller paketautomat. Vanligtvis kan best\u00e4llningen h\u00e4mtas inom 1\u20132 arbetsdagar efter kl. 16.00.<\/p>\n<p>\u00c5terf\u00f6rs\u00e4ljarnas leveranskostnader best\u00e4ms automatiskt av de best\u00e4llda produkterna.<\/p>\n<p>Postanstalt: Ankomstmeddelandet skickas via textmeddelande och vanligtvis \u00e4ven till den e-postadress som anges i f\u00f6rs\u00e4ndelsen. Paketet f\u00f6rvaras i posten i 7 dagar ut\u00f6ver ankomstdagen.<\/p>\n<p>Paketautomat: Ankomstmeddelandet och paketautomatkoden skickas som textmeddelande. Paketet f\u00f6rvaras i automaten i 7 dagar fr\u00e5n dess ankomst.<\/p>\n<h3 style=\"text-align: left;\">Returr\u00e4tt<\/h3>\n<p style=\"text-align: left;\">Kunden har 14 dagars bytes- och returr\u00e4tt i enlighet med den finska konsumentskyddslagen. Returer i Finland \u00e4r kostnadsfria. F\u00f6r internationella best\u00e4llningar debiterar vi en leveransavgift f\u00f6r returer.<br \/>Returr\u00e4tten g\u00e4ller endast oanv\u00e4nda och s\u00e4ljbara produkter i originalf\u00f6rpackning.<br \/>Om du vill returnera en produkt, kontakta oss f\u00f6rst antingen via e-post p\u00e5 info@jalkistuotteet.com eller via telefon p\u00e5 + 358 41 319 7402<br \/>N\u00e4r de returnerade produkterna har godk\u00e4nts kommer ink\u00f6psbeloppet vanligtvis att \u00e5terbetalas till ditt konto via den betalningsmetodleverant\u00f6r som anv\u00e4nts.<\/p>\n<h3 style=\"text-align: left;\">Problem med transport och defekta produkter<\/h3>\n<p style=\"text-align: left;\">Om produkten tappas bort under transport, skadas eller om fel produkt har levererats till dig, meddelas omedelbart felet till info@jalkistuotteet.com eller tel. +358 41 319 7402<br \/>Meddelandet om en felaktig leverans eller en defekt produkt m\u00e5ste g\u00f6ras inom 7 dagar efter mottagandet av produkten.<\/p>\n<h3 style=\"text-align: left;\">Korrigering av en produktdefekt<\/h3>\n<p style=\"text-align: left;\">Om den levererade produkten \u00e4r skadad, kontakta oss s\u00e5 att vi kan ers\u00e4tta den skadade produkten.<br \/>Produkter och produktpriser<br \/>Tuotteiden hinnat on esitetty tuote-esittelyjen yhteydess\u00e4. Verkkokaupassa n\u00e4kyv\u00e4 hinta on voimassa oleva hinta. Tuotteiden hintaan sis\u00e4ltyy 25,5 % arvonlis\u00e4veroa. Selke\u00e4sti havaittavan hintavirheen osalta pid\u00e4t\u00e4mme oikeuden peri\u00e4 tuotteen oikea hinta.<\/p>\n<h3 style=\"text-align: left;\">Ej upph\u00e4mtat paket<\/h3>\n<p style=\"text-align: left;\">Underl\u00e5tenhet att h\u00e4mta upp en best\u00e4llning \u00e4r inte en retur. Kunden ansvarar f\u00f6r leverans- och returkostnader f\u00f6r de paket som inte har h\u00e4mtats i b\u00e5da riktningarna. Ut\u00f6ver leveranskostnaderna f\u00f6r paketet ska kunden betala 15 \u20ac f\u00f6r kostnaderna f\u00f6r att returnera paketet. Vi kommer att kreditera eventuellt \u00e5terst\u00e5ende saldo f\u00f6r produkterna till kundens konto.<\/p>\n<h3 style=\"text-align: left;\">Dina r\u00e4ttigheter som konsument<\/h3>\n<p style=\"text-align: left;\">Ytterligare information om konsumentr\u00e4ttigheter vid n\u00e4thandel finns p\u00e5 konsumentverkets webbplats.<br \/>Om en tvist om ett k\u00f6peavtal inte kan l\u00f6sas genom f\u00f6rhandlingar mellan parterna, kan konsumenten h\u00e4nskjuta \u00e4rendet till konsumenttvisten\u00e4mnden (www.kuluttajariita.fi) f\u00f6r l\u00f6sning.<br \/>Innan \u00e4rendet h\u00e4nskjuts till konsumenttvisten\u00e4mnden m\u00e5ste konsumenten kontakta magistraternas konsumentr\u00e5dgivning (www.kuluttajaneuvonta.fi).<\/p>\n<p>[\/et_pb_text][\/et_pb_column][\/et_pb_row][\/et_pb_section]<\/p>","protected":false},"excerpt":{"rendered":"<p>Maksu- ja toimitusehdot P\u00e4ivitetty 26.6.2023Asiakas sitoutuu jokaisen tilauksen yhteydess\u00e4 voimassa oleviin toimitusehtoihin. Jalkis Oy 3289480-3 (j\u00e4ljemp\u00e4n\u00e4 verkkokauppa) myy tuotteita yksityishenkil\u00f6ille ja yrityksille Suomeen. Pid\u00e4t\u00e4mme oikeuden toimitusehtojen ja hintojen muutoksiin. Tuotteiden hinnat sis\u00e4lt\u00e4v\u00e4t arvonlis\u00e4veron. Verkkokaupan yhteystiedotS\u00e4hk\u00f6posti: info@jalkistuotteet.comPuhelin: +358 41 319 7402Postiosoite: Kuusikankaantie 1, 77570 J\u00e4ppil\u00e4. Tilaaminen Tilattavat tuotteet valitaan verkkosivuilla lis\u00e4\u00e4m\u00e4ll\u00e4 ne ostoskoriin. Tilaus l\u00e4hetet\u00e4\u00e4n maksamalla [&hellip;]<\/p>","protected":false},"author":1,"featured_media":0,"parent":0,"menu_order":0,"comment_status":"closed","ping_status":"closed","template":"","meta":{"_acf_changed":false,"_et_pb_use_builder":"on","_et_pb_old_content":"","_et_gb_content_width":"","footnotes":""},"class_list":["post-280","page","type-page","status-publish","hentry"],"acf":[],"yoast_head":"<!-- This site is optimized with the Yoast SEO plugin v27.4 - https:\/\/yoast.com\/product\/yoast-seo-wordpress\/ -->\n<title>Maksu- ja toimitusehdot &#8212; Jalkis verkkokauppa<\/title>\n<meta name=\"robots\" content=\"index, follow, max-snippet:-1, max-image-preview:large, max-video-preview:-1\" \/>\n<link rel=\"canonical\" href=\"https:\/\/jalkistuotteet.com\/sv\/maksu-ja-toimitusehdot\/\" \/>\n<meta property=\"og:locale\" content=\"sv_SE\" \/>\n<meta property=\"og:type\" content=\"article\" \/>\n<meta property=\"og:title\" content=\"Maksu- ja toimitusehdot &#8212; Jalkis verkkokauppa\" \/>\n<meta property=\"og:description\" content=\"Maksu- ja toimitusehdot P\u00e4ivitetty 26.6.2023Asiakas sitoutuu jokaisen tilauksen yhteydess\u00e4 voimassa oleviin toimitusehtoihin. Jalkis Oy 3289480-3 (j\u00e4ljemp\u00e4n\u00e4 verkkokauppa) myy tuotteita yksityishenkil\u00f6ille ja yrityksille Suomeen. Pid\u00e4t\u00e4mme oikeuden toimitusehtojen ja hintojen muutoksiin. Tuotteiden hinnat sis\u00e4lt\u00e4v\u00e4t arvonlis\u00e4veron. Verkkokaupan yhteystiedotS\u00e4hk\u00f6posti: info@jalkistuotteet.comPuhelin: +358 41 319 7402Postiosoite: Kuusikankaantie 1, 77570 J\u00e4ppil\u00e4. Tilaaminen Tilattavat tuotteet valitaan verkkosivuilla lis\u00e4\u00e4m\u00e4ll\u00e4 ne ostoskoriin. Tilaus l\u00e4hetet\u00e4\u00e4n maksamalla [&hellip;]\" \/>\n<meta property=\"og:url\" content=\"https:\/\/jalkistuotteet.com\/sv\/maksu-ja-toimitusehdot\/\" \/>\n<meta property=\"og:site_name\" content=\"Jalkis verkkokauppa\" \/>\n<meta property=\"article:publisher\" content=\"https:\/\/www.facebook.com\/jalkistuotteet\" \/>\n<meta property=\"article:modified_time\" content=\"2026-03-30T10:00:35+00:00\" \/>\n<meta property=\"og:image\" content=\"https:\/\/jalkistuotteet.com\/wp-content\/uploads\/2023\/06\/jalkis-webshop-front-2.jpg\" \/>\n\t<meta property=\"og:image:width\" content=\"1920\" \/>\n\t<meta property=\"og:image:height\" content=\"1280\" \/>\n\t<meta property=\"og:image:type\" content=\"image\/jpeg\" \/>\n<meta name=\"twitter:card\" content=\"summary_large_image\" \/>\n<meta name=\"twitter:label1\" content=\"Ber\u00e4knad l\u00e4stid\" \/>\n\t<meta name=\"twitter:data1\" content=\"6 minuter\" \/>\n<script type=\"application\/ld+json\" class=\"yoast-schema-graph\">{\"@context\":\"https:\\\/\\\/schema.org\",\"@graph\":[{\"@type\":\"WebPage\",\"@id\":\"https:\\\/\\\/jalkistuotteet.com\\\/maksu-ja-toimitusehdot\\\/\",\"url\":\"https:\\\/\\\/jalkistuotteet.com\\\/maksu-ja-toimitusehdot\\\/\",\"name\":\"Maksu- ja toimitusehdot &#8212; Jalkis verkkokauppa\",\"isPartOf\":{\"@id\":\"https:\\\/\\\/jalkistuotteet.com\\\/#website\"},\"datePublished\":\"2022-09-06T06:48:18+00:00\",\"dateModified\":\"2026-03-30T10:00:35+00:00\",\"breadcrumb\":{\"@id\":\"https:\\\/\\\/jalkistuotteet.com\\\/maksu-ja-toimitusehdot\\\/#breadcrumb\"},\"inLanguage\":\"sv-SE\",\"potentialAction\":[{\"@type\":\"ReadAction\",\"target\":[\"https:\\\/\\\/jalkistuotteet.com\\\/maksu-ja-toimitusehdot\\\/\"]}]},{\"@type\":\"BreadcrumbList\",\"@id\":\"https:\\\/\\\/jalkistuotteet.com\\\/maksu-ja-toimitusehdot\\\/#breadcrumb\",\"itemListElement\":[{\"@type\":\"ListItem\",\"position\":1,\"name\":\"Etusivu\",\"item\":\"https:\\\/\\\/jalkistuotteet.com\\\/\"},{\"@type\":\"ListItem\",\"position\":2,\"name\":\"Maksu- ja toimitusehdot\"}]},{\"@type\":\"WebSite\",\"@id\":\"https:\\\/\\\/jalkistuotteet.com\\\/#website\",\"url\":\"https:\\\/\\\/jalkistuotteet.com\\\/\",\"name\":\"Jalkis verkkokauppa\",\"description\":\"\",\"publisher\":{\"@id\":\"https:\\\/\\\/jalkistuotteet.com\\\/#organization\"},\"potentialAction\":[{\"@type\":\"SearchAction\",\"target\":{\"@type\":\"EntryPoint\",\"urlTemplate\":\"https:\\\/\\\/jalkistuotteet.com\\\/?s={search_term_string}\"},\"query-input\":{\"@type\":\"PropertyValueSpecification\",\"valueRequired\":true,\"valueName\":\"search_term_string\"}}],\"inLanguage\":\"sv-SE\"},{\"@type\":\"Organization\",\"@id\":\"https:\\\/\\\/jalkistuotteet.com\\\/#organization\",\"name\":\"Jalkis Oy\",\"url\":\"https:\\\/\\\/jalkistuotteet.com\\\/\",\"logo\":{\"@type\":\"ImageObject\",\"inLanguage\":\"sv-SE\",\"@id\":\"https:\\\/\\\/jalkistuotteet.com\\\/#\\\/schema\\\/logo\\\/image\\\/\",\"url\":\"https:\\\/\\\/jalkistuotteet.com\\\/wp-content\\\/uploads\\\/2023\\\/09\\\/jalkis-tunnuskuvake.png\",\"contentUrl\":\"https:\\\/\\\/jalkistuotteet.com\\\/wp-content\\\/uploads\\\/2023\\\/09\\\/jalkis-tunnuskuvake.png\",\"width\":512,\"height\":512,\"caption\":\"Jalkis Oy\"},\"image\":{\"@id\":\"https:\\\/\\\/jalkistuotteet.com\\\/#\\\/schema\\\/logo\\\/image\\\/\"},\"sameAs\":[\"https:\\\/\\\/www.facebook.com\\\/jalkistuotteet\"]}]}<\/script>\n<!-- \/ Yoast SEO plugin. -->","yoast_head_json":{"title":"Maksu- ja toimitusehdot &#8212; Jalkis verkkokauppa","robots":{"index":"index","follow":"follow","max-snippet":"max-snippet:-1","max-image-preview":"max-image-preview:large","max-video-preview":"max-video-preview:-1"},"canonical":"https:\/\/jalkistuotteet.com\/sv\/maksu-ja-toimitusehdot\/","og_locale":"sv_SE","og_type":"article","og_title":"Maksu- ja toimitusehdot &#8212; Jalkis verkkokauppa","og_description":"Maksu- ja toimitusehdot P\u00e4ivitetty 26.6.2023Asiakas sitoutuu jokaisen tilauksen yhteydess\u00e4 voimassa oleviin toimitusehtoihin. Jalkis Oy 3289480-3 (j\u00e4ljemp\u00e4n\u00e4 verkkokauppa) myy tuotteita yksityishenkil\u00f6ille ja yrityksille Suomeen. Pid\u00e4t\u00e4mme oikeuden toimitusehtojen ja hintojen muutoksiin. Tuotteiden hinnat sis\u00e4lt\u00e4v\u00e4t arvonlis\u00e4veron. Verkkokaupan yhteystiedotS\u00e4hk\u00f6posti: info@jalkistuotteet.comPuhelin: +358 41 319 7402Postiosoite: Kuusikankaantie 1, 77570 J\u00e4ppil\u00e4. Tilaaminen Tilattavat tuotteet valitaan verkkosivuilla lis\u00e4\u00e4m\u00e4ll\u00e4 ne ostoskoriin. Tilaus l\u00e4hetet\u00e4\u00e4n maksamalla [&hellip;]","og_url":"https:\/\/jalkistuotteet.com\/sv\/maksu-ja-toimitusehdot\/","og_site_name":"Jalkis verkkokauppa","article_publisher":"https:\/\/www.facebook.com\/jalkistuotteet","article_modified_time":"2026-03-30T10:00:35+00:00","og_image":[{"width":1920,"height":1280,"url":"https:\/\/jalkistuotteet.com\/wp-content\/uploads\/2023\/06\/jalkis-webshop-front-2.jpg","type":"image\/jpeg"}],"twitter_card":"summary_large_image","twitter_misc":{"Ber\u00e4knad l\u00e4stid":"6 minuter"},"schema":{"@context":"https:\/\/schema.org","@graph":[{"@type":"WebPage","@id":"https:\/\/jalkistuotteet.com\/maksu-ja-toimitusehdot\/","url":"https:\/\/jalkistuotteet.com\/maksu-ja-toimitusehdot\/","name":"Maksu- ja toimitusehdot &#8212; Jalkis verkkokauppa","isPartOf":{"@id":"https:\/\/jalkistuotteet.com\/#website"},"datePublished":"2022-09-06T06:48:18+00:00","dateModified":"2026-03-30T10:00:35+00:00","breadcrumb":{"@id":"https:\/\/jalkistuotteet.com\/maksu-ja-toimitusehdot\/#breadcrumb"},"inLanguage":"sv-SE","potentialAction":[{"@type":"ReadAction","target":["https:\/\/jalkistuotteet.com\/maksu-ja-toimitusehdot\/"]}]},{"@type":"BreadcrumbList","@id":"https:\/\/jalkistuotteet.com\/maksu-ja-toimitusehdot\/#breadcrumb","itemListElement":[{"@type":"ListItem","position":1,"name":"Etusivu","item":"https:\/\/jalkistuotteet.com\/"},{"@type":"ListItem","position":2,"name":"Maksu- ja toimitusehdot"}]},{"@type":"WebSite","@id":"https:\/\/jalkistuotteet.com\/#website","url":"https:\/\/jalkistuotteet.com\/","name":"Jalkis verkkokauppa","description":"","publisher":{"@id":"https:\/\/jalkistuotteet.com\/#organization"},"potentialAction":[{"@type":"SearchAction","target":{"@type":"EntryPoint","urlTemplate":"https:\/\/jalkistuotteet.com\/?s={search_term_string}"},"query-input":{"@type":"PropertyValueSpecification","valueRequired":true,"valueName":"search_term_string"}}],"inLanguage":"sv-SE"},{"@type":"Organization","@id":"https:\/\/jalkistuotteet.com\/#organization","name":"Jalkis Oy","url":"https:\/\/jalkistuotteet.com\/","logo":{"@type":"ImageObject","inLanguage":"sv-SE","@id":"https:\/\/jalkistuotteet.com\/#\/schema\/logo\/image\/","url":"https:\/\/jalkistuotteet.com\/wp-content\/uploads\/2023\/09\/jalkis-tunnuskuvake.png","contentUrl":"https:\/\/jalkistuotteet.com\/wp-content\/uploads\/2023\/09\/jalkis-tunnuskuvake.png","width":512,"height":512,"caption":"Jalkis Oy"},"image":{"@id":"https:\/\/jalkistuotteet.com\/#\/schema\/logo\/image\/"},"sameAs":["https:\/\/www.facebook.com\/jalkistuotteet"]}]}},"_links":{"self":[{"href":"https:\/\/jalkistuotteet.com\/sv\/wp-json\/wp\/v2\/pages\/280","targetHints":{"allow":["GET"]}}],"collection":[{"href":"https:\/\/jalkistuotteet.com\/sv\/wp-json\/wp\/v2\/pages"}],"about":[{"href":"https:\/\/jalkistuotteet.com\/sv\/wp-json\/wp\/v2\/types\/page"}],"author":[{"embeddable":true,"href":"https:\/\/jalkistuotteet.com\/sv\/wp-json\/wp\/v2\/users\/1"}],"replies":[{"embeddable":true,"href":"https:\/\/jalkistuotteet.com\/sv\/wp-json\/wp\/v2\/comments?post=280"}],"version-history":[{"count":4,"href":"https:\/\/jalkistuotteet.com\/sv\/wp-json\/wp\/v2\/pages\/280\/revisions"}],"predecessor-version":[{"id":1857,"href":"https:\/\/jalkistuotteet.com\/sv\/wp-json\/wp\/v2\/pages\/280\/revisions\/1857"}],"wp:attachment":[{"href":"https:\/\/jalkistuotteet.com\/sv\/wp-json\/wp\/v2\/media?parent=280"}],"curies":[{"name":"wp","href":"https:\/\/api.w.org\/{rel}","templated":true}]}}