{"id":285,"date":"2022-09-06T10:10:51","date_gmt":"2022-09-06T07:10:51","guid":{"rendered":"https:\/\/www.prodictum.pro\/?page_id=285"},"modified":"2026-03-30T10:02:53","modified_gmt":"2026-03-30T10:02:53","slug":"rekisteriseloste-ja-tietosuoja","status":"publish","type":"page","link":"https:\/\/jalkistuotteet.com\/sv\/rekisteriseloste-ja-tietosuoja\/","title":{"rendered":"Registerutl\u00e5tande och dataskydd"},"content":{"rendered":"<p>[et_pb_section fb_built=&#8221;1&#8243; _builder_version=&#8221;4.17.6&#8243; _module_preset=&#8221;default&#8221; global_colors_info=&#8221;{}&#8221;][et_pb_row _builder_version=&#8221;4.17.6&#8243; _module_preset=&#8221;default&#8221; global_colors_info=&#8221;{}&#8221;][et_pb_column type=&#8221;4_4&#8243; _builder_version=&#8221;4.17.6&#8243; _module_preset=&#8221;default&#8221; global_colors_info=&#8221;{}&#8221;][et_pb_text _builder_version=&#8221;4.27.6&#8243; _module_preset=&#8221;default&#8221; hover_enabled=&#8221;0&#8243; global_colors_info=&#8221;{}&#8221; sticky_enabled=&#8221;0&#8243;]<\/p>\n<h1>Registerutl\u00e5tande och dataskydd<\/h1>\n<p>Enligt dataskyddsf\u00f6rordningen \u00e4r den personuppgiftsansvarige skyldig att informera den registrerade p\u00e5 ett tydligt s\u00e4tt. Denna f\u00f6rklaring \u00e4r avsedd f\u00f6r informations\u00e4ndam\u00e5l.<\/p>\n<h3>Registeransvarig:<\/h3>\n<p>Jalkis Oy<br \/>Kuusikankaantie 1, 77570 J\u00e4ppil\u00e4.\u00a0<br \/>FO-nummer 3289480-3<br \/>Telefon: +358 41 319 7402<br \/>E-post: <a href=\"mailto:info@jalkistuotteet.com\">info@jalkistuotteet.com<\/a><\/p>\n<h3>Kontaktperson i \u00e4renden som r\u00f6r registret:<\/h3>\n<p>Heidi Hirvonen<br \/>Kuusikankaantie 1, 77570 J\u00e4ppil\u00e4<br \/>Telefon: +358 41 319 7402<br \/>E-post: <a href=\"mailto:info@jalkistuotteet.com\">info@jalkistuotteet.com<\/a><\/p>\n<h3>Registrets namn:<\/h3>\n<p>Jalkis Oy n\u00e4tbutikens kundregister.<br \/>Syftet med behandlingen av personuppgifter:<br \/>Personuppgifter behandlas f\u00f6r att uppr\u00e4tth\u00e5lla och hantera kundrelationer med v\u00e5ra e-handelskunder, s\u00e5som att kontakta dem enligt vad som kr\u00e4vs f\u00f6r kundrelationen och f\u00f6r direktmarknadsf\u00f6ring. Kunden har r\u00e4tt att f\u00f6rbjuda anv\u00e4ndning av personuppgifter f\u00f6r direktmarknadsf\u00f6ring. Kundregistret kan anv\u00e4ndas f\u00f6r marknadsf\u00f6ring, men inte f\u00f6r elektronisk marknadsf\u00f6ring utan mottagarens samtycke.<\/p>\n<h3>Registrets datainneh\u00e5ll:<\/h3>\n<p>F\u00f6ljande uppgifter lagras i registret: kundens f\u00f6r- och efternamn, kundnummer, adressuppgifter, telefonnummer, e-postadress, webbadress, spr\u00e5k, information om marknadsf\u00f6ringstillst\u00e5nd och f\u00f6rbud samt information om kundens ink\u00f6p, leveranser och rabatter.<\/p>\n<h3>Regelm\u00e4ssiga uppgiftsk\u00e4llor:<\/h3>\n<p>Fr\u00e5n kunden sj\u00e4lv f\u00f6r best\u00e4llningar i n\u00e4tbutiken, genom returer och andra formul\u00e4r, via telefon, e-post eller p\u00e5 liknande s\u00e4tt.<\/p>\n<h3>Regelbundet utl\u00e4mnande av information:<\/h3>\n<p>Informationen anv\u00e4nds endast f\u00f6r att hantera kundrelationer och l\u00e4mnas inte regelm\u00e4ssigt ut till tredje part. Uppgifter kan dock l\u00e4mnas ut i samband med aktiviteter relaterade till den tekniska administrationen av n\u00e4tbutiken (t.ex. administration av server eller n\u00e4tbutikens plattform), f\u00f6r leverans av best\u00e4llningar, f\u00f6r inkasso av obetalda fakturor samt till myndigheter n\u00e4r det kr\u00e4vs och till\u00e5ts enligt lag.<br \/>\u00d6verf\u00f6ring av uppgifter utanf\u00f6r EU eller Europeiska ekonomiska samarbetsomr\u00e5det<br \/>Uppgifterna kommer inte att \u00f6verf\u00f6ras utanf\u00f6r EU eller Europeiska ekonomiska samarbetsomr\u00e5det.<\/p>\n<h3>F\u00f6rvaring och kassering av data<\/h3>\n<p>Uppgifterna i kundregistret lagras under hela kundrelationen. Best\u00e4llnings-, fakturerings- och betalningsdata lagras dock p\u00e5 samma s\u00e4tt som annat bokf\u00f6ringsmaterial. On\u00f6diga data kasseras p\u00e5 ett s\u00e4kert s\u00e4tt.<\/p>\n<h3>Principer f\u00f6r skydd av registret<\/h3>\n<p>Kundregistret behandlas konfidentiellt. Registret \u00e4r l\u00e4mpligt skyddat fr\u00e5n utomst\u00e5ende genom brandv\u00e4ggar och andra tekniska skyddsmedel. Registret h\u00e5lls endast i elektronisk form och enstaka pappersutskrifter f\u00f6rst\u00f6rs omedelbart och p\u00e5 l\u00e4mpligt s\u00e4tt.<br \/>Registret anv\u00e4nds endast av personer som har till uppgift att anv\u00e4nda det och som \u00e4r bundna av tystnadsplikt. Varje anv\u00e4ndare av registret har ett personligt anv\u00e4ndarnamn och l\u00f6senord.<\/p>\n<h3>Inspektionsr\u00e4tt<\/h3>\n<p>Var och en har enligt personuppgiftslagen r\u00e4tt att ta del av vilka uppgifter om honom eller henne som lagrats i personuppgiftsregistret. En beg\u00e4ran om inspektion m\u00e5ste skickas i en handling som \u00e4r egenh\u00e4ndigt undertecknad eller bestyrkt p\u00e5 ett likv\u00e4rdigt s\u00e4tt, eller l\u00e4mnas personligen p\u00e5 v\u00e5rt kontor. F\u00f6rfr\u00e5gningar m\u00e5ste skickas till ovann\u00e4mnda kontaktperson, som ocks\u00e5 kommer att svara p\u00e5 eventuella f\u00f6rfr\u00e5gningar om ytterligare information.<br \/>Regelm\u00e4ssig \u00f6verf\u00f6ring av information<br \/>Personuppgifter kan ocks\u00e5 \u00f6verf\u00f6ras till andra tj\u00e4nsteleverant\u00f6rer f\u00f6r att implementera systemet. Vi har s\u00e4kerst\u00e4llt att alla v\u00e5ra tj\u00e4nsteleverant\u00f6rer f\u00f6ljer dataskyddslagstiftningen.<\/p>\n<h3>Behandlingens varaktighet<\/h3>\n<p>Som regel behandlas personuppgifter s\u00e5 l\u00e4nge kundrelationen \u00e4r ikraft<br \/>Du kan sj\u00e4lv avregistrera dig fr\u00e5n v\u00e5r marknadsf\u00f6ringslista via \u2028l\u00e4nken i varje marknadsf\u00f6ringsmejl vi skickar till dig.<\/p>\n<h3>Personuppgiftsbitr\u00e4den<\/h3>\n<p>Den personuppgiftsansvarige och dess anst\u00e4llda behandlar personuppgifter. Vi kan ocks\u00e5 delvis outsourca behandlingen av personuppgifter till en tredje part, i vilket fall vi garanterar genom avtalsarrangemang att personuppgifterna kommer att behandlas i enlighet med g\u00e4llande dataskyddslagstiftning och i \u00f6vrigt p\u00e5 l\u00e4mpligt s\u00e4tt. F\u00f6r n\u00e4rvarande \u00e4r de externa databehandlarna ett redovisningsf\u00f6retag.<\/p>\n<h3>Uppdatering av information<\/h3>\n<p>Kunden kan uppdatera sin namn- och adressinformation i sin n\u00e4tbutiksprofil. Dessutom kan kunden kontakta v\u00e5r kontaktperson som n\u00e4mns ovan f\u00f6r att uppdatera sin information.<br \/>\u00d6vriga r\u00e4ttigheter relaterade till behandling av personuppgifter<br \/>Kunden har r\u00e4tt att f\u00f6rbjuda behandlingen av hans\/hennes uppgifter f\u00f6r marknadsf\u00f6rings\u00e4ndam\u00e5l. En beg\u00e4ran om begr\u00e4nsning av databehandlingen ska skickas via e-post till registrets kontaktperson.<\/p>\n<h3>Automatiserat beslutsfattande och profilering<\/h3>\n<p>Den h\u00e4r webbplatsen anv\u00e4nder cookies. Cookies skadar inte anv\u00e4ndarens dator eller filer. Du godk\u00e4nner anv\u00e4ndningen av cookies genom att klicka p\u00e5 den knapp p\u00e5 v\u00e5r webbplats som ber om ditt samtycke. De flesta webbl\u00e4sarprogram l\u00e5ter dig inaktivera cookie-aktivitet. Observera att cookies kan vara n\u00f6dv\u00e4ndiga f\u00f6r att vissa tj\u00e4nster ska fungera korrekt.<\/p>\n<p>[\/et_pb_text][\/et_pb_column][\/et_pb_row][\/et_pb_section]<\/p>","protected":false},"excerpt":{"rendered":"<p>Rekisteriseloste ja tietosuoja Rekisterinpit\u00e4j\u00e4ll\u00e4 on tietosuoja-asetuksen mukaan velvollisuus informoida selke\u00e4ll\u00e4 tavalla rekister\u00f6ityj\u00e4. T\u00e4m\u00e4 seloste t\u00e4ytt\u00e4\u00e4 informointivelvoitteen. Rekisterinpit\u00e4j\u00e4: Jalkis OyKuusikankaantie 1, 77570 J\u00e4ppil\u00e4.\u00a0Y-tunnus 3289480-3Puhelin: +358 41 319 7402S\u00e4hk\u00f6posti: info@jalkistuotteet.com Yhteyshenkil\u00f6 rekisteri\u00e4 koskevissa asioissa: Heidi HirvonenKuusikankaantie 1, 77570 J\u00e4ppil\u00e4Puhelin: +358 41 319 7402S\u00e4hk\u00f6posti: info@jalkistuotteet.com Rekisterin nimi: Jalkis Oy verkkokaupan asiakasrekisteri.Henkil\u00f6tietojen k\u00e4sittelyn tarkoitus:Henkil\u00f6tietoja k\u00e4sitell\u00e4\u00e4n verkkokaupan asiakkaidemme asiakassuhteiden yll\u00e4pit\u00e4miseen [&hellip;]<\/p>","protected":false},"author":1,"featured_media":0,"parent":0,"menu_order":0,"comment_status":"closed","ping_status":"closed","template":"","meta":{"_acf_changed":false,"_et_pb_use_builder":"on","_et_pb_old_content":"","_et_gb_content_width":"","footnotes":""},"class_list":["post-285","page","type-page","status-publish","hentry"],"acf":[],"yoast_head":"<!-- This site is optimized with the Yoast SEO plugin v27.4 - https:\/\/yoast.com\/product\/yoast-seo-wordpress\/ -->\n<title>Rekisteriseloste ja tietosuoja &#8212; Jalkis verkkokauppa<\/title>\n<meta name=\"robots\" content=\"index, follow, max-snippet:-1, max-image-preview:large, max-video-preview:-1\" \/>\n<link rel=\"canonical\" href=\"https:\/\/jalkistuotteet.com\/sv\/rekisteriseloste-ja-tietosuoja\/\" \/>\n<meta property=\"og:locale\" content=\"sv_SE\" \/>\n<meta property=\"og:type\" content=\"article\" \/>\n<meta property=\"og:title\" content=\"Rekisteriseloste ja tietosuoja &#8212; Jalkis verkkokauppa\" \/>\n<meta property=\"og:description\" content=\"Rekisteriseloste ja tietosuoja Rekisterinpit\u00e4j\u00e4ll\u00e4 on tietosuoja-asetuksen mukaan velvollisuus informoida selke\u00e4ll\u00e4 tavalla rekister\u00f6ityj\u00e4. T\u00e4m\u00e4 seloste t\u00e4ytt\u00e4\u00e4 informointivelvoitteen. Rekisterinpit\u00e4j\u00e4: Jalkis OyKuusikankaantie 1, 77570 J\u00e4ppil\u00e4.\u00a0Y-tunnus 3289480-3Puhelin: +358 41 319 7402S\u00e4hk\u00f6posti: info@jalkistuotteet.com Yhteyshenkil\u00f6 rekisteri\u00e4 koskevissa asioissa: Heidi HirvonenKuusikankaantie 1, 77570 J\u00e4ppil\u00e4Puhelin: +358 41 319 7402S\u00e4hk\u00f6posti: info@jalkistuotteet.com Rekisterin nimi: Jalkis Oy verkkokaupan asiakasrekisteri.Henkil\u00f6tietojen k\u00e4sittelyn tarkoitus:Henkil\u00f6tietoja k\u00e4sitell\u00e4\u00e4n verkkokaupan asiakkaidemme asiakassuhteiden yll\u00e4pit\u00e4miseen [&hellip;]\" \/>\n<meta property=\"og:url\" content=\"https:\/\/jalkistuotteet.com\/sv\/rekisteriseloste-ja-tietosuoja\/\" \/>\n<meta property=\"og:site_name\" content=\"Jalkis verkkokauppa\" \/>\n<meta property=\"article:publisher\" content=\"https:\/\/www.facebook.com\/jalkistuotteet\" \/>\n<meta property=\"article:modified_time\" content=\"2026-03-30T10:02:53+00:00\" \/>\n<meta property=\"og:image\" content=\"https:\/\/jalkistuotteet.com\/wp-content\/uploads\/2023\/06\/jalkis-webshop-front-2.jpg\" \/>\n\t<meta property=\"og:image:width\" content=\"1920\" \/>\n\t<meta property=\"og:image:height\" content=\"1280\" \/>\n\t<meta property=\"og:image:type\" content=\"image\/jpeg\" \/>\n<meta name=\"twitter:card\" content=\"summary_large_image\" \/>\n<meta name=\"twitter:label1\" content=\"Ber\u00e4knad l\u00e4stid\" \/>\n\t<meta name=\"twitter:data1\" content=\"3 minuter\" \/>\n<script type=\"application\/ld+json\" class=\"yoast-schema-graph\">{\"@context\":\"https:\\\/\\\/schema.org\",\"@graph\":[{\"@type\":\"WebPage\",\"@id\":\"https:\\\/\\\/jalkistuotteet.com\\\/rekisteriseloste-ja-tietosuoja\\\/\",\"url\":\"https:\\\/\\\/jalkistuotteet.com\\\/rekisteriseloste-ja-tietosuoja\\\/\",\"name\":\"Rekisteriseloste ja tietosuoja &#8212; Jalkis verkkokauppa\",\"isPartOf\":{\"@id\":\"https:\\\/\\\/jalkistuotteet.com\\\/#website\"},\"datePublished\":\"2022-09-06T07:10:51+00:00\",\"dateModified\":\"2026-03-30T10:02:53+00:00\",\"breadcrumb\":{\"@id\":\"https:\\\/\\\/jalkistuotteet.com\\\/rekisteriseloste-ja-tietosuoja\\\/#breadcrumb\"},\"inLanguage\":\"sv-SE\",\"potentialAction\":[{\"@type\":\"ReadAction\",\"target\":[\"https:\\\/\\\/jalkistuotteet.com\\\/rekisteriseloste-ja-tietosuoja\\\/\"]}]},{\"@type\":\"BreadcrumbList\",\"@id\":\"https:\\\/\\\/jalkistuotteet.com\\\/rekisteriseloste-ja-tietosuoja\\\/#breadcrumb\",\"itemListElement\":[{\"@type\":\"ListItem\",\"position\":1,\"name\":\"Etusivu\",\"item\":\"https:\\\/\\\/jalkistuotteet.com\\\/\"},{\"@type\":\"ListItem\",\"position\":2,\"name\":\"Rekisteriseloste ja tietosuoja\"}]},{\"@type\":\"WebSite\",\"@id\":\"https:\\\/\\\/jalkistuotteet.com\\\/#website\",\"url\":\"https:\\\/\\\/jalkistuotteet.com\\\/\",\"name\":\"Jalkis verkkokauppa\",\"description\":\"\",\"publisher\":{\"@id\":\"https:\\\/\\\/jalkistuotteet.com\\\/#organization\"},\"potentialAction\":[{\"@type\":\"SearchAction\",\"target\":{\"@type\":\"EntryPoint\",\"urlTemplate\":\"https:\\\/\\\/jalkistuotteet.com\\\/?s={search_term_string}\"},\"query-input\":{\"@type\":\"PropertyValueSpecification\",\"valueRequired\":true,\"valueName\":\"search_term_string\"}}],\"inLanguage\":\"sv-SE\"},{\"@type\":\"Organization\",\"@id\":\"https:\\\/\\\/jalkistuotteet.com\\\/#organization\",\"name\":\"Jalkis Oy\",\"url\":\"https:\\\/\\\/jalkistuotteet.com\\\/\",\"logo\":{\"@type\":\"ImageObject\",\"inLanguage\":\"sv-SE\",\"@id\":\"https:\\\/\\\/jalkistuotteet.com\\\/#\\\/schema\\\/logo\\\/image\\\/\",\"url\":\"https:\\\/\\\/jalkistuotteet.com\\\/wp-content\\\/uploads\\\/2023\\\/09\\\/jalkis-tunnuskuvake.png\",\"contentUrl\":\"https:\\\/\\\/jalkistuotteet.com\\\/wp-content\\\/uploads\\\/2023\\\/09\\\/jalkis-tunnuskuvake.png\",\"width\":512,\"height\":512,\"caption\":\"Jalkis Oy\"},\"image\":{\"@id\":\"https:\\\/\\\/jalkistuotteet.com\\\/#\\\/schema\\\/logo\\\/image\\\/\"},\"sameAs\":[\"https:\\\/\\\/www.facebook.com\\\/jalkistuotteet\"]}]}<\/script>\n<!-- \/ Yoast SEO plugin. -->","yoast_head_json":{"title":"Rekisteriseloste ja tietosuoja &#8212; Jalkis verkkokauppa","robots":{"index":"index","follow":"follow","max-snippet":"max-snippet:-1","max-image-preview":"max-image-preview:large","max-video-preview":"max-video-preview:-1"},"canonical":"https:\/\/jalkistuotteet.com\/sv\/rekisteriseloste-ja-tietosuoja\/","og_locale":"sv_SE","og_type":"article","og_title":"Rekisteriseloste ja tietosuoja &#8212; Jalkis verkkokauppa","og_description":"Rekisteriseloste ja tietosuoja Rekisterinpit\u00e4j\u00e4ll\u00e4 on tietosuoja-asetuksen mukaan velvollisuus informoida selke\u00e4ll\u00e4 tavalla rekister\u00f6ityj\u00e4. T\u00e4m\u00e4 seloste t\u00e4ytt\u00e4\u00e4 informointivelvoitteen. Rekisterinpit\u00e4j\u00e4: Jalkis OyKuusikankaantie 1, 77570 J\u00e4ppil\u00e4.\u00a0Y-tunnus 3289480-3Puhelin: +358 41 319 7402S\u00e4hk\u00f6posti: info@jalkistuotteet.com Yhteyshenkil\u00f6 rekisteri\u00e4 koskevissa asioissa: Heidi HirvonenKuusikankaantie 1, 77570 J\u00e4ppil\u00e4Puhelin: +358 41 319 7402S\u00e4hk\u00f6posti: info@jalkistuotteet.com Rekisterin nimi: Jalkis Oy verkkokaupan asiakasrekisteri.Henkil\u00f6tietojen k\u00e4sittelyn tarkoitus:Henkil\u00f6tietoja k\u00e4sitell\u00e4\u00e4n verkkokaupan asiakkaidemme asiakassuhteiden yll\u00e4pit\u00e4miseen [&hellip;]","og_url":"https:\/\/jalkistuotteet.com\/sv\/rekisteriseloste-ja-tietosuoja\/","og_site_name":"Jalkis verkkokauppa","article_publisher":"https:\/\/www.facebook.com\/jalkistuotteet","article_modified_time":"2026-03-30T10:02:53+00:00","og_image":[{"width":1920,"height":1280,"url":"https:\/\/jalkistuotteet.com\/wp-content\/uploads\/2023\/06\/jalkis-webshop-front-2.jpg","type":"image\/jpeg"}],"twitter_card":"summary_large_image","twitter_misc":{"Ber\u00e4knad l\u00e4stid":"3 minuter"},"schema":{"@context":"https:\/\/schema.org","@graph":[{"@type":"WebPage","@id":"https:\/\/jalkistuotteet.com\/rekisteriseloste-ja-tietosuoja\/","url":"https:\/\/jalkistuotteet.com\/rekisteriseloste-ja-tietosuoja\/","name":"Rekisteriseloste ja tietosuoja &#8212; Jalkis verkkokauppa","isPartOf":{"@id":"https:\/\/jalkistuotteet.com\/#website"},"datePublished":"2022-09-06T07:10:51+00:00","dateModified":"2026-03-30T10:02:53+00:00","breadcrumb":{"@id":"https:\/\/jalkistuotteet.com\/rekisteriseloste-ja-tietosuoja\/#breadcrumb"},"inLanguage":"sv-SE","potentialAction":[{"@type":"ReadAction","target":["https:\/\/jalkistuotteet.com\/rekisteriseloste-ja-tietosuoja\/"]}]},{"@type":"BreadcrumbList","@id":"https:\/\/jalkistuotteet.com\/rekisteriseloste-ja-tietosuoja\/#breadcrumb","itemListElement":[{"@type":"ListItem","position":1,"name":"Etusivu","item":"https:\/\/jalkistuotteet.com\/"},{"@type":"ListItem","position":2,"name":"Rekisteriseloste ja tietosuoja"}]},{"@type":"WebSite","@id":"https:\/\/jalkistuotteet.com\/#website","url":"https:\/\/jalkistuotteet.com\/","name":"Jalkis verkkokauppa","description":"","publisher":{"@id":"https:\/\/jalkistuotteet.com\/#organization"},"potentialAction":[{"@type":"SearchAction","target":{"@type":"EntryPoint","urlTemplate":"https:\/\/jalkistuotteet.com\/?s={search_term_string}"},"query-input":{"@type":"PropertyValueSpecification","valueRequired":true,"valueName":"search_term_string"}}],"inLanguage":"sv-SE"},{"@type":"Organization","@id":"https:\/\/jalkistuotteet.com\/#organization","name":"Jalkis Oy","url":"https:\/\/jalkistuotteet.com\/","logo":{"@type":"ImageObject","inLanguage":"sv-SE","@id":"https:\/\/jalkistuotteet.com\/#\/schema\/logo\/image\/","url":"https:\/\/jalkistuotteet.com\/wp-content\/uploads\/2023\/09\/jalkis-tunnuskuvake.png","contentUrl":"https:\/\/jalkistuotteet.com\/wp-content\/uploads\/2023\/09\/jalkis-tunnuskuvake.png","width":512,"height":512,"caption":"Jalkis Oy"},"image":{"@id":"https:\/\/jalkistuotteet.com\/#\/schema\/logo\/image\/"},"sameAs":["https:\/\/www.facebook.com\/jalkistuotteet"]}]}},"_links":{"self":[{"href":"https:\/\/jalkistuotteet.com\/sv\/wp-json\/wp\/v2\/pages\/285","targetHints":{"allow":["GET"]}}],"collection":[{"href":"https:\/\/jalkistuotteet.com\/sv\/wp-json\/wp\/v2\/pages"}],"about":[{"href":"https:\/\/jalkistuotteet.com\/sv\/wp-json\/wp\/v2\/types\/page"}],"author":[{"embeddable":true,"href":"https:\/\/jalkistuotteet.com\/sv\/wp-json\/wp\/v2\/users\/1"}],"replies":[{"embeddable":true,"href":"https:\/\/jalkistuotteet.com\/sv\/wp-json\/wp\/v2\/comments?post=285"}],"version-history":[{"count":2,"href":"https:\/\/jalkistuotteet.com\/sv\/wp-json\/wp\/v2\/pages\/285\/revisions"}],"predecessor-version":[{"id":1859,"href":"https:\/\/jalkistuotteet.com\/sv\/wp-json\/wp\/v2\/pages\/285\/revisions\/1859"}],"wp:attachment":[{"href":"https:\/\/jalkistuotteet.com\/sv\/wp-json\/wp\/v2\/media?parent=285"}],"curies":[{"name":"wp","href":"https:\/\/api.w.org\/{rel}","templated":true}]}}