{"id":46,"date":"2022-07-28T10:30:03","date_gmt":"2022-07-28T07:30:03","guid":{"rendered":"https:\/\/www.prodictum.pro\/?page_id=45"},"modified":"2022-07-28T10:30:03","modified_gmt":"2022-07-28T07:30:03","slug":"meista","status":"publish","type":"page","link":"https:\/\/jalkistuotteet.com\/sv\/meista\/","title":{"rendered":"meista"},"content":{"rendered":"<p>[et_pb_section fb_built=&#8221;1&#8243; _builder_version=&#8221;4.17.6&#8243; _module_preset=&#8221;default&#8221; global_colors_info=&#8221;{}&#8221;][et_pb_row _builder_version=&#8221;4.17.6&#8243; _module_preset=&#8221;default&#8221; global_colors_info=&#8221;{}&#8221;][et_pb_column type=&#8221;4_4&#8243; _builder_version=&#8221;4.17.6&#8243; _module_preset=&#8221;default&#8221; global_colors_info=&#8221;{}&#8221;][et_pb_text _builder_version=&#8221;4.17.6&#8243; _module_preset=&#8221;default&#8221; text_font_size=&#8221;16px&#8221; header_2_text_align=&#8221;left&#8221; header_2_text_color=&#8221;#0e594a&#8221; header_2_font_size=&#8221;37px&#8221; custom_margin=&#8221;|4vw||4vw|false|false&#8221; hover_enabled=&#8221;0&#8243; global_colors_info=&#8221;{}&#8221; sticky_enabled=&#8221;0&#8243;]<\/p>\n<h2>Historien om Jalkis Oy<\/h2>\n<p>P\u00e5 landsbygden i mellersta Savolax f\u00f6ddes \u00e5r 1952 tv\u00e5 sm\u00e5ttingar, Sirkku och Antero. N\u00e4r de var n\u00e4stan vuxna fann de varandra och deras k\u00e4rlekshistoria b\u00f6rjade. Den gemensamma resan f\u00f6rde det unga paret till Haapakoski i Pieks\u00e4m\u00e4ki, d\u00e4r Antero fick anst\u00e4llning i Haapakoskis j\u00e4rnbruk f\u00f6r att f\u00f6rs\u00f6rja sin familj. Detta skedde \u00e5r 1974. Familjen v\u00e4xte och \u00e5r 1988 och hade de sex barn.<\/p>\n<p class=\"translation-block\">Tanken att bygga upp familjens framtid genom egen f\u00f6retagsverksamhet slog rot i f\u00f6r\u00e4ldrarnas sinnen. Faderns enast\u00e5ende framg\u00e5ng i f\u00f6rs\u00e4ljningsarbetet uppmuntrade honom att se fram\u00e5t och skapa n\u00e5got eget som skulle b\u00e4ra frukt \u00e4nnu efter flera decennier.\nV\u00e4lbefinnandet som kommer fr\u00e5n naturen, att hj\u00e4lpa m\u00e4nniskor p\u00e5 ett humant s\u00e4tt och livsn\u00e4ra m\u00f6ten med m\u00e4nniskor var redan d\u00e5 en hj\u00e4rtesak f\u00f6r Antero och Sirkku. Detta gav upphov till en stark id\u00e9 att b\u00f6rja utveckla inhemska v\u00e5rdande kr\u00e4mer inspirerade av naturen, vilket skulle fr\u00e4mja m\u00e4nniskors h\u00e4lsa och d\u00e4rmed \u00f6vergripande v\u00e4lm\u00e5ende. S\u00e5 b\u00f6rjade den innovativa och m\u00e5ngfasiga produktutvecklingscykeln f\u00f6r Jalkis produkter. Efter m\u00e5nga \u00e5rs produktutveckling var de f\u00f6rsta produkterna i Jalkis-produktfamiljen redo att m\u00f6ta sina konsumenter. Vi packade produkterna i v\u00e4skor och reste runt i Finland utan att r\u00e4kna timmarna. Denna resa har nu p\u00e5g\u00e5tt i \u00f6ver trettio \u00e5r.<\/p>\n<p>F\u00f6r\u00e4ldrarnas beundransv\u00e4rda entusiasm och k\u00e4rlek f\u00f6r sitt arbete blev ocks\u00e5 djupt rotad i deras barns hj\u00e4rtan. Inte ens sv\u00e5ra stunder kunde undvikas, n\u00e4r l\u00e5gkonjunkturen drabbade Finland och f\u00f6retag \u00f6verallt, och \u00e4ven Tiitinens f\u00f6retag blev drabbat. F\u00f6r\u00e4ldrarna orkade dock arbeta h\u00e5rt och tro p\u00e5 sitt arbete, samtidigt som de visade sina barn betydelsen av uth\u00e5llighet, envishet och mod \u2013 livet forts\u00e4tter. Som ett resultat av den finl\u00e4ndsk uth\u00e5lligheten fortsatte Jalkis-produktfamiljen att v\u00e4xa, med de mest underbara produkterna f\u00f6r att st\u00f6dja m\u00e4nniskors v\u00e4lm\u00e5ende.<\/p>\n<p>Med de f\u00f6rbipasserande \u00e5ren b\u00f6rjade ett sorgligt \u00f6gonblick gry, n\u00e4r det var dags f\u00f6r f\u00f6r\u00e4ldrarna att ge tyglarna vidare. D\u00e5 fick vi barn undra om vi var redo att ta hand om livsverket och det arv som v\u00e5ra f\u00f6r\u00e4ldrar hade gett allt f\u00f6r. V\u00e5gar vi engagera oss med samma styrka och hj\u00e4rtegl\u00f6d i arbetet och det varma m\u00f6tet med m\u00e4nniskor? Kan vi tillsammans hissa nya segel och lita p\u00e5 de gynnsamma vindarna, trots att tiden och v\u00e4rlden har f\u00f6r\u00e4ndrats? Tillsammans valde vi att tro, lita p\u00e5 och v\u00e5ga \u2013 precis som v\u00e5ra f\u00f6r\u00e4ldrar en g\u00e5ng gjorde.<\/p>\n<p>Det \u00e4r med tacksamhet vi kan forts\u00e4tta p\u00e5 stigen som v\u00e5ra f\u00f6r\u00e4ldrar har trampat upp i sina m\u00f6ten med m\u00e4nniskor. V\u00e5r gemensamma f\u00f6rhoppning \u00e4r att vi med h\u00e5rt arbete och hj\u00e4rtlig v\u00e4rme kan fylla de stora st\u00f6vlar som gavs till oss. V\u00e5r st\u00f6rsta dr\u00f6m \u00e4r att Sirkku och Antero Tiitinens Jalkis-produktfamilj, som anv\u00e4nder naturliga r\u00e5varor, ska forts\u00e4tta att v\u00e4xa och n\u00e5 nya generationer.<br \/>Vi gl\u00e4der oss \u00f6ver att just du \u00e4r med p\u00e5 denna resa med oss. Vi hoppas att v\u00e5ra produkter ger dig gl\u00e4dje, gott hum\u00f6r och v\u00e4lbefinnande mitt i vardagen.<\/p>\n<p>Med k\u00e4rlek: vi sex barn<\/p>\n<p>[\/et_pb_text][\/et_pb_column][\/et_pb_row][\/et_pb_section]<\/p>","protected":false},"excerpt":{"rendered":"<p>Jalkis Oy:n tarina Keskisavolaisissa maaseudun maisemissa vuonna 1952 syntyi kaksi pienokaista, Sirkku ja Antero. Nuoruusvuosien l\u00e4hestyess\u00e4 aikuisuutta l\u00f6ysiv\u00e4t he toisensa, ja siit\u00e4 alkoi heid\u00e4n rakkaustarinansa. Yhteinen taival kuljetti nuorenparin Pieks\u00e4m\u00e4en Haapakoskelle, jossa Antero p\u00e4\u00e4si Haapakosken ruukille ansaitsemaan elantoa perheelleen. Elettiin vuotta 1974. Vuonna 1988 Tiitisten perhe oli kasvanut kuuden lapsen verran. Ajatus perheen tulevaisuuden rakentamisesta [&hellip;]<\/p>","protected":false},"author":1,"featured_media":0,"parent":0,"menu_order":0,"comment_status":"closed","ping_status":"closed","template":"","meta":{"_acf_changed":false,"_et_pb_use_builder":"on","_et_pb_old_content":"","_et_gb_content_width":"","footnotes":""},"class_list":["post-46","page","type-page","status-publish","hentry"],"acf":[],"yoast_head":"<!-- This site is optimized with the Yoast SEO plugin v27.4 - https:\/\/yoast.com\/product\/yoast-seo-wordpress\/ -->\n<title>meista &#8212; Jalkis verkkokauppa<\/title>\n<meta name=\"robots\" content=\"index, follow, max-snippet:-1, max-image-preview:large, max-video-preview:-1\" \/>\n<link rel=\"canonical\" href=\"https:\/\/jalkistuotteet.com\/sv\/meista\/\" \/>\n<meta property=\"og:locale\" content=\"sv_SE\" \/>\n<meta property=\"og:type\" content=\"article\" \/>\n<meta property=\"og:title\" content=\"meista &#8212; Jalkis verkkokauppa\" \/>\n<meta property=\"og:description\" content=\"Jalkis Oy:n tarina Keskisavolaisissa maaseudun maisemissa vuonna 1952 syntyi kaksi pienokaista, Sirkku ja Antero. Nuoruusvuosien l\u00e4hestyess\u00e4 aikuisuutta l\u00f6ysiv\u00e4t he toisensa, ja siit\u00e4 alkoi heid\u00e4n rakkaustarinansa. Yhteinen taival kuljetti nuorenparin Pieks\u00e4m\u00e4en Haapakoskelle, jossa Antero p\u00e4\u00e4si Haapakosken ruukille ansaitsemaan elantoa perheelleen. Elettiin vuotta 1974. Vuonna 1988 Tiitisten perhe oli kasvanut kuuden lapsen verran. Ajatus perheen tulevaisuuden rakentamisesta [&hellip;]\" \/>\n<meta property=\"og:url\" content=\"https:\/\/jalkistuotteet.com\/sv\/meista\/\" \/>\n<meta property=\"og:site_name\" content=\"Jalkis verkkokauppa\" \/>\n<meta property=\"article:publisher\" content=\"https:\/\/www.facebook.com\/jalkistuotteet\" \/>\n<meta property=\"og:image\" content=\"https:\/\/jalkistuotteet.com\/wp-content\/uploads\/2023\/06\/jalkis-webshop-front-2.jpg\" \/>\n\t<meta property=\"og:image:width\" content=\"1920\" \/>\n\t<meta property=\"og:image:height\" content=\"1280\" \/>\n\t<meta property=\"og:image:type\" content=\"image\/jpeg\" \/>\n<meta name=\"twitter:card\" content=\"summary_large_image\" \/>\n<meta name=\"twitter:label1\" content=\"Ber\u00e4knad l\u00e4stid\" \/>\n\t<meta name=\"twitter:data1\" content=\"3 minuter\" \/>\n<script type=\"application\/ld+json\" class=\"yoast-schema-graph\">{\"@context\":\"https:\\\/\\\/schema.org\",\"@graph\":[{\"@type\":\"WebPage\",\"@id\":\"https:\\\/\\\/jalkistuotteet.com\\\/meista\\\/\",\"url\":\"https:\\\/\\\/jalkistuotteet.com\\\/meista\\\/\",\"name\":\"meista &#8212; Jalkis verkkokauppa\",\"isPartOf\":{\"@id\":\"https:\\\/\\\/jalkistuotteet.com\\\/#website\"},\"datePublished\":\"2022-07-28T07:30:03+00:00\",\"breadcrumb\":{\"@id\":\"https:\\\/\\\/jalkistuotteet.com\\\/meista\\\/#breadcrumb\"},\"inLanguage\":\"sv-SE\",\"potentialAction\":[{\"@type\":\"ReadAction\",\"target\":[\"https:\\\/\\\/jalkistuotteet.com\\\/meista\\\/\"]}]},{\"@type\":\"BreadcrumbList\",\"@id\":\"https:\\\/\\\/jalkistuotteet.com\\\/meista\\\/#breadcrumb\",\"itemListElement\":[{\"@type\":\"ListItem\",\"position\":1,\"name\":\"Etusivu\",\"item\":\"https:\\\/\\\/jalkistuotteet.com\\\/\"},{\"@type\":\"ListItem\",\"position\":2,\"name\":\"meista\"}]},{\"@type\":\"WebSite\",\"@id\":\"https:\\\/\\\/jalkistuotteet.com\\\/#website\",\"url\":\"https:\\\/\\\/jalkistuotteet.com\\\/\",\"name\":\"Jalkis verkkokauppa\",\"description\":\"\",\"publisher\":{\"@id\":\"https:\\\/\\\/jalkistuotteet.com\\\/#organization\"},\"potentialAction\":[{\"@type\":\"SearchAction\",\"target\":{\"@type\":\"EntryPoint\",\"urlTemplate\":\"https:\\\/\\\/jalkistuotteet.com\\\/?s={search_term_string}\"},\"query-input\":{\"@type\":\"PropertyValueSpecification\",\"valueRequired\":true,\"valueName\":\"search_term_string\"}}],\"inLanguage\":\"sv-SE\"},{\"@type\":\"Organization\",\"@id\":\"https:\\\/\\\/jalkistuotteet.com\\\/#organization\",\"name\":\"Jalkis Oy\",\"url\":\"https:\\\/\\\/jalkistuotteet.com\\\/\",\"logo\":{\"@type\":\"ImageObject\",\"inLanguage\":\"sv-SE\",\"@id\":\"https:\\\/\\\/jalkistuotteet.com\\\/#\\\/schema\\\/logo\\\/image\\\/\",\"url\":\"https:\\\/\\\/jalkistuotteet.com\\\/wp-content\\\/uploads\\\/2023\\\/09\\\/jalkis-tunnuskuvake.png\",\"contentUrl\":\"https:\\\/\\\/jalkistuotteet.com\\\/wp-content\\\/uploads\\\/2023\\\/09\\\/jalkis-tunnuskuvake.png\",\"width\":512,\"height\":512,\"caption\":\"Jalkis Oy\"},\"image\":{\"@id\":\"https:\\\/\\\/jalkistuotteet.com\\\/#\\\/schema\\\/logo\\\/image\\\/\"},\"sameAs\":[\"https:\\\/\\\/www.facebook.com\\\/jalkistuotteet\"]}]}<\/script>\n<!-- \/ Yoast SEO plugin. -->","yoast_head_json":{"title":"meista &#8212; Jalkis verkkokauppa","robots":{"index":"index","follow":"follow","max-snippet":"max-snippet:-1","max-image-preview":"max-image-preview:large","max-video-preview":"max-video-preview:-1"},"canonical":"https:\/\/jalkistuotteet.com\/sv\/meista\/","og_locale":"sv_SE","og_type":"article","og_title":"meista &#8212; Jalkis verkkokauppa","og_description":"Jalkis Oy:n tarina Keskisavolaisissa maaseudun maisemissa vuonna 1952 syntyi kaksi pienokaista, Sirkku ja Antero. Nuoruusvuosien l\u00e4hestyess\u00e4 aikuisuutta l\u00f6ysiv\u00e4t he toisensa, ja siit\u00e4 alkoi heid\u00e4n rakkaustarinansa. Yhteinen taival kuljetti nuorenparin Pieks\u00e4m\u00e4en Haapakoskelle, jossa Antero p\u00e4\u00e4si Haapakosken ruukille ansaitsemaan elantoa perheelleen. Elettiin vuotta 1974. Vuonna 1988 Tiitisten perhe oli kasvanut kuuden lapsen verran. Ajatus perheen tulevaisuuden rakentamisesta [&hellip;]","og_url":"https:\/\/jalkistuotteet.com\/sv\/meista\/","og_site_name":"Jalkis verkkokauppa","article_publisher":"https:\/\/www.facebook.com\/jalkistuotteet","og_image":[{"width":1920,"height":1280,"url":"https:\/\/jalkistuotteet.com\/wp-content\/uploads\/2023\/06\/jalkis-webshop-front-2.jpg","type":"image\/jpeg"}],"twitter_card":"summary_large_image","twitter_misc":{"Ber\u00e4knad l\u00e4stid":"3 minuter"},"schema":{"@context":"https:\/\/schema.org","@graph":[{"@type":"WebPage","@id":"https:\/\/jalkistuotteet.com\/meista\/","url":"https:\/\/jalkistuotteet.com\/meista\/","name":"meista &#8212; Jalkis verkkokauppa","isPartOf":{"@id":"https:\/\/jalkistuotteet.com\/#website"},"datePublished":"2022-07-28T07:30:03+00:00","breadcrumb":{"@id":"https:\/\/jalkistuotteet.com\/meista\/#breadcrumb"},"inLanguage":"sv-SE","potentialAction":[{"@type":"ReadAction","target":["https:\/\/jalkistuotteet.com\/meista\/"]}]},{"@type":"BreadcrumbList","@id":"https:\/\/jalkistuotteet.com\/meista\/#breadcrumb","itemListElement":[{"@type":"ListItem","position":1,"name":"Etusivu","item":"https:\/\/jalkistuotteet.com\/"},{"@type":"ListItem","position":2,"name":"meista"}]},{"@type":"WebSite","@id":"https:\/\/jalkistuotteet.com\/#website","url":"https:\/\/jalkistuotteet.com\/","name":"Jalkis verkkokauppa","description":"","publisher":{"@id":"https:\/\/jalkistuotteet.com\/#organization"},"potentialAction":[{"@type":"SearchAction","target":{"@type":"EntryPoint","urlTemplate":"https:\/\/jalkistuotteet.com\/?s={search_term_string}"},"query-input":{"@type":"PropertyValueSpecification","valueRequired":true,"valueName":"search_term_string"}}],"inLanguage":"sv-SE"},{"@type":"Organization","@id":"https:\/\/jalkistuotteet.com\/#organization","name":"Jalkis Oy","url":"https:\/\/jalkistuotteet.com\/","logo":{"@type":"ImageObject","inLanguage":"sv-SE","@id":"https:\/\/jalkistuotteet.com\/#\/schema\/logo\/image\/","url":"https:\/\/jalkistuotteet.com\/wp-content\/uploads\/2023\/09\/jalkis-tunnuskuvake.png","contentUrl":"https:\/\/jalkistuotteet.com\/wp-content\/uploads\/2023\/09\/jalkis-tunnuskuvake.png","width":512,"height":512,"caption":"Jalkis Oy"},"image":{"@id":"https:\/\/jalkistuotteet.com\/#\/schema\/logo\/image\/"},"sameAs":["https:\/\/www.facebook.com\/jalkistuotteet"]}]}},"_links":{"self":[{"href":"https:\/\/jalkistuotteet.com\/sv\/wp-json\/wp\/v2\/pages\/46","targetHints":{"allow":["GET"]}}],"collection":[{"href":"https:\/\/jalkistuotteet.com\/sv\/wp-json\/wp\/v2\/pages"}],"about":[{"href":"https:\/\/jalkistuotteet.com\/sv\/wp-json\/wp\/v2\/types\/page"}],"author":[{"embeddable":true,"href":"https:\/\/jalkistuotteet.com\/sv\/wp-json\/wp\/v2\/users\/1"}],"replies":[{"embeddable":true,"href":"https:\/\/jalkistuotteet.com\/sv\/wp-json\/wp\/v2\/comments?post=46"}],"version-history":[{"count":0,"href":"https:\/\/jalkistuotteet.com\/sv\/wp-json\/wp\/v2\/pages\/46\/revisions"}],"wp:attachment":[{"href":"https:\/\/jalkistuotteet.com\/sv\/wp-json\/wp\/v2\/media?parent=46"}],"curies":[{"name":"wp","href":"https:\/\/api.w.org\/{rel}","templated":true}]}}