{"id":126,"date":"2022-07-28T14:23:37","date_gmt":"2022-07-28T11:23:37","guid":{"rendered":"https:\/\/www.prodictum.pro\/?post_type=product&#038;p=126"},"modified":"2024-11-06T11:34:06","modified_gmt":"2024-11-06T11:34:06","slug":"jalkis-viilentava-jalkavoide","status":"publish","type":"product","link":"https:\/\/jalkistuotteet.com\/sv\/produkt\/jalkis-viilentava-jalkavoide\/","title":{"rendered":"Jalkis svalkande fotkr\u00e4m"},"content":{"rendered":"","protected":false},"excerpt":{"rendered":"<p>Kr\u00e4mens vitaliserande effekt p\u00e5 den ytliga blodcirkulationen friskar upp tr\u00f6tta f\u00f6tter. Kr\u00e4men mjukar effektivt upp f\u00f6rh\u00e5rdnader och f\u00f6rhindrar att de bildas. Tack vare effekten av de aktiva ingredienserna f\u00f6rhindrar salvan svullnad och slappnar av \u00f6mma muskler. Kr\u00e4men passar perfekt som massagekr\u00e4m. Rekommenderas f\u00f6r anv\u00e4ndning av idrottare.<\/p>\n<p>Produkten inneh\u00e5ller inga artificiella doft\u00e4mnen, f\u00e4rg- eller konserveringsmedel.<\/p>\n<p><strong>F\u00f6rpackningsstorlek: 140 ml<\/strong><\/p>","protected":false},"featured_media":444,"template":"","meta":{"_acf_changed":false,"_et_pb_use_builder":"","_et_pb_old_content":"","_et_gb_content_width":""},"product_brand":[],"product_cat":[22],"product_tag":[],"class_list":{"0":"post-126","1":"product","2":"type-product","3":"status-publish","4":"has-post-thumbnail","6":"product_cat-voiteet","8":"first","9":"instock","10":"taxable","11":"shipping-taxable","12":"purchasable","13":"product-type-simple"},"acf":[],"yoast_head":"<!-- This site is optimized with the Yoast SEO plugin v27.4 - https:\/\/yoast.com\/product\/yoast-seo-wordpress\/ -->\n<title>Jalkis viilent\u00e4v\u00e4 jalkavoide &#8212; Jalkis verkkokauppa<\/title>\n<meta name=\"robots\" content=\"index, follow, max-snippet:-1, max-image-preview:large, max-video-preview:-1\" \/>\n<link rel=\"canonical\" href=\"https:\/\/jalkistuotteet.com\/sv\/produkt\/jalkis-viilentava-jalkavoide\/\" \/>\n<meta property=\"og:locale\" content=\"sv_SE\" \/>\n<meta property=\"og:type\" content=\"article\" \/>\n<meta property=\"og:title\" content=\"Jalkis viilent\u00e4v\u00e4 jalkavoide &#8212; Jalkis verkkokauppa\" \/>\n<meta property=\"og:description\" content=\"Voiteen pintaverenkiertoa elvytt\u00e4v\u00e4 vaikutus virkist\u00e4\u00e4 v\u00e4syneet jalat. Voide pehmitt\u00e4\u00e4 kovettumat tehokkaasti, ennaltaehk\u00e4isten niiden muodostumista. Aktiivisten ainesosien vaikutuksesta voide ennaltaehk\u00e4isee turvotusta ja rentouttaa kipeytyneit\u00e4 lihaksia. Voide soveltuukin erinomaisesti hierontavoiteeksi. Suositellaan k\u00e4ytett\u00e4v\u00e4ksi urheilijoille.  Tuote ei sis\u00e4ll\u00e4 keinotekoisia haju-, v\u00e4ri- tai s\u00e4il\u00f6nt\u00e4aineita.  Pakkauskoko: 140 ml\" \/>\n<meta property=\"og:url\" content=\"https:\/\/jalkistuotteet.com\/sv\/produkt\/jalkis-viilentava-jalkavoide\/\" \/>\n<meta property=\"og:site_name\" content=\"Jalkis verkkokauppa\" \/>\n<meta property=\"article:publisher\" content=\"https:\/\/www.facebook.com\/jalkistuotteet\" \/>\n<meta property=\"article:modified_time\" content=\"2024-11-06T11:34:06+00:00\" \/>\n<meta property=\"og:image\" content=\"https:\/\/jalkistuotteet.com\/wp-content\/uploads\/2022\/07\/Jalkis_viilentava_webshop-new.jpg\" \/>\n\t<meta property=\"og:image:width\" content=\"900\" \/>\n\t<meta property=\"og:image:height\" content=\"900\" \/>\n\t<meta property=\"og:image:type\" content=\"image\/jpeg\" \/>\n<meta name=\"twitter:card\" content=\"summary_large_image\" \/>\n<meta name=\"twitter:label1\" content=\"Ber\u00e4knad l\u00e4stid\" \/>\n\t<meta name=\"twitter:data1\" content=\"1 minut\" \/>\n<script type=\"application\/ld+json\" class=\"yoast-schema-graph\">{\"@context\":\"https:\\\/\\\/schema.org\",\"@graph\":[{\"@type\":\"WebPage\",\"@id\":\"https:\\\/\\\/jalkistuotteet.com\\\/tuote\\\/jalkis-viilentava-jalkavoide\\\/\",\"url\":\"https:\\\/\\\/jalkistuotteet.com\\\/tuote\\\/jalkis-viilentava-jalkavoide\\\/\",\"name\":\"Jalkis viilent\u00e4v\u00e4 jalkavoide &#8212; Jalkis verkkokauppa\",\"isPartOf\":{\"@id\":\"https:\\\/\\\/jalkistuotteet.com\\\/#website\"},\"primaryImageOfPage\":{\"@id\":\"https:\\\/\\\/jalkistuotteet.com\\\/tuote\\\/jalkis-viilentava-jalkavoide\\\/#primaryimage\"},\"image\":{\"@id\":\"https:\\\/\\\/jalkistuotteet.com\\\/tuote\\\/jalkis-viilentava-jalkavoide\\\/#primaryimage\"},\"thumbnailUrl\":\"https:\\\/\\\/jalkistuotteet.com\\\/wp-content\\\/uploads\\\/2022\\\/07\\\/Jalkis_viilentava_webshop-new.jpg\",\"datePublished\":\"2022-07-28T11:23:37+00:00\",\"dateModified\":\"2024-11-06T11:34:06+00:00\",\"breadcrumb\":{\"@id\":\"https:\\\/\\\/jalkistuotteet.com\\\/tuote\\\/jalkis-viilentava-jalkavoide\\\/#breadcrumb\"},\"inLanguage\":\"sv-SE\",\"potentialAction\":[{\"@type\":\"ReadAction\",\"target\":[\"https:\\\/\\\/jalkistuotteet.com\\\/tuote\\\/jalkis-viilentava-jalkavoide\\\/\"]}]},{\"@type\":\"ImageObject\",\"inLanguage\":\"sv-SE\",\"@id\":\"https:\\\/\\\/jalkistuotteet.com\\\/tuote\\\/jalkis-viilentava-jalkavoide\\\/#primaryimage\",\"url\":\"https:\\\/\\\/jalkistuotteet.com\\\/wp-content\\\/uploads\\\/2022\\\/07\\\/Jalkis_viilentava_webshop-new.jpg\",\"contentUrl\":\"https:\\\/\\\/jalkistuotteet.com\\\/wp-content\\\/uploads\\\/2022\\\/07\\\/Jalkis_viilentava_webshop-new.jpg\",\"width\":900,\"height\":900},{\"@type\":\"BreadcrumbList\",\"@id\":\"https:\\\/\\\/jalkistuotteet.com\\\/tuote\\\/jalkis-viilentava-jalkavoide\\\/#breadcrumb\",\"itemListElement\":[{\"@type\":\"ListItem\",\"position\":1,\"name\":\"Etusivu\",\"item\":\"https:\\\/\\\/jalkistuotteet.com\\\/\"},{\"@type\":\"ListItem\",\"position\":2,\"name\":\"Verkkokauppa\",\"item\":\"https:\\\/\\\/jalkistuotteet.com\\\/kauppa-2\\\/\"},{\"@type\":\"ListItem\",\"position\":3,\"name\":\"Jalkis viilent\u00e4v\u00e4 jalkavoide\"}]},{\"@type\":\"WebSite\",\"@id\":\"https:\\\/\\\/jalkistuotteet.com\\\/#website\",\"url\":\"https:\\\/\\\/jalkistuotteet.com\\\/\",\"name\":\"Jalkis verkkokauppa\",\"description\":\"\",\"publisher\":{\"@id\":\"https:\\\/\\\/jalkistuotteet.com\\\/#organization\"},\"potentialAction\":[{\"@type\":\"SearchAction\",\"target\":{\"@type\":\"EntryPoint\",\"urlTemplate\":\"https:\\\/\\\/jalkistuotteet.com\\\/?s={search_term_string}\"},\"query-input\":{\"@type\":\"PropertyValueSpecification\",\"valueRequired\":true,\"valueName\":\"search_term_string\"}}],\"inLanguage\":\"sv-SE\"},{\"@type\":\"Organization\",\"@id\":\"https:\\\/\\\/jalkistuotteet.com\\\/#organization\",\"name\":\"Jalkis Oy\",\"url\":\"https:\\\/\\\/jalkistuotteet.com\\\/\",\"logo\":{\"@type\":\"ImageObject\",\"inLanguage\":\"sv-SE\",\"@id\":\"https:\\\/\\\/jalkistuotteet.com\\\/#\\\/schema\\\/logo\\\/image\\\/\",\"url\":\"https:\\\/\\\/jalkistuotteet.com\\\/wp-content\\\/uploads\\\/2023\\\/09\\\/jalkis-tunnuskuvake.png\",\"contentUrl\":\"https:\\\/\\\/jalkistuotteet.com\\\/wp-content\\\/uploads\\\/2023\\\/09\\\/jalkis-tunnuskuvake.png\",\"width\":512,\"height\":512,\"caption\":\"Jalkis Oy\"},\"image\":{\"@id\":\"https:\\\/\\\/jalkistuotteet.com\\\/#\\\/schema\\\/logo\\\/image\\\/\"},\"sameAs\":[\"https:\\\/\\\/www.facebook.com\\\/jalkistuotteet\"]}]}<\/script>\n<!-- \/ Yoast SEO plugin. -->","yoast_head_json":{"title":"Jalkis viilent\u00e4v\u00e4 jalkavoide &#8212; Jalkis verkkokauppa","robots":{"index":"index","follow":"follow","max-snippet":"max-snippet:-1","max-image-preview":"max-image-preview:large","max-video-preview":"max-video-preview:-1"},"canonical":"https:\/\/jalkistuotteet.com\/sv\/produkt\/jalkis-viilentava-jalkavoide\/","og_locale":"sv_SE","og_type":"article","og_title":"Jalkis viilent\u00e4v\u00e4 jalkavoide &#8212; Jalkis verkkokauppa","og_description":"Voiteen pintaverenkiertoa elvytt\u00e4v\u00e4 vaikutus virkist\u00e4\u00e4 v\u00e4syneet jalat. Voide pehmitt\u00e4\u00e4 kovettumat tehokkaasti, ennaltaehk\u00e4isten niiden muodostumista. Aktiivisten ainesosien vaikutuksesta voide ennaltaehk\u00e4isee turvotusta ja rentouttaa kipeytyneit\u00e4 lihaksia. Voide soveltuukin erinomaisesti hierontavoiteeksi. Suositellaan k\u00e4ytett\u00e4v\u00e4ksi urheilijoille.  Tuote ei sis\u00e4ll\u00e4 keinotekoisia haju-, v\u00e4ri- tai s\u00e4il\u00f6nt\u00e4aineita.  Pakkauskoko: 140 ml","og_url":"https:\/\/jalkistuotteet.com\/sv\/produkt\/jalkis-viilentava-jalkavoide\/","og_site_name":"Jalkis verkkokauppa","article_publisher":"https:\/\/www.facebook.com\/jalkistuotteet","article_modified_time":"2024-11-06T11:34:06+00:00","og_image":[{"width":900,"height":900,"url":"https:\/\/jalkistuotteet.com\/wp-content\/uploads\/2022\/07\/Jalkis_viilentava_webshop-new.jpg","type":"image\/jpeg"}],"twitter_card":"summary_large_image","twitter_misc":{"Ber\u00e4knad l\u00e4stid":"1 minut"},"schema":{"@context":"https:\/\/schema.org","@graph":[{"@type":"WebPage","@id":"https:\/\/jalkistuotteet.com\/tuote\/jalkis-viilentava-jalkavoide\/","url":"https:\/\/jalkistuotteet.com\/tuote\/jalkis-viilentava-jalkavoide\/","name":"Jalkis viilent\u00e4v\u00e4 jalkavoide &#8212; Jalkis verkkokauppa","isPartOf":{"@id":"https:\/\/jalkistuotteet.com\/#website"},"primaryImageOfPage":{"@id":"https:\/\/jalkistuotteet.com\/tuote\/jalkis-viilentava-jalkavoide\/#primaryimage"},"image":{"@id":"https:\/\/jalkistuotteet.com\/tuote\/jalkis-viilentava-jalkavoide\/#primaryimage"},"thumbnailUrl":"https:\/\/jalkistuotteet.com\/wp-content\/uploads\/2022\/07\/Jalkis_viilentava_webshop-new.jpg","datePublished":"2022-07-28T11:23:37+00:00","dateModified":"2024-11-06T11:34:06+00:00","breadcrumb":{"@id":"https:\/\/jalkistuotteet.com\/tuote\/jalkis-viilentava-jalkavoide\/#breadcrumb"},"inLanguage":"sv-SE","potentialAction":[{"@type":"ReadAction","target":["https:\/\/jalkistuotteet.com\/tuote\/jalkis-viilentava-jalkavoide\/"]}]},{"@type":"ImageObject","inLanguage":"sv-SE","@id":"https:\/\/jalkistuotteet.com\/tuote\/jalkis-viilentava-jalkavoide\/#primaryimage","url":"https:\/\/jalkistuotteet.com\/wp-content\/uploads\/2022\/07\/Jalkis_viilentava_webshop-new.jpg","contentUrl":"https:\/\/jalkistuotteet.com\/wp-content\/uploads\/2022\/07\/Jalkis_viilentava_webshop-new.jpg","width":900,"height":900},{"@type":"BreadcrumbList","@id":"https:\/\/jalkistuotteet.com\/tuote\/jalkis-viilentava-jalkavoide\/#breadcrumb","itemListElement":[{"@type":"ListItem","position":1,"name":"Etusivu","item":"https:\/\/jalkistuotteet.com\/"},{"@type":"ListItem","position":2,"name":"Verkkokauppa","item":"https:\/\/jalkistuotteet.com\/kauppa-2\/"},{"@type":"ListItem","position":3,"name":"Jalkis viilent\u00e4v\u00e4 jalkavoide"}]},{"@type":"WebSite","@id":"https:\/\/jalkistuotteet.com\/#website","url":"https:\/\/jalkistuotteet.com\/","name":"Jalkis verkkokauppa","description":"","publisher":{"@id":"https:\/\/jalkistuotteet.com\/#organization"},"potentialAction":[{"@type":"SearchAction","target":{"@type":"EntryPoint","urlTemplate":"https:\/\/jalkistuotteet.com\/?s={search_term_string}"},"query-input":{"@type":"PropertyValueSpecification","valueRequired":true,"valueName":"search_term_string"}}],"inLanguage":"sv-SE"},{"@type":"Organization","@id":"https:\/\/jalkistuotteet.com\/#organization","name":"Jalkis Oy","url":"https:\/\/jalkistuotteet.com\/","logo":{"@type":"ImageObject","inLanguage":"sv-SE","@id":"https:\/\/jalkistuotteet.com\/#\/schema\/logo\/image\/","url":"https:\/\/jalkistuotteet.com\/wp-content\/uploads\/2023\/09\/jalkis-tunnuskuvake.png","contentUrl":"https:\/\/jalkistuotteet.com\/wp-content\/uploads\/2023\/09\/jalkis-tunnuskuvake.png","width":512,"height":512,"caption":"Jalkis Oy"},"image":{"@id":"https:\/\/jalkistuotteet.com\/#\/schema\/logo\/image\/"},"sameAs":["https:\/\/www.facebook.com\/jalkistuotteet"]}]}},"_links":{"self":[{"href":"https:\/\/jalkistuotteet.com\/sv\/wp-json\/wp\/v2\/product\/126","targetHints":{"allow":["GET"]}}],"collection":[{"href":"https:\/\/jalkistuotteet.com\/sv\/wp-json\/wp\/v2\/product"}],"about":[{"href":"https:\/\/jalkistuotteet.com\/sv\/wp-json\/wp\/v2\/types\/product"}],"wp:featuredmedia":[{"embeddable":true,"href":"https:\/\/jalkistuotteet.com\/sv\/wp-json\/wp\/v2\/media\/444"}],"wp:attachment":[{"href":"https:\/\/jalkistuotteet.com\/sv\/wp-json\/wp\/v2\/media?parent=126"}],"wp:term":[{"taxonomy":"product_brand","embeddable":true,"href":"https:\/\/jalkistuotteet.com\/sv\/wp-json\/wp\/v2\/product_brand?post=126"},{"taxonomy":"product_cat","embeddable":true,"href":"https:\/\/jalkistuotteet.com\/sv\/wp-json\/wp\/v2\/product_cat?post=126"},{"taxonomy":"product_tag","embeddable":true,"href":"https:\/\/jalkistuotteet.com\/sv\/wp-json\/wp\/v2\/product_tag?post=126"}],"curies":[{"name":"wp","href":"https:\/\/api.w.org\/{rel}","templated":true}]}}