{"id":358,"date":"2022-09-14T17:17:17","date_gmt":"2022-09-14T14:17:17","guid":{"rendered":"http:\/\/www.prodictum.pro\/?post_type=product&#038;p=358"},"modified":"2024-11-06T11:43:54","modified_gmt":"2024-11-06T11:43:54","slug":"tehopisara","status":"publish","type":"product","link":"https:\/\/jalkistuotteet.com\/sv\/produkt\/tehopisara\/","title":{"rendered":"Effektfall"},"content":{"rendered":"","protected":false},"excerpt":{"rendered":"<p>H\u00e4rlig och enkel glas\u00f6gonreng\u00f6ring. Tehopisara \u00e4r ett effektivt damm-, fett- och smutsavvisande medel. Sprayning med en effektdroppe r\u00e4cker f\u00f6r ytan som ska reng\u00f6ras. \u00c4mnet f\u00f6rhindrar elektrifiering och h\u00e5ller dina glas\u00f6gon rena l\u00e4ngre \u00e4n vanligt. Produkten l\u00e4mnar inte en gr\u00e5 hinna p\u00e5 ytan som ska reng\u00f6ras, och inget vatten beh\u00f6vs f\u00f6r reng\u00f6ringen. L\u00e4mplig f\u00f6r alla linsytor. Kan \u00e4ven anv\u00e4ndas f\u00f6r reng\u00f6ring av visirer, speglar och smycken. Tehopisara \u00e4r l\u00e4tt att anv\u00e4nda och kan enkelt tas med \u00f6verallt.<\/p>\n<p>Produkten inneh\u00e5ller inga lukt-, f\u00e4rg- eller l\u00f6sningsmedel.<\/p>\n<p>Inte l\u00e4mplig f\u00f6r kontaktlinser.<\/p>\n<p><strong>F\u00f6rpackningsstorlek 100 ml<\/strong><\/p>","protected":false},"featured_media":426,"template":"","meta":{"_acf_changed":false,"_et_pb_use_builder":"off","_et_pb_old_content":"<h2>Kuvaus:<\/h2>\r\nMielt\u00e4 ja kehoa rentouttava kylpysuola koostuu karkeasta merisuolasta, joka sis\u00e4lt\u00e4\u00e4 ihmisen terveydelle hy\u00f6dyllisi\u00e4 mineraaleja. Merisuolan k\u00e4yt\u00f6ll\u00e4 voidaan rentouttaa lihaksia, lievent\u00e4\u00e4 s\u00e4rkyj\u00e4 ja kosteuttaa ihoa. Kylpysuolalla on ihoa desinfioiva vaikutus, ja sen sis\u00e4lt\u00e4m\u00e4ll\u00e4 teatree-\u00f6ljyll\u00e4 on parantava vaikutus ihotulehduksiin, sek\u00e4 jalka- ja kynsisieniin. Lis\u00e4ksi teatree-\u00f6ljyll\u00e4 on immuunipuolustusta kohottavia, sek\u00e4 antiseptisi\u00e4 ja antibakteerisia ominaisuuksia.\r\n\r\n\u00a0\r\n<h2>Ihotyyppi:<\/h2>\r\nhikoilevat jalat, jalkasilsat- ja sienet, kuiva iho, halkeilevat kantap\u00e4\u00e4t, levottomat jalat.\r\n\r\n\u00a0\r\n<h2>Ominaisuudet:<\/h2>\r\ndesinfioiva, tulehduksia hoitava, kosteuttava, rauhoittava, hikoilua ennaltaehk\u00e4isev\u00e4.\r\n\r\n\u00a0\r\n<h2>K\u00e4ytt\u00f6ohje:<\/h2>\r\nK\u00e4yt\u00e4 v\u00e4hint\u00e4\u00e4n kerran viikossa. Annostele yksi ruokalusikallinen Jalkis \u2013kylpysuolaa nelj\u00e4\u00e4 vesilitraa kohti. Kylvet\u00e4 jalkoja 5-10 minuuttia l\u00e4mpim\u00e4ss\u00e4 vedess\u00e4. Kuivaa jalat ja varpaiden v\u00e4lit huolellisesti jalkakylvyn r\u00e5j\u00e4lkeen. Viimeistele jalkahoito Jalkis \u2013tuoteperheen hoitotuotteilla. Parhaan tuloksen saavuttamiseksi k\u00e4yt\u00e4 alussa useammin ja jatka sitten s\u00e4\u00e4nn\u00f6llisesti k\u00e4ytt\u00f6\u00e4. T\u00e4ll\u00f6in ehk\u00e4iset sieni-infektioiden levi\u00e4mist\u00e4 ja uusiutumista.\r\n\r\n\u00a0\r\n<h2>Inci:<\/h2>\r\nkarkea merisuola, eucalyptus citriodora oil, teepuu\u00f6ljy","_et_gb_content_width":""},"product_brand":[],"product_cat":[19],"product_tag":[],"class_list":{"0":"post-358","1":"product","2":"type-product","3":"status-publish","4":"has-post-thumbnail","6":"product_cat-muut","8":"first","9":"instock","10":"taxable","11":"shipping-taxable","12":"purchasable","13":"product-type-simple"},"acf":[],"yoast_head":"<!-- This site is optimized with the Yoast SEO plugin v27.4 - https:\/\/yoast.com\/product\/yoast-seo-wordpress\/ -->\n<title>Tehopisara &#8212; Jalkis verkkokauppa<\/title>\n<meta name=\"robots\" content=\"index, follow, max-snippet:-1, max-image-preview:large, max-video-preview:-1\" \/>\n<link rel=\"canonical\" href=\"https:\/\/jalkistuotteet.com\/sv\/produkt\/tehopisara\/\" \/>\n<meta property=\"og:locale\" content=\"sv_SE\" \/>\n<meta property=\"og:type\" content=\"article\" \/>\n<meta property=\"og:title\" content=\"Tehopisara &#8212; Jalkis verkkokauppa\" \/>\n<meta property=\"og:description\" content=\"Ihastuttava ja helppo silm\u00e4lasien tehopuhdistaja. Tehopisara on tehokas p\u00f6lyn, rasvan ja lian torjuja. Suihkaus tehopisaraa riitt\u00e4\u00e4 puhdistettavalle pinnalle. Aine est\u00e4\u00e4 s\u00e4hk\u00f6istymist\u00e4 ja pit\u00e4\u00e4 lasisi puhtaana tavallista pidemp\u00e4\u00e4n. Tuote ei j\u00e4t\u00e4 puhdistettavalle pinnalle harmaata kalvoa, eik\u00e4 puhdistukseen tarvita vett\u00e4. Sopii k\u00e4ytett\u00e4v\u00e4ksi kaikille linssipinnoille. Voidaan k\u00e4ytt\u00e4\u00e4 my\u00f6s visiirien, peilien ja korujen puhdistukseen. Tehopisara on helppok\u00e4ytt\u00f6inen ja kulkee vaivatta mukana miss\u00e4 vain.  Tuote ei sis\u00e4ll\u00e4 haju-, v\u00e4ri- tai liuotinaineita.  Ei sovellu piilolinsseille.  Pakkauskoko: 100 ml\" \/>\n<meta property=\"og:url\" content=\"https:\/\/jalkistuotteet.com\/sv\/produkt\/tehopisara\/\" \/>\n<meta property=\"og:site_name\" content=\"Jalkis verkkokauppa\" \/>\n<meta property=\"article:publisher\" content=\"https:\/\/www.facebook.com\/jalkistuotteet\" \/>\n<meta property=\"article:modified_time\" content=\"2024-11-06T11:43:54+00:00\" \/>\n<meta property=\"og:image\" content=\"https:\/\/jalkistuotteet.com\/wp-content\/uploads\/2022\/09\/Tehopisara-webshop-1.jpg\" \/>\n\t<meta property=\"og:image:width\" content=\"900\" \/>\n\t<meta property=\"og:image:height\" content=\"900\" \/>\n\t<meta property=\"og:image:type\" content=\"image\/jpeg\" \/>\n<meta name=\"twitter:card\" content=\"summary_large_image\" \/>\n<meta name=\"twitter:label1\" content=\"Ber\u00e4knad l\u00e4stid\" \/>\n\t<meta name=\"twitter:data1\" content=\"1 minut\" \/>\n<script type=\"application\/ld+json\" class=\"yoast-schema-graph\">{\"@context\":\"https:\\\/\\\/schema.org\",\"@graph\":[{\"@type\":\"WebPage\",\"@id\":\"https:\\\/\\\/jalkistuotteet.com\\\/tuote\\\/tehopisara\\\/\",\"url\":\"https:\\\/\\\/jalkistuotteet.com\\\/tuote\\\/tehopisara\\\/\",\"name\":\"Tehopisara &#8212; Jalkis verkkokauppa\",\"isPartOf\":{\"@id\":\"https:\\\/\\\/jalkistuotteet.com\\\/#website\"},\"primaryImageOfPage\":{\"@id\":\"https:\\\/\\\/jalkistuotteet.com\\\/tuote\\\/tehopisara\\\/#primaryimage\"},\"image\":{\"@id\":\"https:\\\/\\\/jalkistuotteet.com\\\/tuote\\\/tehopisara\\\/#primaryimage\"},\"thumbnailUrl\":\"https:\\\/\\\/jalkistuotteet.com\\\/wp-content\\\/uploads\\\/2022\\\/09\\\/Tehopisara-webshop-1.jpg\",\"datePublished\":\"2022-09-14T14:17:17+00:00\",\"dateModified\":\"2024-11-06T11:43:54+00:00\",\"breadcrumb\":{\"@id\":\"https:\\\/\\\/jalkistuotteet.com\\\/tuote\\\/tehopisara\\\/#breadcrumb\"},\"inLanguage\":\"sv-SE\",\"potentialAction\":[{\"@type\":\"ReadAction\",\"target\":[\"https:\\\/\\\/jalkistuotteet.com\\\/tuote\\\/tehopisara\\\/\"]}]},{\"@type\":\"ImageObject\",\"inLanguage\":\"sv-SE\",\"@id\":\"https:\\\/\\\/jalkistuotteet.com\\\/tuote\\\/tehopisara\\\/#primaryimage\",\"url\":\"https:\\\/\\\/jalkistuotteet.com\\\/wp-content\\\/uploads\\\/2022\\\/09\\\/Tehopisara-webshop-1.jpg\",\"contentUrl\":\"https:\\\/\\\/jalkistuotteet.com\\\/wp-content\\\/uploads\\\/2022\\\/09\\\/Tehopisara-webshop-1.jpg\",\"width\":900,\"height\":900},{\"@type\":\"BreadcrumbList\",\"@id\":\"https:\\\/\\\/jalkistuotteet.com\\\/tuote\\\/tehopisara\\\/#breadcrumb\",\"itemListElement\":[{\"@type\":\"ListItem\",\"position\":1,\"name\":\"Etusivu\",\"item\":\"https:\\\/\\\/jalkistuotteet.com\\\/\"},{\"@type\":\"ListItem\",\"position\":2,\"name\":\"Verkkokauppa\",\"item\":\"https:\\\/\\\/jalkistuotteet.com\\\/kauppa-2\\\/\"},{\"@type\":\"ListItem\",\"position\":3,\"name\":\"Tehopisara\"}]},{\"@type\":\"WebSite\",\"@id\":\"https:\\\/\\\/jalkistuotteet.com\\\/#website\",\"url\":\"https:\\\/\\\/jalkistuotteet.com\\\/\",\"name\":\"Jalkis verkkokauppa\",\"description\":\"\",\"publisher\":{\"@id\":\"https:\\\/\\\/jalkistuotteet.com\\\/#organization\"},\"potentialAction\":[{\"@type\":\"SearchAction\",\"target\":{\"@type\":\"EntryPoint\",\"urlTemplate\":\"https:\\\/\\\/jalkistuotteet.com\\\/?s={search_term_string}\"},\"query-input\":{\"@type\":\"PropertyValueSpecification\",\"valueRequired\":true,\"valueName\":\"search_term_string\"}}],\"inLanguage\":\"sv-SE\"},{\"@type\":\"Organization\",\"@id\":\"https:\\\/\\\/jalkistuotteet.com\\\/#organization\",\"name\":\"Jalkis Oy\",\"url\":\"https:\\\/\\\/jalkistuotteet.com\\\/\",\"logo\":{\"@type\":\"ImageObject\",\"inLanguage\":\"sv-SE\",\"@id\":\"https:\\\/\\\/jalkistuotteet.com\\\/#\\\/schema\\\/logo\\\/image\\\/\",\"url\":\"https:\\\/\\\/jalkistuotteet.com\\\/wp-content\\\/uploads\\\/2023\\\/09\\\/jalkis-tunnuskuvake.png\",\"contentUrl\":\"https:\\\/\\\/jalkistuotteet.com\\\/wp-content\\\/uploads\\\/2023\\\/09\\\/jalkis-tunnuskuvake.png\",\"width\":512,\"height\":512,\"caption\":\"Jalkis Oy\"},\"image\":{\"@id\":\"https:\\\/\\\/jalkistuotteet.com\\\/#\\\/schema\\\/logo\\\/image\\\/\"},\"sameAs\":[\"https:\\\/\\\/www.facebook.com\\\/jalkistuotteet\"]}]}<\/script>\n<!-- \/ Yoast SEO plugin. -->","yoast_head_json":{"title":"Tehopisara &#8212; Jalkis verkkokauppa","robots":{"index":"index","follow":"follow","max-snippet":"max-snippet:-1","max-image-preview":"max-image-preview:large","max-video-preview":"max-video-preview:-1"},"canonical":"https:\/\/jalkistuotteet.com\/sv\/produkt\/tehopisara\/","og_locale":"sv_SE","og_type":"article","og_title":"Tehopisara &#8212; Jalkis verkkokauppa","og_description":"Ihastuttava ja helppo silm\u00e4lasien tehopuhdistaja. Tehopisara on tehokas p\u00f6lyn, rasvan ja lian torjuja. Suihkaus tehopisaraa riitt\u00e4\u00e4 puhdistettavalle pinnalle. Aine est\u00e4\u00e4 s\u00e4hk\u00f6istymist\u00e4 ja pit\u00e4\u00e4 lasisi puhtaana tavallista pidemp\u00e4\u00e4n. Tuote ei j\u00e4t\u00e4 puhdistettavalle pinnalle harmaata kalvoa, eik\u00e4 puhdistukseen tarvita vett\u00e4. Sopii k\u00e4ytett\u00e4v\u00e4ksi kaikille linssipinnoille. Voidaan k\u00e4ytt\u00e4\u00e4 my\u00f6s visiirien, peilien ja korujen puhdistukseen. Tehopisara on helppok\u00e4ytt\u00f6inen ja kulkee vaivatta mukana miss\u00e4 vain.  Tuote ei sis\u00e4ll\u00e4 haju-, v\u00e4ri- tai liuotinaineita.  Ei sovellu piilolinsseille.  Pakkauskoko: 100 ml","og_url":"https:\/\/jalkistuotteet.com\/sv\/produkt\/tehopisara\/","og_site_name":"Jalkis verkkokauppa","article_publisher":"https:\/\/www.facebook.com\/jalkistuotteet","article_modified_time":"2024-11-06T11:43:54+00:00","og_image":[{"width":900,"height":900,"url":"https:\/\/jalkistuotteet.com\/wp-content\/uploads\/2022\/09\/Tehopisara-webshop-1.jpg","type":"image\/jpeg"}],"twitter_card":"summary_large_image","twitter_misc":{"Ber\u00e4knad l\u00e4stid":"1 minut"},"schema":{"@context":"https:\/\/schema.org","@graph":[{"@type":"WebPage","@id":"https:\/\/jalkistuotteet.com\/tuote\/tehopisara\/","url":"https:\/\/jalkistuotteet.com\/tuote\/tehopisara\/","name":"Tehopisara &#8212; Jalkis verkkokauppa","isPartOf":{"@id":"https:\/\/jalkistuotteet.com\/#website"},"primaryImageOfPage":{"@id":"https:\/\/jalkistuotteet.com\/tuote\/tehopisara\/#primaryimage"},"image":{"@id":"https:\/\/jalkistuotteet.com\/tuote\/tehopisara\/#primaryimage"},"thumbnailUrl":"https:\/\/jalkistuotteet.com\/wp-content\/uploads\/2022\/09\/Tehopisara-webshop-1.jpg","datePublished":"2022-09-14T14:17:17+00:00","dateModified":"2024-11-06T11:43:54+00:00","breadcrumb":{"@id":"https:\/\/jalkistuotteet.com\/tuote\/tehopisara\/#breadcrumb"},"inLanguage":"sv-SE","potentialAction":[{"@type":"ReadAction","target":["https:\/\/jalkistuotteet.com\/tuote\/tehopisara\/"]}]},{"@type":"ImageObject","inLanguage":"sv-SE","@id":"https:\/\/jalkistuotteet.com\/tuote\/tehopisara\/#primaryimage","url":"https:\/\/jalkistuotteet.com\/wp-content\/uploads\/2022\/09\/Tehopisara-webshop-1.jpg","contentUrl":"https:\/\/jalkistuotteet.com\/wp-content\/uploads\/2022\/09\/Tehopisara-webshop-1.jpg","width":900,"height":900},{"@type":"BreadcrumbList","@id":"https:\/\/jalkistuotteet.com\/tuote\/tehopisara\/#breadcrumb","itemListElement":[{"@type":"ListItem","position":1,"name":"Etusivu","item":"https:\/\/jalkistuotteet.com\/"},{"@type":"ListItem","position":2,"name":"Verkkokauppa","item":"https:\/\/jalkistuotteet.com\/kauppa-2\/"},{"@type":"ListItem","position":3,"name":"Tehopisara"}]},{"@type":"WebSite","@id":"https:\/\/jalkistuotteet.com\/#website","url":"https:\/\/jalkistuotteet.com\/","name":"Jalkis verkkokauppa","description":"","publisher":{"@id":"https:\/\/jalkistuotteet.com\/#organization"},"potentialAction":[{"@type":"SearchAction","target":{"@type":"EntryPoint","urlTemplate":"https:\/\/jalkistuotteet.com\/?s={search_term_string}"},"query-input":{"@type":"PropertyValueSpecification","valueRequired":true,"valueName":"search_term_string"}}],"inLanguage":"sv-SE"},{"@type":"Organization","@id":"https:\/\/jalkistuotteet.com\/#organization","name":"Jalkis Oy","url":"https:\/\/jalkistuotteet.com\/","logo":{"@type":"ImageObject","inLanguage":"sv-SE","@id":"https:\/\/jalkistuotteet.com\/#\/schema\/logo\/image\/","url":"https:\/\/jalkistuotteet.com\/wp-content\/uploads\/2023\/09\/jalkis-tunnuskuvake.png","contentUrl":"https:\/\/jalkistuotteet.com\/wp-content\/uploads\/2023\/09\/jalkis-tunnuskuvake.png","width":512,"height":512,"caption":"Jalkis Oy"},"image":{"@id":"https:\/\/jalkistuotteet.com\/#\/schema\/logo\/image\/"},"sameAs":["https:\/\/www.facebook.com\/jalkistuotteet"]}]}},"_links":{"self":[{"href":"https:\/\/jalkistuotteet.com\/sv\/wp-json\/wp\/v2\/product\/358","targetHints":{"allow":["GET"]}}],"collection":[{"href":"https:\/\/jalkistuotteet.com\/sv\/wp-json\/wp\/v2\/product"}],"about":[{"href":"https:\/\/jalkistuotteet.com\/sv\/wp-json\/wp\/v2\/types\/product"}],"wp:featuredmedia":[{"embeddable":true,"href":"https:\/\/jalkistuotteet.com\/sv\/wp-json\/wp\/v2\/media\/426"}],"wp:attachment":[{"href":"https:\/\/jalkistuotteet.com\/sv\/wp-json\/wp\/v2\/media?parent=358"}],"wp:term":[{"taxonomy":"product_brand","embeddable":true,"href":"https:\/\/jalkistuotteet.com\/sv\/wp-json\/wp\/v2\/product_brand?post=358"},{"taxonomy":"product_cat","embeddable":true,"href":"https:\/\/jalkistuotteet.com\/sv\/wp-json\/wp\/v2\/product_cat?post=358"},{"taxonomy":"product_tag","embeddable":true,"href":"https:\/\/jalkistuotteet.com\/sv\/wp-json\/wp\/v2\/product_tag?post=358"}],"curies":[{"name":"wp","href":"https:\/\/api.w.org\/{rel}","templated":true}]}}