{"id":360,"date":"2022-09-14T17:56:36","date_gmt":"2022-09-14T14:56:36","guid":{"rendered":"http:\/\/www.prodictum.pro\/?post_type=product&#038;p=360"},"modified":"2024-11-06T11:41:42","modified_gmt":"2024-11-06T11:41:42","slug":"pihkis-hunaja-pihkavoide","status":"publish","type":"product","link":"https:\/\/jalkistuotteet.com\/sv\/produkt\/pihkis-hunaja-pihkavoide\/","title":{"rendered":"Pihkis honung-k\u00e5dkr\u00e4m"},"content":{"rendered":"","protected":false},"excerpt":{"rendered":"<p>En universalkr\u00e4m, f\u00f6r hela familjen, som lindrar m\u00e5nga besv\u00e4r. Tack vare de aktiva ingredienserna p\u00e5skyndar honung-k\u00e5dkr\u00e4men l\u00e4kning av s\u00e5r och lindrar inflammation. Honung som ett naturligt antibiotikum fungerar som ett antibakteriellt medel i kr\u00e4men, varf\u00f6r den \u00e4r idealisk f\u00f6r s\u00e5r, br\u00e4nnskador och hudproblem. Kr\u00e4men ger hj\u00e4lp f\u00f6r sprucken hud och f\u00f6rh\u00e5rdningar p\u00e5 h\u00e4larna och sidorna p\u00e5 t\u00e5n. Den kan ocks\u00e5 anv\u00e4ndas p\u00e5 djur.<\/p>\n<p>Produkten inneh\u00e5ller inga artificiella doft\u00e4mnen, f\u00e4rg- eller konserveringsmedel.<\/p>\n<p>Kr\u00e4men \u00e4r inte l\u00e4mplig f\u00f6r personer som \u00e4r \u00f6verk\u00e4nsliga mot harts.<\/p>\n<p><strong>F\u00f6rpackningsstorlek  50 och 140 ml<\/strong><\/p>","protected":false},"featured_media":602,"template":"","meta":{"_acf_changed":false,"_et_pb_use_builder":"off","_et_pb_old_content":"","_et_gb_content_width":""},"product_brand":[],"product_cat":[22],"product_tag":[],"class_list":{"0":"post-360","1":"product","2":"type-product","3":"status-publish","4":"has-post-thumbnail","6":"product_cat-voiteet","8":"first","9":"instock","10":"taxable","11":"shipping-taxable","12":"purchasable","13":"product-type-variable","14":"has-default-attributes"},"acf":[],"yoast_head":"<!-- This site is optimized with the Yoast SEO plugin v27.4 - https:\/\/yoast.com\/product\/yoast-seo-wordpress\/ -->\n<title>Pihkis hunaja-pihkavoide &#8212; Jalkis verkkokauppa<\/title>\n<meta name=\"robots\" content=\"index, follow, max-snippet:-1, max-image-preview:large, max-video-preview:-1\" \/>\n<link rel=\"canonical\" href=\"https:\/\/jalkistuotteet.com\/sv\/produkt\/pihkis-hunaja-pihkavoide\/\" \/>\n<meta property=\"og:locale\" content=\"sv_SE\" \/>\n<meta property=\"og:type\" content=\"article\" \/>\n<meta property=\"og:title\" content=\"Pihkis hunaja-pihkavoide &#8212; Jalkis verkkokauppa\" \/>\n<meta property=\"og:description\" content=\"Koko perheen yleisvoide, josta on avuksi moneen vaivaan. Aktiivisten aineisosien ansiosta hunaja-pihkavoide nopeuttaa haavojen parantumista ja lievitt\u00e4\u00e4 tulehdusta. Hunaja luonnon antibioottina toimii voiteessa antibakteerisena ja siksi voide soveltuukin erinomaisesti haavoihin, palovammoihin ja iho-ongelmiin. Voiteella saat avun halkeilevalle iholle ja kovettumiin kantap\u00e4iss\u00e4 ja varpaansyrjiss\u00e4. Voidetta voi k\u00e4ytt\u00e4\u00e4 my\u00f6s el\u00e4imille.  Tuote ei sis\u00e4ll\u00e4 keinotekoisia haju-. v\u00e4ri- tai s\u00e4il\u00f6nt\u00e4aineita.  Voide ei sovellu hartsiyliherkille.  Pakkauskoko: 50 ja 140 ml\" \/>\n<meta property=\"og:url\" content=\"https:\/\/jalkistuotteet.com\/sv\/produkt\/pihkis-hunaja-pihkavoide\/\" \/>\n<meta property=\"og:site_name\" content=\"Jalkis verkkokauppa\" \/>\n<meta property=\"article:publisher\" content=\"https:\/\/www.facebook.com\/jalkistuotteet\" \/>\n<meta property=\"article:modified_time\" content=\"2024-11-06T11:41:42+00:00\" \/>\n<meta property=\"og:image\" content=\"https:\/\/jalkistuotteet.com\/wp-content\/uploads\/2022\/09\/Jalkis-hunajapihka_webshop_new-2.jpg\" \/>\n\t<meta property=\"og:image:width\" content=\"900\" \/>\n\t<meta property=\"og:image:height\" content=\"900\" \/>\n\t<meta property=\"og:image:type\" content=\"image\/jpeg\" \/>\n<meta name=\"twitter:card\" content=\"summary_large_image\" \/>\n<meta name=\"twitter:label1\" content=\"Ber\u00e4knad l\u00e4stid\" \/>\n\t<meta name=\"twitter:data1\" content=\"1 minut\" \/>\n<script type=\"application\/ld+json\" class=\"yoast-schema-graph\">{\"@context\":\"https:\\\/\\\/schema.org\",\"@graph\":[{\"@type\":\"WebPage\",\"@id\":\"https:\\\/\\\/jalkistuotteet.com\\\/tuote\\\/pihkis-hunaja-pihkavoide\\\/\",\"url\":\"https:\\\/\\\/jalkistuotteet.com\\\/tuote\\\/pihkis-hunaja-pihkavoide\\\/\",\"name\":\"Pihkis hunaja-pihkavoide &#8212; Jalkis verkkokauppa\",\"isPartOf\":{\"@id\":\"https:\\\/\\\/jalkistuotteet.com\\\/#website\"},\"primaryImageOfPage\":{\"@id\":\"https:\\\/\\\/jalkistuotteet.com\\\/tuote\\\/pihkis-hunaja-pihkavoide\\\/#primaryimage\"},\"image\":{\"@id\":\"https:\\\/\\\/jalkistuotteet.com\\\/tuote\\\/pihkis-hunaja-pihkavoide\\\/#primaryimage\"},\"thumbnailUrl\":\"https:\\\/\\\/jalkistuotteet.com\\\/wp-content\\\/uploads\\\/2022\\\/09\\\/Jalkis-hunajapihka_webshop_new-2.jpg\",\"datePublished\":\"2022-09-14T14:56:36+00:00\",\"dateModified\":\"2024-11-06T11:41:42+00:00\",\"breadcrumb\":{\"@id\":\"https:\\\/\\\/jalkistuotteet.com\\\/tuote\\\/pihkis-hunaja-pihkavoide\\\/#breadcrumb\"},\"inLanguage\":\"sv-SE\",\"potentialAction\":[{\"@type\":\"ReadAction\",\"target\":[\"https:\\\/\\\/jalkistuotteet.com\\\/tuote\\\/pihkis-hunaja-pihkavoide\\\/\"]}]},{\"@type\":\"ImageObject\",\"inLanguage\":\"sv-SE\",\"@id\":\"https:\\\/\\\/jalkistuotteet.com\\\/tuote\\\/pihkis-hunaja-pihkavoide\\\/#primaryimage\",\"url\":\"https:\\\/\\\/jalkistuotteet.com\\\/wp-content\\\/uploads\\\/2022\\\/09\\\/Jalkis-hunajapihka_webshop_new-2.jpg\",\"contentUrl\":\"https:\\\/\\\/jalkistuotteet.com\\\/wp-content\\\/uploads\\\/2022\\\/09\\\/Jalkis-hunajapihka_webshop_new-2.jpg\",\"width\":900,\"height\":900},{\"@type\":\"BreadcrumbList\",\"@id\":\"https:\\\/\\\/jalkistuotteet.com\\\/tuote\\\/pihkis-hunaja-pihkavoide\\\/#breadcrumb\",\"itemListElement\":[{\"@type\":\"ListItem\",\"position\":1,\"name\":\"Etusivu\",\"item\":\"https:\\\/\\\/jalkistuotteet.com\\\/\"},{\"@type\":\"ListItem\",\"position\":2,\"name\":\"Verkkokauppa\",\"item\":\"https:\\\/\\\/jalkistuotteet.com\\\/kauppa-2\\\/\"},{\"@type\":\"ListItem\",\"position\":3,\"name\":\"Pihkis hunaja-pihkavoide\"}]},{\"@type\":\"WebSite\",\"@id\":\"https:\\\/\\\/jalkistuotteet.com\\\/#website\",\"url\":\"https:\\\/\\\/jalkistuotteet.com\\\/\",\"name\":\"Jalkis verkkokauppa\",\"description\":\"\",\"publisher\":{\"@id\":\"https:\\\/\\\/jalkistuotteet.com\\\/#organization\"},\"potentialAction\":[{\"@type\":\"SearchAction\",\"target\":{\"@type\":\"EntryPoint\",\"urlTemplate\":\"https:\\\/\\\/jalkistuotteet.com\\\/?s={search_term_string}\"},\"query-input\":{\"@type\":\"PropertyValueSpecification\",\"valueRequired\":true,\"valueName\":\"search_term_string\"}}],\"inLanguage\":\"sv-SE\"},{\"@type\":\"Organization\",\"@id\":\"https:\\\/\\\/jalkistuotteet.com\\\/#organization\",\"name\":\"Jalkis Oy\",\"url\":\"https:\\\/\\\/jalkistuotteet.com\\\/\",\"logo\":{\"@type\":\"ImageObject\",\"inLanguage\":\"sv-SE\",\"@id\":\"https:\\\/\\\/jalkistuotteet.com\\\/#\\\/schema\\\/logo\\\/image\\\/\",\"url\":\"https:\\\/\\\/jalkistuotteet.com\\\/wp-content\\\/uploads\\\/2023\\\/09\\\/jalkis-tunnuskuvake.png\",\"contentUrl\":\"https:\\\/\\\/jalkistuotteet.com\\\/wp-content\\\/uploads\\\/2023\\\/09\\\/jalkis-tunnuskuvake.png\",\"width\":512,\"height\":512,\"caption\":\"Jalkis Oy\"},\"image\":{\"@id\":\"https:\\\/\\\/jalkistuotteet.com\\\/#\\\/schema\\\/logo\\\/image\\\/\"},\"sameAs\":[\"https:\\\/\\\/www.facebook.com\\\/jalkistuotteet\"]}]}<\/script>\n<!-- \/ Yoast SEO plugin. -->","yoast_head_json":{"title":"Pihkis hunaja-pihkavoide &#8212; Jalkis verkkokauppa","robots":{"index":"index","follow":"follow","max-snippet":"max-snippet:-1","max-image-preview":"max-image-preview:large","max-video-preview":"max-video-preview:-1"},"canonical":"https:\/\/jalkistuotteet.com\/sv\/produkt\/pihkis-hunaja-pihkavoide\/","og_locale":"sv_SE","og_type":"article","og_title":"Pihkis hunaja-pihkavoide &#8212; Jalkis verkkokauppa","og_description":"Koko perheen yleisvoide, josta on avuksi moneen vaivaan. Aktiivisten aineisosien ansiosta hunaja-pihkavoide nopeuttaa haavojen parantumista ja lievitt\u00e4\u00e4 tulehdusta. Hunaja luonnon antibioottina toimii voiteessa antibakteerisena ja siksi voide soveltuukin erinomaisesti haavoihin, palovammoihin ja iho-ongelmiin. Voiteella saat avun halkeilevalle iholle ja kovettumiin kantap\u00e4iss\u00e4 ja varpaansyrjiss\u00e4. Voidetta voi k\u00e4ytt\u00e4\u00e4 my\u00f6s el\u00e4imille.  Tuote ei sis\u00e4ll\u00e4 keinotekoisia haju-. v\u00e4ri- tai s\u00e4il\u00f6nt\u00e4aineita.  Voide ei sovellu hartsiyliherkille.  Pakkauskoko: 50 ja 140 ml","og_url":"https:\/\/jalkistuotteet.com\/sv\/produkt\/pihkis-hunaja-pihkavoide\/","og_site_name":"Jalkis verkkokauppa","article_publisher":"https:\/\/www.facebook.com\/jalkistuotteet","article_modified_time":"2024-11-06T11:41:42+00:00","og_image":[{"width":900,"height":900,"url":"https:\/\/jalkistuotteet.com\/wp-content\/uploads\/2022\/09\/Jalkis-hunajapihka_webshop_new-2.jpg","type":"image\/jpeg"}],"twitter_card":"summary_large_image","twitter_misc":{"Ber\u00e4knad l\u00e4stid":"1 minut"},"schema":{"@context":"https:\/\/schema.org","@graph":[{"@type":"WebPage","@id":"https:\/\/jalkistuotteet.com\/tuote\/pihkis-hunaja-pihkavoide\/","url":"https:\/\/jalkistuotteet.com\/tuote\/pihkis-hunaja-pihkavoide\/","name":"Pihkis hunaja-pihkavoide &#8212; Jalkis verkkokauppa","isPartOf":{"@id":"https:\/\/jalkistuotteet.com\/#website"},"primaryImageOfPage":{"@id":"https:\/\/jalkistuotteet.com\/tuote\/pihkis-hunaja-pihkavoide\/#primaryimage"},"image":{"@id":"https:\/\/jalkistuotteet.com\/tuote\/pihkis-hunaja-pihkavoide\/#primaryimage"},"thumbnailUrl":"https:\/\/jalkistuotteet.com\/wp-content\/uploads\/2022\/09\/Jalkis-hunajapihka_webshop_new-2.jpg","datePublished":"2022-09-14T14:56:36+00:00","dateModified":"2024-11-06T11:41:42+00:00","breadcrumb":{"@id":"https:\/\/jalkistuotteet.com\/tuote\/pihkis-hunaja-pihkavoide\/#breadcrumb"},"inLanguage":"sv-SE","potentialAction":[{"@type":"ReadAction","target":["https:\/\/jalkistuotteet.com\/tuote\/pihkis-hunaja-pihkavoide\/"]}]},{"@type":"ImageObject","inLanguage":"sv-SE","@id":"https:\/\/jalkistuotteet.com\/tuote\/pihkis-hunaja-pihkavoide\/#primaryimage","url":"https:\/\/jalkistuotteet.com\/wp-content\/uploads\/2022\/09\/Jalkis-hunajapihka_webshop_new-2.jpg","contentUrl":"https:\/\/jalkistuotteet.com\/wp-content\/uploads\/2022\/09\/Jalkis-hunajapihka_webshop_new-2.jpg","width":900,"height":900},{"@type":"BreadcrumbList","@id":"https:\/\/jalkistuotteet.com\/tuote\/pihkis-hunaja-pihkavoide\/#breadcrumb","itemListElement":[{"@type":"ListItem","position":1,"name":"Etusivu","item":"https:\/\/jalkistuotteet.com\/"},{"@type":"ListItem","position":2,"name":"Verkkokauppa","item":"https:\/\/jalkistuotteet.com\/kauppa-2\/"},{"@type":"ListItem","position":3,"name":"Pihkis hunaja-pihkavoide"}]},{"@type":"WebSite","@id":"https:\/\/jalkistuotteet.com\/#website","url":"https:\/\/jalkistuotteet.com\/","name":"Jalkis verkkokauppa","description":"","publisher":{"@id":"https:\/\/jalkistuotteet.com\/#organization"},"potentialAction":[{"@type":"SearchAction","target":{"@type":"EntryPoint","urlTemplate":"https:\/\/jalkistuotteet.com\/?s={search_term_string}"},"query-input":{"@type":"PropertyValueSpecification","valueRequired":true,"valueName":"search_term_string"}}],"inLanguage":"sv-SE"},{"@type":"Organization","@id":"https:\/\/jalkistuotteet.com\/#organization","name":"Jalkis Oy","url":"https:\/\/jalkistuotteet.com\/","logo":{"@type":"ImageObject","inLanguage":"sv-SE","@id":"https:\/\/jalkistuotteet.com\/#\/schema\/logo\/image\/","url":"https:\/\/jalkistuotteet.com\/wp-content\/uploads\/2023\/09\/jalkis-tunnuskuvake.png","contentUrl":"https:\/\/jalkistuotteet.com\/wp-content\/uploads\/2023\/09\/jalkis-tunnuskuvake.png","width":512,"height":512,"caption":"Jalkis Oy"},"image":{"@id":"https:\/\/jalkistuotteet.com\/#\/schema\/logo\/image\/"},"sameAs":["https:\/\/www.facebook.com\/jalkistuotteet"]}]}},"_links":{"self":[{"href":"https:\/\/jalkistuotteet.com\/sv\/wp-json\/wp\/v2\/product\/360","targetHints":{"allow":["GET"]}}],"collection":[{"href":"https:\/\/jalkistuotteet.com\/sv\/wp-json\/wp\/v2\/product"}],"about":[{"href":"https:\/\/jalkistuotteet.com\/sv\/wp-json\/wp\/v2\/types\/product"}],"wp:featuredmedia":[{"embeddable":true,"href":"https:\/\/jalkistuotteet.com\/sv\/wp-json\/wp\/v2\/media\/602"}],"wp:attachment":[{"href":"https:\/\/jalkistuotteet.com\/sv\/wp-json\/wp\/v2\/media?parent=360"}],"wp:term":[{"taxonomy":"product_brand","embeddable":true,"href":"https:\/\/jalkistuotteet.com\/sv\/wp-json\/wp\/v2\/product_brand?post=360"},{"taxonomy":"product_cat","embeddable":true,"href":"https:\/\/jalkistuotteet.com\/sv\/wp-json\/wp\/v2\/product_cat?post=360"},{"taxonomy":"product_tag","embeddable":true,"href":"https:\/\/jalkistuotteet.com\/sv\/wp-json\/wp\/v2\/product_tag?post=360"}],"curies":[{"name":"wp","href":"https:\/\/api.w.org\/{rel}","templated":true}]}}