{"id":95,"date":"2022-07-28T13:30:57","date_gmt":"2022-07-28T10:30:57","guid":{"rendered":"https:\/\/www.prodictum.pro\/?post_type=product&#038;p=95"},"modified":"2024-11-06T11:39:19","modified_gmt":"2024-11-06T11:39:19","slug":"pihkis-pihka-pikioljyvoide","status":"publish","type":"product","link":"https:\/\/jalkistuotteet.com\/sv\/produkt\/pihkis-pihka-pikioljyvoide\/","title":{"rendered":"Pihkis k\u00e5da-beckoljekr\u00e4m"},"content":{"rendered":"","protected":false},"excerpt":{"rendered":"<p>En universalkr\u00e4m, f\u00f6r hela familjen, som lindrar m\u00e5nga besv\u00e4r. K\u00e5da p\u00e5skyndar l\u00e4kning av s\u00e5r och minskar inflammation. P\u00e5 grund av de h\u00e4rdande egenskaperna hos k\u00e5da \u00e4r kr\u00e4men l\u00e4mplig f\u00f6r behandling av psoriasis och atopisk dermatit. Kr\u00e4men ger hj\u00e4lp f\u00f6r sprucken hud och f\u00f6rh\u00e5rdningar p\u00e5 h\u00e4larna. Den \u00e4r effektiv vid behandling av diabetiska s\u00e5r. Beckoljan som anv\u00e4nds i salvan fungerar i sin tur som ett naturligt avvisande medel f\u00f6r myggor och hj\u00e4lper mot kl\u00e5da som orsakas av insektsbett. Den kan ocks\u00e5 anv\u00e4ndas p\u00e5 djur.<\/p>\n<p>Produkten inneh\u00e5ller inga artificiella doft\u00e4mnen, f\u00e4rg- eller konserveringsmedel.<\/p>\n<p><strong>F\u00f6rpackningsstorlek  50 och 140 ml<\/strong><\/p>\n<p>Kr\u00e4men \u00e4r inte l\u00e4mplig f\u00f6r personer som \u00e4r \u00f6verk\u00e4nsliga mot harts.<\/p>","protected":false},"featured_media":772,"template":"","meta":{"_acf_changed":false,"_et_pb_use_builder":"off","_et_pb_old_content":"Koko perheen yleisvoiteeksi sopivassa Pihkis-piki\u00f6ljyvoiteessa voidepohjana on hajusteeton ja v\u00e4riaineeton, iholle hell\u00e4varainen ja hypoallergeeninen puhdas valkovaseliini. Voide ei tuki ihohuokosia, joten se sopii l\u00e4hes jokaisen iholle. S\u00e4\u00e4nn\u00f6llinen k\u00e4ytt\u00f6 uudistaa ja hoitaa kuivaa ja halkeillutta ihoa. Voiteessa tehovaikuttimena on kuusenpihka, joka suojaa ja korjaa vaurioitunutta ihoa. Kuusenpihkalla on haavoja ja tulehduksia parantava vaikutus. Piki\u00f6ljy puolestaan torjuu luonnollisesti hy\u00f6nteisi\u00e4 ja auttaa niiden pistoista aiheutuvaan kutinaan. Pihkis\u2013piki\u00f6ljyvoide on ihanteellinen koko perheen yleisvoide, josta on avuksi moneen vaivaan!\r\n\r\n\u00a0","_et_gb_content_width":""},"product_brand":[],"product_cat":[22],"product_tag":[],"class_list":{"0":"post-95","1":"product","2":"type-product","3":"status-publish","4":"has-post-thumbnail","6":"product_cat-voiteet","8":"first","9":"instock","10":"featured","11":"taxable","12":"shipping-taxable","13":"purchasable","14":"product-type-variable","15":"has-default-attributes"},"acf":[],"yoast_head":"<!-- This site is optimized with the Yoast SEO plugin v27.4 - https:\/\/yoast.com\/product\/yoast-seo-wordpress\/ -->\n<title>Pihkis pihka-piki\u00f6ljyvoide &#8212; Jalkis verkkokauppa<\/title>\n<meta name=\"robots\" content=\"index, follow, max-snippet:-1, max-image-preview:large, max-video-preview:-1\" \/>\n<link rel=\"canonical\" href=\"https:\/\/jalkistuotteet.com\/sv\/produkt\/pihkis-pihka-pikioljyvoide\/\" \/>\n<meta property=\"og:locale\" content=\"sv_SE\" \/>\n<meta property=\"og:type\" content=\"article\" \/>\n<meta property=\"og:title\" content=\"Pihkis pihka-piki\u00f6ljyvoide &#8212; Jalkis verkkokauppa\" \/>\n<meta property=\"og:description\" content=\"Koko perheen yleisvoide, josta on avuksi moneen vaivaan. Pihka nopeuttaa haavojen parantumista ja v\u00e4hent\u00e4\u00e4 tulehdusta. Pihkan hoitavien ominaisuuksien vuoksi voide soveltuu proriasis- ja atooppisen ihottuman hoitoon. Voiteella saat avun halkeilevalle iholle ja kantap\u00e4iden kovettumiin. Voide hoitaa diabeetikon haavat tehokkaasti. Voiteessa k\u00e4ytetty piki\u00f6ljy puolestaan toimii luonnollisena hyttysten karkottajana ja auttaa hy\u00f6nteisten puremien aiheuttamassa kutinassa. Voidetta voi k\u00e4ytt\u00e4\u00e4 my\u00f6s el\u00e4imille.  Tuote ei sis\u00e4ll\u00e4 keinotekoisia haju-, v\u00e4ri- tai s\u00e4il\u00f6nt\u00e4aineita.  Pakkauskoko: 50 ja 140 ml  Voide ei sovellu hartsiyliherkille.\" \/>\n<meta property=\"og:url\" content=\"https:\/\/jalkistuotteet.com\/sv\/produkt\/pihkis-pihka-pikioljyvoide\/\" \/>\n<meta property=\"og:site_name\" content=\"Jalkis verkkokauppa\" \/>\n<meta property=\"article:publisher\" content=\"https:\/\/www.facebook.com\/jalkistuotteet\" \/>\n<meta property=\"article:modified_time\" content=\"2024-11-06T11:39:19+00:00\" \/>\n<meta property=\"og:image\" content=\"https:\/\/jalkistuotteet.com\/wp-content\/uploads\/2023\/08\/Pihka-pikioljyvoide-purkit_webshop-new.-2jpg.jpg\" \/>\n\t<meta property=\"og:image:width\" content=\"900\" \/>\n\t<meta property=\"og:image:height\" content=\"900\" \/>\n\t<meta property=\"og:image:type\" content=\"image\/jpeg\" \/>\n<meta name=\"twitter:card\" content=\"summary_large_image\" \/>\n<meta name=\"twitter:label1\" content=\"Ber\u00e4knad l\u00e4stid\" \/>\n\t<meta name=\"twitter:data1\" content=\"1 minut\" \/>\n<script type=\"application\/ld+json\" class=\"yoast-schema-graph\">{\"@context\":\"https:\\\/\\\/schema.org\",\"@graph\":[{\"@type\":\"WebPage\",\"@id\":\"https:\\\/\\\/jalkistuotteet.com\\\/tuote\\\/pihkis-pihka-pikioljyvoide\\\/\",\"url\":\"https:\\\/\\\/jalkistuotteet.com\\\/tuote\\\/pihkis-pihka-pikioljyvoide\\\/\",\"name\":\"Pihkis pihka-piki\u00f6ljyvoide &#8212; Jalkis verkkokauppa\",\"isPartOf\":{\"@id\":\"https:\\\/\\\/jalkistuotteet.com\\\/#website\"},\"primaryImageOfPage\":{\"@id\":\"https:\\\/\\\/jalkistuotteet.com\\\/tuote\\\/pihkis-pihka-pikioljyvoide\\\/#primaryimage\"},\"image\":{\"@id\":\"https:\\\/\\\/jalkistuotteet.com\\\/tuote\\\/pihkis-pihka-pikioljyvoide\\\/#primaryimage\"},\"thumbnailUrl\":\"https:\\\/\\\/jalkistuotteet.com\\\/wp-content\\\/uploads\\\/2023\\\/08\\\/Pihka-pikioljyvoide-purkit_webshop-new.-2jpg.jpg\",\"datePublished\":\"2022-07-28T10:30:57+00:00\",\"dateModified\":\"2024-11-06T11:39:19+00:00\",\"breadcrumb\":{\"@id\":\"https:\\\/\\\/jalkistuotteet.com\\\/tuote\\\/pihkis-pihka-pikioljyvoide\\\/#breadcrumb\"},\"inLanguage\":\"sv-SE\",\"potentialAction\":[{\"@type\":\"ReadAction\",\"target\":[\"https:\\\/\\\/jalkistuotteet.com\\\/tuote\\\/pihkis-pihka-pikioljyvoide\\\/\"]}]},{\"@type\":\"ImageObject\",\"inLanguage\":\"sv-SE\",\"@id\":\"https:\\\/\\\/jalkistuotteet.com\\\/tuote\\\/pihkis-pihka-pikioljyvoide\\\/#primaryimage\",\"url\":\"https:\\\/\\\/jalkistuotteet.com\\\/wp-content\\\/uploads\\\/2023\\\/08\\\/Pihka-pikioljyvoide-purkit_webshop-new.-2jpg.jpg\",\"contentUrl\":\"https:\\\/\\\/jalkistuotteet.com\\\/wp-content\\\/uploads\\\/2023\\\/08\\\/Pihka-pikioljyvoide-purkit_webshop-new.-2jpg.jpg\",\"width\":900,\"height\":900},{\"@type\":\"BreadcrumbList\",\"@id\":\"https:\\\/\\\/jalkistuotteet.com\\\/tuote\\\/pihkis-pihka-pikioljyvoide\\\/#breadcrumb\",\"itemListElement\":[{\"@type\":\"ListItem\",\"position\":1,\"name\":\"Etusivu\",\"item\":\"https:\\\/\\\/jalkistuotteet.com\\\/\"},{\"@type\":\"ListItem\",\"position\":2,\"name\":\"Verkkokauppa\",\"item\":\"https:\\\/\\\/jalkistuotteet.com\\\/kauppa-2\\\/\"},{\"@type\":\"ListItem\",\"position\":3,\"name\":\"Pihkis pihka-piki\u00f6ljyvoide\"}]},{\"@type\":\"WebSite\",\"@id\":\"https:\\\/\\\/jalkistuotteet.com\\\/#website\",\"url\":\"https:\\\/\\\/jalkistuotteet.com\\\/\",\"name\":\"Jalkis verkkokauppa\",\"description\":\"\",\"publisher\":{\"@id\":\"https:\\\/\\\/jalkistuotteet.com\\\/#organization\"},\"potentialAction\":[{\"@type\":\"SearchAction\",\"target\":{\"@type\":\"EntryPoint\",\"urlTemplate\":\"https:\\\/\\\/jalkistuotteet.com\\\/?s={search_term_string}\"},\"query-input\":{\"@type\":\"PropertyValueSpecification\",\"valueRequired\":true,\"valueName\":\"search_term_string\"}}],\"inLanguage\":\"sv-SE\"},{\"@type\":\"Organization\",\"@id\":\"https:\\\/\\\/jalkistuotteet.com\\\/#organization\",\"name\":\"Jalkis Oy\",\"url\":\"https:\\\/\\\/jalkistuotteet.com\\\/\",\"logo\":{\"@type\":\"ImageObject\",\"inLanguage\":\"sv-SE\",\"@id\":\"https:\\\/\\\/jalkistuotteet.com\\\/#\\\/schema\\\/logo\\\/image\\\/\",\"url\":\"https:\\\/\\\/jalkistuotteet.com\\\/wp-content\\\/uploads\\\/2023\\\/09\\\/jalkis-tunnuskuvake.png\",\"contentUrl\":\"https:\\\/\\\/jalkistuotteet.com\\\/wp-content\\\/uploads\\\/2023\\\/09\\\/jalkis-tunnuskuvake.png\",\"width\":512,\"height\":512,\"caption\":\"Jalkis Oy\"},\"image\":{\"@id\":\"https:\\\/\\\/jalkistuotteet.com\\\/#\\\/schema\\\/logo\\\/image\\\/\"},\"sameAs\":[\"https:\\\/\\\/www.facebook.com\\\/jalkistuotteet\"]}]}<\/script>\n<!-- \/ Yoast SEO plugin. -->","yoast_head_json":{"title":"Pihkis pihka-piki\u00f6ljyvoide &#8212; Jalkis verkkokauppa","robots":{"index":"index","follow":"follow","max-snippet":"max-snippet:-1","max-image-preview":"max-image-preview:large","max-video-preview":"max-video-preview:-1"},"canonical":"https:\/\/jalkistuotteet.com\/sv\/produkt\/pihkis-pihka-pikioljyvoide\/","og_locale":"sv_SE","og_type":"article","og_title":"Pihkis pihka-piki\u00f6ljyvoide &#8212; Jalkis verkkokauppa","og_description":"Koko perheen yleisvoide, josta on avuksi moneen vaivaan. Pihka nopeuttaa haavojen parantumista ja v\u00e4hent\u00e4\u00e4 tulehdusta. Pihkan hoitavien ominaisuuksien vuoksi voide soveltuu proriasis- ja atooppisen ihottuman hoitoon. Voiteella saat avun halkeilevalle iholle ja kantap\u00e4iden kovettumiin. Voide hoitaa diabeetikon haavat tehokkaasti. Voiteessa k\u00e4ytetty piki\u00f6ljy puolestaan toimii luonnollisena hyttysten karkottajana ja auttaa hy\u00f6nteisten puremien aiheuttamassa kutinassa. Voidetta voi k\u00e4ytt\u00e4\u00e4 my\u00f6s el\u00e4imille.  Tuote ei sis\u00e4ll\u00e4 keinotekoisia haju-, v\u00e4ri- tai s\u00e4il\u00f6nt\u00e4aineita.  Pakkauskoko: 50 ja 140 ml  Voide ei sovellu hartsiyliherkille.","og_url":"https:\/\/jalkistuotteet.com\/sv\/produkt\/pihkis-pihka-pikioljyvoide\/","og_site_name":"Jalkis verkkokauppa","article_publisher":"https:\/\/www.facebook.com\/jalkistuotteet","article_modified_time":"2024-11-06T11:39:19+00:00","og_image":[{"width":900,"height":900,"url":"https:\/\/jalkistuotteet.com\/wp-content\/uploads\/2023\/08\/Pihka-pikioljyvoide-purkit_webshop-new.-2jpg.jpg","type":"image\/jpeg"}],"twitter_card":"summary_large_image","twitter_misc":{"Ber\u00e4knad l\u00e4stid":"1 minut"},"schema":{"@context":"https:\/\/schema.org","@graph":[{"@type":"WebPage","@id":"https:\/\/jalkistuotteet.com\/tuote\/pihkis-pihka-pikioljyvoide\/","url":"https:\/\/jalkistuotteet.com\/tuote\/pihkis-pihka-pikioljyvoide\/","name":"Pihkis pihka-piki\u00f6ljyvoide &#8212; Jalkis verkkokauppa","isPartOf":{"@id":"https:\/\/jalkistuotteet.com\/#website"},"primaryImageOfPage":{"@id":"https:\/\/jalkistuotteet.com\/tuote\/pihkis-pihka-pikioljyvoide\/#primaryimage"},"image":{"@id":"https:\/\/jalkistuotteet.com\/tuote\/pihkis-pihka-pikioljyvoide\/#primaryimage"},"thumbnailUrl":"https:\/\/jalkistuotteet.com\/wp-content\/uploads\/2023\/08\/Pihka-pikioljyvoide-purkit_webshop-new.-2jpg.jpg","datePublished":"2022-07-28T10:30:57+00:00","dateModified":"2024-11-06T11:39:19+00:00","breadcrumb":{"@id":"https:\/\/jalkistuotteet.com\/tuote\/pihkis-pihka-pikioljyvoide\/#breadcrumb"},"inLanguage":"sv-SE","potentialAction":[{"@type":"ReadAction","target":["https:\/\/jalkistuotteet.com\/tuote\/pihkis-pihka-pikioljyvoide\/"]}]},{"@type":"ImageObject","inLanguage":"sv-SE","@id":"https:\/\/jalkistuotteet.com\/tuote\/pihkis-pihka-pikioljyvoide\/#primaryimage","url":"https:\/\/jalkistuotteet.com\/wp-content\/uploads\/2023\/08\/Pihka-pikioljyvoide-purkit_webshop-new.-2jpg.jpg","contentUrl":"https:\/\/jalkistuotteet.com\/wp-content\/uploads\/2023\/08\/Pihka-pikioljyvoide-purkit_webshop-new.-2jpg.jpg","width":900,"height":900},{"@type":"BreadcrumbList","@id":"https:\/\/jalkistuotteet.com\/tuote\/pihkis-pihka-pikioljyvoide\/#breadcrumb","itemListElement":[{"@type":"ListItem","position":1,"name":"Etusivu","item":"https:\/\/jalkistuotteet.com\/"},{"@type":"ListItem","position":2,"name":"Verkkokauppa","item":"https:\/\/jalkistuotteet.com\/kauppa-2\/"},{"@type":"ListItem","position":3,"name":"Pihkis pihka-piki\u00f6ljyvoide"}]},{"@type":"WebSite","@id":"https:\/\/jalkistuotteet.com\/#website","url":"https:\/\/jalkistuotteet.com\/","name":"Jalkis verkkokauppa","description":"","publisher":{"@id":"https:\/\/jalkistuotteet.com\/#organization"},"potentialAction":[{"@type":"SearchAction","target":{"@type":"EntryPoint","urlTemplate":"https:\/\/jalkistuotteet.com\/?s={search_term_string}"},"query-input":{"@type":"PropertyValueSpecification","valueRequired":true,"valueName":"search_term_string"}}],"inLanguage":"sv-SE"},{"@type":"Organization","@id":"https:\/\/jalkistuotteet.com\/#organization","name":"Jalkis Oy","url":"https:\/\/jalkistuotteet.com\/","logo":{"@type":"ImageObject","inLanguage":"sv-SE","@id":"https:\/\/jalkistuotteet.com\/#\/schema\/logo\/image\/","url":"https:\/\/jalkistuotteet.com\/wp-content\/uploads\/2023\/09\/jalkis-tunnuskuvake.png","contentUrl":"https:\/\/jalkistuotteet.com\/wp-content\/uploads\/2023\/09\/jalkis-tunnuskuvake.png","width":512,"height":512,"caption":"Jalkis Oy"},"image":{"@id":"https:\/\/jalkistuotteet.com\/#\/schema\/logo\/image\/"},"sameAs":["https:\/\/www.facebook.com\/jalkistuotteet"]}]}},"_links":{"self":[{"href":"https:\/\/jalkistuotteet.com\/sv\/wp-json\/wp\/v2\/product\/95","targetHints":{"allow":["GET"]}}],"collection":[{"href":"https:\/\/jalkistuotteet.com\/sv\/wp-json\/wp\/v2\/product"}],"about":[{"href":"https:\/\/jalkistuotteet.com\/sv\/wp-json\/wp\/v2\/types\/product"}],"wp:featuredmedia":[{"embeddable":true,"href":"https:\/\/jalkistuotteet.com\/sv\/wp-json\/wp\/v2\/media\/772"}],"wp:attachment":[{"href":"https:\/\/jalkistuotteet.com\/sv\/wp-json\/wp\/v2\/media?parent=95"}],"wp:term":[{"taxonomy":"product_brand","embeddable":true,"href":"https:\/\/jalkistuotteet.com\/sv\/wp-json\/wp\/v2\/product_brand?post=95"},{"taxonomy":"product_cat","embeddable":true,"href":"https:\/\/jalkistuotteet.com\/sv\/wp-json\/wp\/v2\/product_cat?post=95"},{"taxonomy":"product_tag","embeddable":true,"href":"https:\/\/jalkistuotteet.com\/sv\/wp-json\/wp\/v2\/product_tag?post=95"}],"curies":[{"name":"wp","href":"https:\/\/api.w.org\/{rel}","templated":true}]}}